{"id":928,"date":"2023-01-22T22:42:33","date_gmt":"2023-01-23T04:42:33","guid":{"rendered":"https:\/\/executivecoach.com.mx\/?page_id=928"},"modified":"2026-03-30T15:16:46","modified_gmt":"2026-03-30T21:16:46","slug":"coaching-de-equipos","status":"publish","type":"page","link":"https:\/\/executivecoach.com.mx\/en\/coaching-de-equipos\/","title":{"rendered":"Coaching de Equipos de Alto Desempe\u00f1o"},"content":{"rendered":"<div data-elementor-type=\"wp-page\" data-elementor-id=\"928\" class=\"elementor elementor-928\">\n\t\t\t\t\t\t<section class=\"elementor-section elementor-top-section elementor-element elementor-element-667f728 elementor-section-boxed elementor-section-height-default elementor-section-height-default\" data-id=\"667f728\" data-element_type=\"section\" data-e-type=\"section\">\n\t\t\t\t\t\t<div class=\"elementor-container elementor-column-gap-default\">\n\t\t\t\t\t<div class=\"elementor-column elementor-col-100 elementor-top-column elementor-element elementor-element-c22f0bf\" data-id=\"c22f0bf\" data-element_type=\"column\" data-e-type=\"column\">\n\t\t\t<div class=\"elementor-widget-wrap elementor-element-populated\">\n\t\t\t\t\t\t<div class=\"elementor-element elementor-element-f6b7e54 elementor-widget elementor-widget-heading\" data-id=\"f6b7e54\" data-element_type=\"widget\" data-e-type=\"widget\" data-widget_type=\"heading.default\">\n\t\t\t\t<div class=\"elementor-widget-container\">\n\t\t\t\t\t<h2 class=\"elementor-heading-title elementor-size-default\">Coaching de Equipos de Alto Desempe\u00f1o<\/h2>\t\t\t\t<\/div>\n\t\t\t\t<\/div>\n\t\t\t\t<div class=\"elementor-element elementor-element-1d0d1fd elementor-widget-divider--view-line elementor-widget elementor-widget-divider\" data-id=\"1d0d1fd\" data-element_type=\"widget\" data-e-type=\"widget\" data-widget_type=\"divider.default\">\n\t\t\t\t<div class=\"elementor-widget-container\">\n\t\t\t\t\t\t\t<div class=\"elementor-divider\">\n\t\t\t<span class=\"elementor-divider-separator\">\n\t\t\t\t\t\t<\/span>\n\t\t<\/div>\n\t\t\t\t\t\t<\/div>\n\t\t\t\t<\/div>\n\t\t\t\t\t<\/div>\n\t\t<\/div>\n\t\t\t\t\t<\/div>\n\t\t<\/section>\n\t\t\t\t<section class=\"elementor-section elementor-top-section elementor-element elementor-element-1b0374a elementor-section-stretched elementor-section-boxed elementor-section-height-default elementor-section-height-default\" data-id=\"1b0374a\" data-element_type=\"section\" data-e-type=\"section\" data-settings=\"{&quot;stretch_section&quot;:&quot;section-stretched&quot;}\">\n\t\t\t\t\t\t<div class=\"elementor-container elementor-column-gap-default\">\n\t\t\t\t\t<div class=\"elementor-column elementor-col-33 elementor-top-column elementor-element elementor-element-6313e59\" data-id=\"6313e59\" data-element_type=\"column\" data-e-type=\"column\">\n\t\t\t<div class=\"elementor-widget-wrap elementor-element-populated\">\n\t\t\t\t\t\t<div class=\"elementor-element elementor-element-8b245a9 elementor-widget elementor-widget-image\" data-id=\"8b245a9\" data-element_type=\"widget\" data-e-type=\"widget\" data-widget_type=\"image.default\">\n\t\t\t\t<div class=\"elementor-widget-container\">\n\t\t\t\t\t\t\t\t\t\t\t\t\t\t\t<img fetchpriority=\"high\" decoding=\"async\" width=\"683\" height=\"1024\" src=\"https:\/\/executivecoach.com.mx\/wp-content\/uploads\/2023\/01\/krakenimages-Y5bvRlcCx8k-unsplash-683x1024.jpg\" class=\"attachment-large size-large wp-image-933\" alt=\"Team Performance\" srcset=\"https:\/\/executivecoach.com.mx\/wp-content\/uploads\/2023\/01\/krakenimages-Y5bvRlcCx8k-unsplash-683x1024.jpg 683w, https:\/\/executivecoach.com.mx\/wp-content\/uploads\/2023\/01\/krakenimages-Y5bvRlcCx8k-unsplash-200x300.jpg 200w, https:\/\/executivecoach.com.mx\/wp-content\/uploads\/2023\/01\/krakenimages-Y5bvRlcCx8k-unsplash-768x1152.jpg 768w, https:\/\/executivecoach.com.mx\/wp-content\/uploads\/2023\/01\/krakenimages-Y5bvRlcCx8k-unsplash-1024x1536.jpg 1024w, https:\/\/executivecoach.com.mx\/wp-content\/uploads\/2023\/01\/krakenimages-Y5bvRlcCx8k-unsplash-1365x2048.jpg 1365w, https:\/\/executivecoach.com.mx\/wp-content\/uploads\/2023\/01\/krakenimages-Y5bvRlcCx8k-unsplash-8x12.jpg 8w, https:\/\/executivecoach.com.mx\/wp-content\/uploads\/2023\/01\/krakenimages-Y5bvRlcCx8k-unsplash-1568x2352.jpg 1568w, https:\/\/executivecoach.com.mx\/wp-content\/uploads\/2023\/01\/krakenimages-Y5bvRlcCx8k-unsplash-scaled.jpg 1707w\" sizes=\"(max-width: 683px) 100vw, 683px\" \/>\t\t\t\t\t\t\t\t\t\t\t\t\t\t\t<\/div>\n\t\t\t\t<\/div>\n\t\t\t\t\t<\/div>\n\t\t<\/div>\n\t\t\t\t<div class=\"elementor-column elementor-col-66 elementor-top-column elementor-element elementor-element-1408ac8\" data-id=\"1408ac8\" data-element_type=\"column\" data-e-type=\"column\">\n\t\t\t<div class=\"elementor-widget-wrap elementor-element-populated\">\n\t\t\t\t\t\t<div class=\"elementor-element elementor-element-c989d82 elementor-widget elementor-widget-text-editor\" data-id=\"c989d82\" data-element_type=\"widget\" data-e-type=\"widget\" data-widget_type=\"text-editor.default\">\n\t\t\t\t<div class=\"elementor-widget-container\">\n\t\t\t\t\t\t\t\t\t<p>El programa de coaching de equipos est\u00e1 dise\u00f1ado para ayudar a tus equipos a crear una <strong>culture of high performance<\/strong>, mejorar el ambiente de trabajo, incrementar el compromiso de todo el equipo para generar m\u00e1s alto valor para la organizaci\u00f3n.<\/p><p><strong>The observable improvements through the process include, among others:<\/strong><\/p><ul><li>Better and faster decision-making<\/li><li>Clearer focus on team tasks<\/li><li>Increased collaboration among team members and with other teams<\/li><li>Improved relationships among team members<\/li><\/ul><p><br \/><strong>The program consists of the following steps with approximate durations:\u00a0<\/strong><\/p><ol><li>Initial meeting with team leaders (1 week)<\/li><li><span style=\"font-weight: var( --e-global-typography-text-font-weight ); background-color: var(--nv-site-bg); font-family: var(--bodyfontfamily),var(--nv-fallback-ff); font-size: var(--bodyfontsize); letter-spacing: var(--bodyletterspacing); text-transform: var(--bodytexttransform);\">Team assessment via electronic test (2 weeks)<\/span><\/li><li><span style=\"font-weight: var( --e-global-typography-text-font-weight ); background-color: var(--nv-site-bg); font-family: var(--bodyfontfamily),var(--nv-fallback-ff); font-size: var(--bodyfontsize); letter-spacing: var(--bodyletterspacing); text-transform: var(--bodytexttransform);\">Design and approval of action plan (1 week)<\/span><\/li><li>Team Coaching, duration is variable (6 months)<\/li><li>Progress review and adjustment, new agreements (2 weeks)<\/li><\/ol>\t\t\t\t\t\t\t\t<\/div>\n\t\t\t\t<\/div>\n\t\t\t\t\t<\/div>\n\t\t<\/div>\n\t\t\t\t\t<\/div>\n\t\t<\/section>\n\t\t\t\t<section class=\"elementor-section elementor-top-section elementor-element elementor-element-4c0ac8e elementor-section-stretched elementor-section-boxed elementor-section-height-default elementor-section-height-default\" data-id=\"4c0ac8e\" data-element_type=\"section\" data-e-type=\"section\" data-settings=\"{&quot;stretch_section&quot;:&quot;section-stretched&quot;}\">\n\t\t\t\t\t\t<div class=\"elementor-container elementor-column-gap-default\">\n\t\t\t\t\t<div class=\"elementor-column elementor-col-100 elementor-top-column elementor-element elementor-element-f645d83\" data-id=\"f645d83\" data-element_type=\"column\" data-e-type=\"column\">\n\t\t\t<div class=\"elementor-widget-wrap elementor-element-populated\">\n\t\t\t\t\t\t<div class=\"elementor-element elementor-element-876df47 elementor-widget-divider--view-line elementor-widget elementor-widget-divider\" data-id=\"876df47\" data-element_type=\"widget\" data-e-type=\"widget\" data-widget_type=\"divider.default\">\n\t\t\t\t<div class=\"elementor-widget-container\">\n\t\t\t\t\t\t\t<div class=\"elementor-divider\">\n\t\t\t<span class=\"elementor-divider-separator\">\n\t\t\t\t\t\t<\/span>\n\t\t<\/div>\n\t\t\t\t\t\t<\/div>\n\t\t\t\t<\/div>\n\t\t\t\t<div class=\"elementor-element elementor-element-e186d98 elementor-widget elementor-widget-text-editor\" data-id=\"e186d98\" data-element_type=\"widget\" data-e-type=\"widget\" data-widget_type=\"text-editor.default\">\n\t\t\t\t<div class=\"elementor-widget-container\">\n\t\t\t\t\t\t\t\t\t<p style=\"text-align: center;\"><span class=\"NormalTextRun SCXW85091522 BCX0\">Schedule an <\/span><span class=\"NormalTextRun SCXW85091522 BCX0\">initial assessment<\/span><\/p>\t\t\t\t\t\t\t\t<\/div>\n\t\t\t\t<\/div>\n\t\t\t\t<div class=\"elementor-element elementor-element-a81ac32 elementor-align-center elementor-widget elementor-widget-button\" data-id=\"a81ac32\" data-element_type=\"widget\" data-e-type=\"widget\" data-widget_type=\"button.default\">\n\t\t\t\t<div class=\"elementor-widget-container\">\n\t\t\t\t\t\t\t\t\t<div class=\"elementor-button-wrapper\">\n\t\t\t\t\t<a class=\"elementor-button elementor-button-link elementor-size-md elementor-animation-grow\" href=\"https:\/\/api.whatsapp.com\/send?phone=5215619951639\">\n\t\t\t\t\t\t<span class=\"elementor-button-content-wrapper\">\n\t\t\t\t\t\t\t\t\t<span class=\"elementor-button-text\">Schedule<\/span>\n\t\t\t\t\t<\/span>\n\t\t\t\t\t<\/a>\n\t\t\t\t<\/div>\n\t\t\t\t\t\t\t\t<\/div>\n\t\t\t\t<\/div>\n\t\t\t\t\t<\/div>\n\t\t<\/div>\n\t\t\t\t\t<\/div>\n\t\t<\/section>\n\t\t\t\t<\/div>","protected":false},"excerpt":{"rendered":"<p>Coaching de Equipos de Alto Desempe\u00f1o El programa de coaching de equipos est\u00e1 dise\u00f1ado para ayudar a tus equipos a crear una cultura de alto nivel de desempe\u00f1o, mejorar el ambiente de trabajo, incrementar el compromiso de todo el equipo para generar m\u00e1s alto valor para la organizaci\u00f3n. Las mejoras observables a trav\u00e9s del proceso&hellip;&nbsp;<a href=\"https:\/\/executivecoach.com.mx\/en\/coaching-de-equipos\/\" rel=\"bookmark\">Read More &raquo;<span class=\"screen-reader-text\">Coaching de Equipos de Alto Desempe\u00f1o<\/span><\/a><\/p>","protected":false},"author":1,"featured_media":0,"parent":0,"menu_order":0,"comment_status":"closed","ping_status":"closed","template":"elementor_header_footer","meta":{"content-type":"","neve_meta_sidebar":"","neve_meta_container":"","neve_meta_enable_content_width":"","neve_meta_content_width":0,"neve_meta_title_alignment":"","neve_meta_author_avatar":"","neve_post_elements_order":"","neve_meta_disable_header":"","neve_meta_disable_footer":"","neve_meta_disable_title":"","footnotes":""},"class_list":["post-928","page","type-page","status-publish","hentry"],"yoast_head":"<!-- This site is optimized with the Yoast SEO plugin v27.4 - https:\/\/yoast.com\/product\/yoast-seo-wordpress\/ -->\n<title>Equipos o Grupos de Trabajo con alto desempe\u00f1o<\/title>\n<meta name=\"description\" content=\"Equipos o Grupos de Trabajo con alto desempe\u00f1o. Los equipos de trabajo mejorar\u00e1n su nivel de desempe\u00f1o, con un mejor ambiente y compromiso.\" \/>\n<meta name=\"robots\" content=\"index, follow, max-snippet:-1, max-image-preview:large, max-video-preview:-1\" \/>\n<link rel=\"canonical\" href=\"https:\/\/executivecoach.com.mx\/en\/coaching-de-equipos\/\" \/>\n<meta property=\"og:locale\" content=\"en_US\" \/>\n<meta property=\"og:type\" content=\"article\" \/>\n<meta property=\"og:title\" content=\"Equipos o Grupos de Trabajo con alto desempe\u00f1o\" \/>\n<meta property=\"og:description\" content=\"Equipos o Grupos de Trabajo con alto desempe\u00f1o. Los equipos de trabajo mejorar\u00e1n su nivel de desempe\u00f1o, con un mejor ambiente y compromiso.\" \/>\n<meta property=\"og:url\" content=\"https:\/\/executivecoach.com.mx\/en\/coaching-de-equipos\/\" \/>\n<meta property=\"og:site_name\" content=\"Executive Coach\" \/>\n<meta property=\"article:modified_time\" content=\"2026-03-30T21:16:46+00:00\" \/>\n<meta property=\"og:image\" content=\"https:\/\/executivecoach.com.mx\/wp-content\/uploads\/2023\/01\/krakenimages-Y5bvRlcCx8k-unsplash-scaled.jpg\" \/>\n\t<meta property=\"og:image:width\" content=\"1707\" \/>\n\t<meta property=\"og:image:height\" content=\"2560\" \/>\n\t<meta property=\"og:image:type\" content=\"image\/jpeg\" \/>\n<meta name=\"twitter:card\" content=\"summary_large_image\" \/>\n<meta name=\"twitter:label1\" content=\"Est. reading time\" \/>\n\t<meta name=\"twitter:data1\" content=\"1 minute\" \/>\n<script type=\"application\/ld+json\" class=\"yoast-schema-graph\">{\"@context\":\"https:\\\/\\\/schema.org\",\"@graph\":[{\"@type\":\"WebPage\",\"@id\":\"https:\\\/\\\/executivecoach.com.mx\\\/coaching-de-equipos\\\/\",\"url\":\"https:\\\/\\\/executivecoach.com.mx\\\/coaching-de-equipos\\\/\",\"name\":\"Equipos o Grupos de Trabajo con alto desempe\u00f1o\",\"isPartOf\":{\"@id\":\"https:\\\/\\\/executivecoach.com.mx\\\/en\\\/#website\"},\"primaryImageOfPage\":{\"@id\":\"https:\\\/\\\/executivecoach.com.mx\\\/coaching-de-equipos\\\/#primaryimage\"},\"image\":{\"@id\":\"https:\\\/\\\/executivecoach.com.mx\\\/coaching-de-equipos\\\/#primaryimage\"},\"thumbnailUrl\":\"https:\\\/\\\/executivecoach.com.mx\\\/wp-content\\\/uploads\\\/2023\\\/01\\\/krakenimages-Y5bvRlcCx8k-unsplash-683x1024.jpg\",\"datePublished\":\"2023-01-23T04:42:33+00:00\",\"dateModified\":\"2026-03-30T21:16:46+00:00\",\"description\":\"Equipos o Grupos de Trabajo con alto desempe\u00f1o. Los equipos de trabajo mejorar\u00e1n su nivel de desempe\u00f1o, con un mejor ambiente y compromiso.\",\"breadcrumb\":{\"@id\":\"https:\\\/\\\/executivecoach.com.mx\\\/coaching-de-equipos\\\/#breadcrumb\"},\"inLanguage\":\"en-US\",\"potentialAction\":[{\"@type\":\"ReadAction\",\"target\":[\"https:\\\/\\\/executivecoach.com.mx\\\/coaching-de-equipos\\\/\"]}]},{\"@type\":\"ImageObject\",\"inLanguage\":\"en-US\",\"@id\":\"https:\\\/\\\/executivecoach.com.mx\\\/coaching-de-equipos\\\/#primaryimage\",\"url\":\"https:\\\/\\\/executivecoach.com.mx\\\/wp-content\\\/uploads\\\/2023\\\/01\\\/krakenimages-Y5bvRlcCx8k-unsplash-683x1024.jpg\",\"contentUrl\":\"https:\\\/\\\/executivecoach.com.mx\\\/wp-content\\\/uploads\\\/2023\\\/01\\\/krakenimages-Y5bvRlcCx8k-unsplash-683x1024.jpg\"},{\"@type\":\"BreadcrumbList\",\"@id\":\"https:\\\/\\\/executivecoach.com.mx\\\/coaching-de-equipos\\\/#breadcrumb\",\"itemListElement\":[{\"@type\":\"ListItem\",\"position\":1,\"name\":\"Portada\",\"item\":\"https:\\\/\\\/executivecoach.com.mx\\\/\"},{\"@type\":\"ListItem\",\"position\":2,\"name\":\"Coaching de Equipos de Alto Desempe\u00f1o\"}]},{\"@type\":\"WebSite\",\"@id\":\"https:\\\/\\\/executivecoach.com.mx\\\/en\\\/#website\",\"url\":\"https:\\\/\\\/executivecoach.com.mx\\\/en\\\/\",\"name\":\"Executive Coach\",\"description\":\"Coach Ejecutivo\",\"publisher\":{\"@id\":\"https:\\\/\\\/executivecoach.com.mx\\\/en\\\/#\\\/schema\\\/person\\\/9cb67327ca9d964fca52b3b6c9ae3391\"},\"potentialAction\":[{\"@type\":\"SearchAction\",\"target\":{\"@type\":\"EntryPoint\",\"urlTemplate\":\"https:\\\/\\\/executivecoach.com.mx\\\/en\\\/?s={search_term_string}\"},\"query-input\":{\"@type\":\"PropertyValueSpecification\",\"valueRequired\":true,\"valueName\":\"search_term_string\"}}],\"inLanguage\":\"en-US\"},{\"@type\":[\"Person\",\"Organization\"],\"@id\":\"https:\\\/\\\/executivecoach.com.mx\\\/en\\\/#\\\/schema\\\/person\\\/9cb67327ca9d964fca52b3b6c9ae3391\",\"name\":\"Salvador Holgu\u00edn\",\"image\":{\"@type\":\"ImageObject\",\"inLanguage\":\"en-US\",\"@id\":\"https:\\\/\\\/executivecoach.com.mx\\\/wp-content\\\/uploads\\\/2022\\\/05\\\/cropped-LogoFinal.png\",\"url\":\"https:\\\/\\\/executivecoach.com.mx\\\/wp-content\\\/uploads\\\/2022\\\/05\\\/cropped-LogoFinal.png\",\"contentUrl\":\"https:\\\/\\\/executivecoach.com.mx\\\/wp-content\\\/uploads\\\/2022\\\/05\\\/cropped-LogoFinal.png\",\"width\":177,\"height\":43,\"caption\":\"Salvador Holgu\u00edn\"},\"logo\":{\"@id\":\"https:\\\/\\\/executivecoach.com.mx\\\/wp-content\\\/uploads\\\/2022\\\/05\\\/cropped-LogoFinal.png\"},\"description\":\"Salvador Holgu\u00edn es un Mental Fitness Coach para Ejecutivas (os) con una gran capacidad para conectar con sus clientes. Salvador, es graduado de Ingenier\u00eda Industrial por el Instituto Tecnol\u00f3gico de Chihuahua y cuenta con experiencias diversas en la industria automotriz, instituciones financieras, y compa\u00f1\u00edas de tecnolog\u00eda. A lo largo de su trayectoria profesional, ha tenido la oportunidad de trabajar en M\u00e9xico y varios otros mercados como Estados Unidos, Europa, y Sudam\u00e9rica. Y por d\u00e9cadas ha servido como ejecutivo de recursos humanos en una de las industrias m\u00e1s desafiantes, la automotriz. Hoy d\u00eda, Salvador est\u00e1 colaborando con varias empresas como socio estrat\u00e9gico y asesor de desarrollo de talento. De los principales intereses de Salvador siempre ha sido el identificar el talento en las personas y ayudarles a maximizar su potencial y contribuciones para la organizaci\u00f3n. En los \u00faltimos a\u00f1os ha lanzado un programa muy exitoso de Coaching para Ejecutivas y Ejecutivos con el objetivo de apoyar a sus clientes a alcanzar la mejor versi\u00f3n de s\u00ed mismos en el \u00e1mbito personal y\\\/o profesional. Salvador vive en M\u00e9xico desde principios del 2021 junto con su familia, es apasionado del futbol soccer y con gustos musicales muy ecl\u00e9cticos.\",\"sameAs\":[\"https:\\\/\\\/executivecoach.com.mx\\\/\",\"https:\\\/\\\/www.linkedin.com\\\/company\\\/holguin-executive-coaching-consulting\\\/\"]}]}<\/script>\n<!-- \/ Yoast SEO plugin. -->","yoast_head_json":{"title":"Equipos o Grupos de Trabajo con alto desempe\u00f1o","description":"Equipos o Grupos de Trabajo con alto desempe\u00f1o. Los equipos de trabajo mejorar\u00e1n su nivel de desempe\u00f1o, con un mejor ambiente y compromiso.","robots":{"index":"index","follow":"follow","max-snippet":"max-snippet:-1","max-image-preview":"max-image-preview:large","max-video-preview":"max-video-preview:-1"},"canonical":"https:\/\/executivecoach.com.mx\/en\/coaching-de-equipos\/","og_locale":"en_US","og_type":"article","og_title":"Equipos o Grupos de Trabajo con alto desempe\u00f1o","og_description":"Equipos o Grupos de Trabajo con alto desempe\u00f1o. Los equipos de trabajo mejorar\u00e1n su nivel de desempe\u00f1o, con un mejor ambiente y compromiso.","og_url":"https:\/\/executivecoach.com.mx\/en\/coaching-de-equipos\/","og_site_name":"Executive Coach","article_modified_time":"2026-03-30T21:16:46+00:00","og_image":[{"width":1707,"height":2560,"url":"https:\/\/executivecoach.com.mx\/wp-content\/uploads\/2023\/01\/krakenimages-Y5bvRlcCx8k-unsplash-scaled.jpg","type":"image\/jpeg"}],"twitter_card":"summary_large_image","twitter_misc":{"Est. reading time":"1 minute"},"schema":{"@context":"https:\/\/schema.org","@graph":[{"@type":"WebPage","@id":"https:\/\/executivecoach.com.mx\/coaching-de-equipos\/","url":"https:\/\/executivecoach.com.mx\/coaching-de-equipos\/","name":"Equipos o Grupos de Trabajo con alto desempe\u00f1o","isPartOf":{"@id":"https:\/\/executivecoach.com.mx\/en\/#website"},"primaryImageOfPage":{"@id":"https:\/\/executivecoach.com.mx\/coaching-de-equipos\/#primaryimage"},"image":{"@id":"https:\/\/executivecoach.com.mx\/coaching-de-equipos\/#primaryimage"},"thumbnailUrl":"https:\/\/executivecoach.com.mx\/wp-content\/uploads\/2023\/01\/krakenimages-Y5bvRlcCx8k-unsplash-683x1024.jpg","datePublished":"2023-01-23T04:42:33+00:00","dateModified":"2026-03-30T21:16:46+00:00","description":"Equipos o Grupos de Trabajo con alto desempe\u00f1o. Los equipos de trabajo mejorar\u00e1n su nivel de desempe\u00f1o, con un mejor ambiente y compromiso.","breadcrumb":{"@id":"https:\/\/executivecoach.com.mx\/coaching-de-equipos\/#breadcrumb"},"inLanguage":"en-US","potentialAction":[{"@type":"ReadAction","target":["https:\/\/executivecoach.com.mx\/coaching-de-equipos\/"]}]},{"@type":"ImageObject","inLanguage":"en-US","@id":"https:\/\/executivecoach.com.mx\/coaching-de-equipos\/#primaryimage","url":"https:\/\/executivecoach.com.mx\/wp-content\/uploads\/2023\/01\/krakenimages-Y5bvRlcCx8k-unsplash-683x1024.jpg","contentUrl":"https:\/\/executivecoach.com.mx\/wp-content\/uploads\/2023\/01\/krakenimages-Y5bvRlcCx8k-unsplash-683x1024.jpg"},{"@type":"BreadcrumbList","@id":"https:\/\/executivecoach.com.mx\/coaching-de-equipos\/#breadcrumb","itemListElement":[{"@type":"ListItem","position":1,"name":"Portada","item":"https:\/\/executivecoach.com.mx\/"},{"@type":"ListItem","position":2,"name":"Coaching de Equipos de Alto Desempe\u00f1o"}]},{"@type":"WebSite","@id":"https:\/\/executivecoach.com.mx\/en\/#website","url":"https:\/\/executivecoach.com.mx\/en\/","name":"Executive Coach","description":"Coach Ejecutivo","publisher":{"@id":"https:\/\/executivecoach.com.mx\/en\/#\/schema\/person\/9cb67327ca9d964fca52b3b6c9ae3391"},"potentialAction":[{"@type":"SearchAction","target":{"@type":"EntryPoint","urlTemplate":"https:\/\/executivecoach.com.mx\/en\/?s={search_term_string}"},"query-input":{"@type":"PropertyValueSpecification","valueRequired":true,"valueName":"search_term_string"}}],"inLanguage":"en-US"},{"@type":["Person","Organization"],"@id":"https:\/\/executivecoach.com.mx\/en\/#\/schema\/person\/9cb67327ca9d964fca52b3b6c9ae3391","name":"Salvador Holgu\u00edn","image":{"@type":"ImageObject","inLanguage":"en-US","@id":"https:\/\/executivecoach.com.mx\/wp-content\/uploads\/2022\/05\/cropped-LogoFinal.png","url":"https:\/\/executivecoach.com.mx\/wp-content\/uploads\/2022\/05\/cropped-LogoFinal.png","contentUrl":"https:\/\/executivecoach.com.mx\/wp-content\/uploads\/2022\/05\/cropped-LogoFinal.png","width":177,"height":43,"caption":"Salvador Holgu\u00edn"},"logo":{"@id":"https:\/\/executivecoach.com.mx\/wp-content\/uploads\/2022\/05\/cropped-LogoFinal.png"},"description":"Salvador Holgu\u00edn es un Mental Fitness Coach para Ejecutivas (os) con una gran capacidad para conectar con sus clientes. Salvador, es graduado de Ingenier\u00eda Industrial por el Instituto Tecnol\u00f3gico de Chihuahua y cuenta con experiencias diversas en la industria automotriz, instituciones financieras, y compa\u00f1\u00edas de tecnolog\u00eda. A lo largo de su trayectoria profesional, ha tenido la oportunidad de trabajar en M\u00e9xico y varios otros mercados como Estados Unidos, Europa, y Sudam\u00e9rica. Y por d\u00e9cadas ha servido como ejecutivo de recursos humanos en una de las industrias m\u00e1s desafiantes, la automotriz. Hoy d\u00eda, Salvador est\u00e1 colaborando con varias empresas como socio estrat\u00e9gico y asesor de desarrollo de talento. De los principales intereses de Salvador siempre ha sido el identificar el talento en las personas y ayudarles a maximizar su potencial y contribuciones para la organizaci\u00f3n. En los \u00faltimos a\u00f1os ha lanzado un programa muy exitoso de Coaching para Ejecutivas y Ejecutivos con el objetivo de apoyar a sus clientes a alcanzar la mejor versi\u00f3n de s\u00ed mismos en el \u00e1mbito personal y\/o profesional. Salvador vive en M\u00e9xico desde principios del 2021 junto con su familia, es apasionado del futbol soccer y con gustos musicales muy ecl\u00e9cticos.","sameAs":["https:\/\/executivecoach.com.mx\/","https:\/\/www.linkedin.com\/company\/holguin-executive-coaching-consulting\/"]}]}},"_links":{"self":[{"href":"https:\/\/executivecoach.com.mx\/en\/wp-json\/wp\/v2\/pages\/928","targetHints":{"allow":["GET"]}}],"collection":[{"href":"https:\/\/executivecoach.com.mx\/en\/wp-json\/wp\/v2\/pages"}],"about":[{"href":"https:\/\/executivecoach.com.mx\/en\/wp-json\/wp\/v2\/types\/page"}],"author":[{"embeddable":true,"href":"https:\/\/executivecoach.com.mx\/en\/wp-json\/wp\/v2\/users\/1"}],"replies":[{"embeddable":true,"href":"https:\/\/executivecoach.com.mx\/en\/wp-json\/wp\/v2\/comments?post=928"}],"version-history":[{"count":3,"href":"https:\/\/executivecoach.com.mx\/en\/wp-json\/wp\/v2\/pages\/928\/revisions"}],"predecessor-version":[{"id":3370,"href":"https:\/\/executivecoach.com.mx\/en\/wp-json\/wp\/v2\/pages\/928\/revisions\/3370"}],"wp:attachment":[{"href":"https:\/\/executivecoach.com.mx\/en\/wp-json\/wp\/v2\/media?parent=928"}],"curies":[{"name":"wp","href":"https:\/\/api.w.org\/{rel}","templated":true}]}}