{"id":48,"date":"2022-04-12T04:47:30","date_gmt":"2022-04-12T04:47:30","guid":{"rendered":"https:\/\/executivecoach.com.mx\/?page_id=48"},"modified":"2026-03-30T15:15:14","modified_gmt":"2026-03-30T21:15:14","slug":"contacto","status":"publish","type":"page","link":"https:\/\/executivecoach.com.mx\/en\/contacto\/","title":{"rendered":"Contact"},"content":{"rendered":"<div data-elementor-type=\"wp-page\" data-elementor-id=\"48\" class=\"elementor elementor-48\">\n\t\t\t\t\t\t<section class=\"elementor-section elementor-top-section elementor-element elementor-element-e75b376 elementor-section-boxed elementor-section-height-default elementor-section-height-default\" data-id=\"e75b376\" data-element_type=\"section\" data-e-type=\"section\">\n\t\t\t\t\t\t<div class=\"elementor-container elementor-column-gap-default\">\n\t\t\t\t\t<div class=\"elementor-column elementor-col-100 elementor-top-column elementor-element elementor-element-0dfb17e\" data-id=\"0dfb17e\" data-element_type=\"column\" data-e-type=\"column\">\n\t\t\t<div class=\"elementor-widget-wrap elementor-element-populated\">\n\t\t\t\t\t\t<div class=\"elementor-element elementor-element-2a722ed elementor-widget elementor-widget-heading\" data-id=\"2a722ed\" data-element_type=\"widget\" data-e-type=\"widget\" data-widget_type=\"heading.default\">\n\t\t\t\t<div class=\"elementor-widget-container\">\n\t\t\t\t\t<h2 class=\"elementor-heading-title elementor-size-default\">Contact Salvador<\/h2>\t\t\t\t<\/div>\n\t\t\t\t<\/div>\n\t\t\t\t<div class=\"elementor-element elementor-element-1ff28a8 elementor-widget-divider--view-line elementor-widget elementor-widget-divider\" data-id=\"1ff28a8\" data-element_type=\"widget\" data-e-type=\"widget\" data-widget_type=\"divider.default\">\n\t\t\t\t<div class=\"elementor-widget-container\">\n\t\t\t\t\t\t\t<div class=\"elementor-divider\">\n\t\t\t<span class=\"elementor-divider-separator\">\n\t\t\t\t\t\t<\/span>\n\t\t<\/div>\n\t\t\t\t\t\t<\/div>\n\t\t\t\t<\/div>\n\t\t\t\t\t<\/div>\n\t\t<\/div>\n\t\t\t\t\t<\/div>\n\t\t<\/section>\n\t\t\t\t<section class=\"elementor-section elementor-top-section elementor-element elementor-element-2e519f0 elementor-section-stretched elementor-section-boxed elementor-section-height-default elementor-section-height-default\" data-id=\"2e519f0\" data-element_type=\"section\" data-e-type=\"section\" data-settings=\"{&quot;stretch_section&quot;:&quot;section-stretched&quot;}\">\n\t\t\t\t\t\t<div class=\"elementor-container elementor-column-gap-default\">\n\t\t\t\t\t<div class=\"elementor-column elementor-col-100 elementor-top-column elementor-element elementor-element-71af346\" data-id=\"71af346\" data-element_type=\"column\" data-e-type=\"column\">\n\t\t\t<div class=\"elementor-widget-wrap elementor-element-populated\">\n\t\t\t\t\t\t<div class=\"elementor-element elementor-element-b03ecde elementor-widget__width-initial elementor-widget-mobile__width-initial elementor-widget elementor-widget-text-editor\" data-id=\"b03ecde\" data-element_type=\"widget\" data-e-type=\"widget\" data-widget_type=\"text-editor.default\">\n\t\t\t\t<div class=\"elementor-widget-container\">\n\t\t\t\t\t\t\t\t\t<p>Explora Coaching 1:1, Coaching de Equipos o estrategias de liderazgo.<\/p>\t\t\t\t\t\t\t\t<\/div>\n\t\t\t\t<\/div>\n\t\t\t\t<div class=\"elementor-element elementor-element-7a6c766 elementor-button-info elementor-align-center elementor-widget elementor-widget-button\" data-id=\"7a6c766\" data-element_type=\"widget\" data-e-type=\"widget\" data-widget_type=\"button.default\">\n\t\t\t\t<div class=\"elementor-widget-container\">\n\t\t\t\t\t\t\t\t\t<div class=\"elementor-button-wrapper\">\n\t\t\t\t\t<a class=\"elementor-button elementor-button-link elementor-size-md elementor-animation-grow\" href=\"https:\/\/api.whatsapp.com\/send?phone=5215619951639\">\n\t\t\t\t\t\t<span class=\"elementor-button-content-wrapper\">\n\t\t\t\t\t\t\t\t\t<span class=\"elementor-button-text\">Schedule a session<\/span>\n\t\t\t\t\t<\/span>\n\t\t\t\t\t<\/a>\n\t\t\t\t<\/div>\n\t\t\t\t\t\t\t\t<\/div>\n\t\t\t\t<\/div>\n\t\t\t\t<div class=\"elementor-element elementor-element-29ae694 elementor-widget elementor-widget-heading\" data-id=\"29ae694\" data-element_type=\"widget\" data-e-type=\"widget\" data-widget_type=\"heading.default\">\n\t\t\t\t<div class=\"elementor-widget-container\">\n\t\t\t\t\t<h2 class=\"elementor-heading-title elementor-size-default\">\u00bfPrefieres escribir directamente?<\/h2>\t\t\t\t<\/div>\n\t\t\t\t<\/div>\n\t\t\t\t<div class=\"elementor-element elementor-element-e62a335 elementor-widget__width-initial elementor-widget-mobile__width-initial elementor-widget elementor-widget-text-editor\" data-id=\"e62a335\" data-element_type=\"widget\" data-e-type=\"widget\" data-widget_type=\"text-editor.default\">\n\t\t\t\t<div class=\"elementor-widget-container\">\n\t\t\t\t\t\t\t\t\t<p>Llena el siguiente formulario y me pondr\u00e9 en contacto contigo pronto.<\/p>\t\t\t\t\t\t\t\t<\/div>\n\t\t\t\t<\/div>\n\t\t\t\t<div class=\"elementor-element elementor-element-badca0e elementor-widget elementor-widget-shortcode\" data-id=\"badca0e\" data-element_type=\"widget\" data-e-type=\"widget\" data-widget_type=\"shortcode.default\">\n\t\t\t\t<div class=\"elementor-widget-container\">\n\t\t\t\t\t\t\t<div class=\"elementor-shortcode\">                <div class=\"ml-embedded\" data-form=\"2f7abh\"><\/div>\n            <\/div>\n\t\t\t\t\t\t<\/div>\n\t\t\t\t<\/div>\n\t\t\t\t<div class=\"elementor-element elementor-element-74b1e01 elementor-widget-divider--view-line elementor-widget elementor-widget-divider\" data-id=\"74b1e01\" data-element_type=\"widget\" data-e-type=\"widget\" data-widget_type=\"divider.default\">\n\t\t\t\t<div class=\"elementor-widget-container\">\n\t\t\t\t\t\t\t<div class=\"elementor-divider\">\n\t\t\t<span class=\"elementor-divider-separator\">\n\t\t\t\t\t\t<\/span>\n\t\t<\/div>\n\t\t\t\t\t\t<\/div>\n\t\t\t\t<\/div>\n\t\t\t\t<div class=\"elementor-element elementor-element-809373f elementor-shape-circle elementor-grid-0 e-grid-align-center elementor-widget elementor-widget-social-icons\" data-id=\"809373f\" data-element_type=\"widget\" data-e-type=\"widget\" data-widget_type=\"social-icons.default\">\n\t\t\t\t<div class=\"elementor-widget-container\">\n\t\t\t\t\t\t\t<div class=\"elementor-social-icons-wrapper elementor-grid\" role=\"list\">\n\t\t\t\t\t\t\t<span class=\"elementor-grid-item\" role=\"listitem\">\n\t\t\t\t\t<a class=\"elementor-icon elementor-social-icon elementor-social-icon-linkedin elementor-repeater-item-e1e9d0b\" href=\"https:\/\/www.linkedin.com\/in\/salvadorholguincoach\" target=\"_blank\">\n\t\t\t\t\t\t<span class=\"elementor-screen-only\">Linkedin<\/span>\n\t\t\t\t\t\t<i aria-hidden=\"true\" class=\"fab fa-linkedin\"><\/i>\t\t\t\t\t<\/a>\n\t\t\t\t<\/span>\n\t\t\t\t\t\t\t<span class=\"elementor-grid-item\" role=\"listitem\">\n\t\t\t\t\t<a class=\"elementor-icon elementor-social-icon elementor-social-icon-instagram elementor-repeater-item-4ac8861\" href=\"https:\/\/www.instagram.com\/executivecoachmx\/\" target=\"_blank\">\n\t\t\t\t\t\t<span class=\"elementor-screen-only\">Instagram<\/span>\n\t\t\t\t\t\t<i aria-hidden=\"true\" class=\"fab fa-instagram\"><\/i>\t\t\t\t\t<\/a>\n\t\t\t\t<\/span>\n\t\t\t\t\t\t\t<span class=\"elementor-grid-item\" role=\"listitem\">\n\t\t\t\t\t<a class=\"elementor-icon elementor-social-icon elementor-social-icon-facebook elementor-repeater-item-14dc9ea\" href=\"https:\/\/www.facebook.com\/salvadorholguincoach\" target=\"_blank\">\n\t\t\t\t\t\t<span class=\"elementor-screen-only\">Facebook<\/span>\n\t\t\t\t\t\t<i aria-hidden=\"true\" class=\"fab fa-facebook\"><\/i>\t\t\t\t\t<\/a>\n\t\t\t\t<\/span>\n\t\t\t\t\t\t\t<span class=\"elementor-grid-item\" role=\"listitem\">\n\t\t\t\t\t<a class=\"elementor-icon elementor-social-icon elementor-social-icon-pinterest elementor-repeater-item-cab5cde\" href=\"https:\/\/mx.pinterest.com\/executivecoachmx\/\" target=\"_blank\">\n\t\t\t\t\t\t<span class=\"elementor-screen-only\">Pinterest<\/span>\n\t\t\t\t\t\t<i aria-hidden=\"true\" class=\"fab fa-pinterest\"><\/i>\t\t\t\t\t<\/a>\n\t\t\t\t<\/span>\n\t\t\t\t\t\t\t<span class=\"elementor-grid-item\" role=\"listitem\">\n\t\t\t\t\t<a class=\"elementor-icon elementor-social-icon elementor-social-icon-phone elementor-repeater-item-ebfa396\" href=\"tel:5619951639\" target=\"_blank\">\n\t\t\t\t\t\t<span class=\"elementor-screen-only\">Phone<\/span>\n\t\t\t\t\t\t<i aria-hidden=\"true\" class=\"fas fa-phone\"><\/i>\t\t\t\t\t<\/a>\n\t\t\t\t<\/span>\n\t\t\t\t\t\t\t<span class=\"elementor-grid-item\" role=\"listitem\">\n\t\t\t\t\t<a class=\"elementor-icon elementor-social-icon elementor-social-icon-envelope elementor-repeater-item-56e0427\" href=\"mailto:salvador@executivecoach.com.mx\" target=\"_blank\">\n\t\t\t\t\t\t<span class=\"elementor-screen-only\">Envelope<\/span>\n\t\t\t\t\t\t<i aria-hidden=\"true\" class=\"far fa-envelope\"><\/i>\t\t\t\t\t<\/a>\n\t\t\t\t<\/span>\n\t\t\t\t\t<\/div>\n\t\t\t\t\t\t<\/div>\n\t\t\t\t<\/div>\n\t\t\t\t<div class=\"elementor-element elementor-element-1d3a321 elementor-widget elementor-widget-text-editor\" data-id=\"1d3a321\" data-element_type=\"widget\" data-e-type=\"widget\" data-widget_type=\"text-editor.default\">\n\t\t\t\t<div class=\"elementor-widget-container\">\n\t\t\t\t\t\t\t\t\t<p><a href=\"tel: 52 56 1995 1639\">(+52) 56 1995 1639<\/a><\/p>\t\t\t\t\t\t\t\t<\/div>\n\t\t\t\t<\/div>\n\t\t\t\t<div class=\"elementor-element elementor-element-3c6c591 elementor-widget elementor-widget-text-editor\" data-id=\"3c6c591\" data-element_type=\"widget\" data-e-type=\"widget\" data-widget_type=\"text-editor.default\">\n\t\t\t\t<div class=\"elementor-widget-container\">\n\t\t\t\t\t\t\t\t\t<p><a href=\"mailto:salvador@executivecoach.com.mx\">salvador@executivecoach.com.mx<\/a><\/p>\t\t\t\t\t\t\t\t<\/div>\n\t\t\t\t<\/div>\n\t\t\t\t\t<\/div>\n\t\t<\/div>\n\t\t\t\t\t<\/div>\n\t\t<\/section>\n\t\t\t\t<\/div>","protected":false},"excerpt":{"rendered":"<p>Contacta a Salvador Explora Coaching 1:1, Coaching de Equipos o estrategias de liderazgo. Calendarizar una sesi\u00f3n \u00bfPrefieres escribir directamente? Llena el siguiente formulario y me pondr\u00e9 en contacto contigo pronto. Linkedin Instagram Facebook Pinterest Phone Envelope (+52) 56 1995 1639 salvador@executivecoach.com.mx<\/p>","protected":false},"author":1,"featured_media":0,"parent":0,"menu_order":0,"comment_status":"closed","ping_status":"closed","template":"","meta":{"content-type":"","neve_meta_sidebar":"","neve_meta_container":"","neve_meta_enable_content_width":"","neve_meta_content_width":0,"neve_meta_title_alignment":"","neve_meta_author_avatar":"","neve_post_elements_order":"","neve_meta_disable_header":"","neve_meta_disable_footer":"","neve_meta_disable_title":"on","footnotes":""},"class_list":["post-48","page","type-page","status-publish","hentry"],"yoast_head":"<!-- This site is optimized with the Yoast SEO plugin v27.4 - https:\/\/yoast.com\/product\/yoast-seo-wordpress\/ -->\n<title>Contacta a Salvador - Executive Coach<\/title>\n<meta name=\"description\" content=\"Para conversar como puedo ayudarte a ti como ejecutiva o ejecutivo o bien a tus grupos de trabajo, cont\u00e1ctame\" \/>\n<meta name=\"robots\" content=\"noindex, nofollow\" \/>\n<meta property=\"og:locale\" content=\"en_US\" \/>\n<meta property=\"og:type\" content=\"article\" \/>\n<meta property=\"og:title\" content=\"Contacta a Salvador - Executive Coach\" \/>\n<meta property=\"og:description\" content=\"Para conversar como puedo ayudarte a ti como ejecutiva o ejecutivo o bien a tus grupos de trabajo, cont\u00e1ctame\" \/>\n<meta property=\"og:url\" content=\"https:\/\/executivecoach.com.mx\/en\/contacto\/\" \/>\n<meta property=\"og:site_name\" content=\"Executive Coach\" \/>\n<meta property=\"article:modified_time\" content=\"2026-03-30T21:15:14+00:00\" \/>\n<meta name=\"twitter:card\" content=\"summary_large_image\" \/>\n<meta name=\"twitter:label1\" content=\"Est. reading time\" \/>\n\t<meta name=\"twitter:data1\" content=\"1 minute\" \/>\n<script type=\"application\/ld+json\" class=\"yoast-schema-graph\">{\"@context\":\"https:\\\/\\\/schema.org\",\"@graph\":[{\"@type\":\"WebPage\",\"@id\":\"https:\\\/\\\/executivecoach.com.mx\\\/contacto\\\/\",\"url\":\"https:\\\/\\\/executivecoach.com.mx\\\/contacto\\\/\",\"name\":\"Contacta a Salvador - Executive Coach\",\"isPartOf\":{\"@id\":\"https:\\\/\\\/executivecoach.com.mx\\\/en\\\/#website\"},\"datePublished\":\"2022-04-12T04:47:30+00:00\",\"dateModified\":\"2026-03-30T21:15:14+00:00\",\"description\":\"Para conversar como puedo ayudarte a ti como ejecutiva o ejecutivo o bien a tus grupos de trabajo, cont\u00e1ctame\",\"breadcrumb\":{\"@id\":\"https:\\\/\\\/executivecoach.com.mx\\\/contacto\\\/#breadcrumb\"},\"inLanguage\":\"en-US\",\"potentialAction\":[{\"@type\":\"ReadAction\",\"target\":[\"https:\\\/\\\/executivecoach.com.mx\\\/contacto\\\/\"]}]},{\"@type\":\"BreadcrumbList\",\"@id\":\"https:\\\/\\\/executivecoach.com.mx\\\/contacto\\\/#breadcrumb\",\"itemListElement\":[{\"@type\":\"ListItem\",\"position\":1,\"name\":\"Portada\",\"item\":\"https:\\\/\\\/executivecoach.com.mx\\\/\"},{\"@type\":\"ListItem\",\"position\":2,\"name\":\"Contacto\"}]},{\"@type\":\"WebSite\",\"@id\":\"https:\\\/\\\/executivecoach.com.mx\\\/en\\\/#website\",\"url\":\"https:\\\/\\\/executivecoach.com.mx\\\/en\\\/\",\"name\":\"Executive Coach\",\"description\":\"Coach Ejecutivo\",\"publisher\":{\"@id\":\"https:\\\/\\\/executivecoach.com.mx\\\/en\\\/#\\\/schema\\\/person\\\/9cb67327ca9d964fca52b3b6c9ae3391\"},\"potentialAction\":[{\"@type\":\"SearchAction\",\"target\":{\"@type\":\"EntryPoint\",\"urlTemplate\":\"https:\\\/\\\/executivecoach.com.mx\\\/en\\\/?s={search_term_string}\"},\"query-input\":{\"@type\":\"PropertyValueSpecification\",\"valueRequired\":true,\"valueName\":\"search_term_string\"}}],\"inLanguage\":\"en-US\"},{\"@type\":[\"Person\",\"Organization\"],\"@id\":\"https:\\\/\\\/executivecoach.com.mx\\\/en\\\/#\\\/schema\\\/person\\\/9cb67327ca9d964fca52b3b6c9ae3391\",\"name\":\"Salvador Holgu\u00edn\",\"image\":{\"@type\":\"ImageObject\",\"inLanguage\":\"en-US\",\"@id\":\"https:\\\/\\\/executivecoach.com.mx\\\/wp-content\\\/uploads\\\/2022\\\/05\\\/cropped-LogoFinal.png\",\"url\":\"https:\\\/\\\/executivecoach.com.mx\\\/wp-content\\\/uploads\\\/2022\\\/05\\\/cropped-LogoFinal.png\",\"contentUrl\":\"https:\\\/\\\/executivecoach.com.mx\\\/wp-content\\\/uploads\\\/2022\\\/05\\\/cropped-LogoFinal.png\",\"width\":177,\"height\":43,\"caption\":\"Salvador Holgu\u00edn\"},\"logo\":{\"@id\":\"https:\\\/\\\/executivecoach.com.mx\\\/wp-content\\\/uploads\\\/2022\\\/05\\\/cropped-LogoFinal.png\"},\"description\":\"Salvador Holgu\u00edn es un Mental Fitness Coach para Ejecutivas (os) con una gran capacidad para conectar con sus clientes. Salvador, es graduado de Ingenier\u00eda Industrial por el Instituto Tecnol\u00f3gico de Chihuahua y cuenta con experiencias diversas en la industria automotriz, instituciones financieras, y compa\u00f1\u00edas de tecnolog\u00eda. A lo largo de su trayectoria profesional, ha tenido la oportunidad de trabajar en M\u00e9xico y varios otros mercados como Estados Unidos, Europa, y Sudam\u00e9rica. Y por d\u00e9cadas ha servido como ejecutivo de recursos humanos en una de las industrias m\u00e1s desafiantes, la automotriz. Hoy d\u00eda, Salvador est\u00e1 colaborando con varias empresas como socio estrat\u00e9gico y asesor de desarrollo de talento. De los principales intereses de Salvador siempre ha sido el identificar el talento en las personas y ayudarles a maximizar su potencial y contribuciones para la organizaci\u00f3n. En los \u00faltimos a\u00f1os ha lanzado un programa muy exitoso de Coaching para Ejecutivas y Ejecutivos con el objetivo de apoyar a sus clientes a alcanzar la mejor versi\u00f3n de s\u00ed mismos en el \u00e1mbito personal y\\\/o profesional. Salvador vive en M\u00e9xico desde principios del 2021 junto con su familia, es apasionado del futbol soccer y con gustos musicales muy ecl\u00e9cticos.\",\"sameAs\":[\"https:\\\/\\\/executivecoach.com.mx\\\/\",\"https:\\\/\\\/www.linkedin.com\\\/company\\\/holguin-executive-coaching-consulting\\\/\"]}]}<\/script>\n<!-- \/ Yoast SEO plugin. -->","yoast_head_json":{"title":"Contacta a Salvador - Executive Coach","description":"Para conversar como puedo ayudarte a ti como ejecutiva o ejecutivo o bien a tus grupos de trabajo, cont\u00e1ctame","robots":{"index":"noindex","follow":"nofollow"},"og_locale":"en_US","og_type":"article","og_title":"Contacta a Salvador - Executive Coach","og_description":"Para conversar como puedo ayudarte a ti como ejecutiva o ejecutivo o bien a tus grupos de trabajo, cont\u00e1ctame","og_url":"https:\/\/executivecoach.com.mx\/en\/contacto\/","og_site_name":"Executive Coach","article_modified_time":"2026-03-30T21:15:14+00:00","twitter_card":"summary_large_image","twitter_misc":{"Est. reading time":"1 minute"},"schema":{"@context":"https:\/\/schema.org","@graph":[{"@type":"WebPage","@id":"https:\/\/executivecoach.com.mx\/contacto\/","url":"https:\/\/executivecoach.com.mx\/contacto\/","name":"Contacta a Salvador - Executive Coach","isPartOf":{"@id":"https:\/\/executivecoach.com.mx\/en\/#website"},"datePublished":"2022-04-12T04:47:30+00:00","dateModified":"2026-03-30T21:15:14+00:00","description":"Para conversar como puedo ayudarte a ti como ejecutiva o ejecutivo o bien a tus grupos de trabajo, cont\u00e1ctame","breadcrumb":{"@id":"https:\/\/executivecoach.com.mx\/contacto\/#breadcrumb"},"inLanguage":"en-US","potentialAction":[{"@type":"ReadAction","target":["https:\/\/executivecoach.com.mx\/contacto\/"]}]},{"@type":"BreadcrumbList","@id":"https:\/\/executivecoach.com.mx\/contacto\/#breadcrumb","itemListElement":[{"@type":"ListItem","position":1,"name":"Portada","item":"https:\/\/executivecoach.com.mx\/"},{"@type":"ListItem","position":2,"name":"Contacto"}]},{"@type":"WebSite","@id":"https:\/\/executivecoach.com.mx\/en\/#website","url":"https:\/\/executivecoach.com.mx\/en\/","name":"Executive Coach","description":"Coach Ejecutivo","publisher":{"@id":"https:\/\/executivecoach.com.mx\/en\/#\/schema\/person\/9cb67327ca9d964fca52b3b6c9ae3391"},"potentialAction":[{"@type":"SearchAction","target":{"@type":"EntryPoint","urlTemplate":"https:\/\/executivecoach.com.mx\/en\/?s={search_term_string}"},"query-input":{"@type":"PropertyValueSpecification","valueRequired":true,"valueName":"search_term_string"}}],"inLanguage":"en-US"},{"@type":["Person","Organization"],"@id":"https:\/\/executivecoach.com.mx\/en\/#\/schema\/person\/9cb67327ca9d964fca52b3b6c9ae3391","name":"Salvador Holgu\u00edn","image":{"@type":"ImageObject","inLanguage":"en-US","@id":"https:\/\/executivecoach.com.mx\/wp-content\/uploads\/2022\/05\/cropped-LogoFinal.png","url":"https:\/\/executivecoach.com.mx\/wp-content\/uploads\/2022\/05\/cropped-LogoFinal.png","contentUrl":"https:\/\/executivecoach.com.mx\/wp-content\/uploads\/2022\/05\/cropped-LogoFinal.png","width":177,"height":43,"caption":"Salvador Holgu\u00edn"},"logo":{"@id":"https:\/\/executivecoach.com.mx\/wp-content\/uploads\/2022\/05\/cropped-LogoFinal.png"},"description":"Salvador Holgu\u00edn es un Mental Fitness Coach para Ejecutivas (os) con una gran capacidad para conectar con sus clientes. Salvador, es graduado de Ingenier\u00eda Industrial por el Instituto Tecnol\u00f3gico de Chihuahua y cuenta con experiencias diversas en la industria automotriz, instituciones financieras, y compa\u00f1\u00edas de tecnolog\u00eda. A lo largo de su trayectoria profesional, ha tenido la oportunidad de trabajar en M\u00e9xico y varios otros mercados como Estados Unidos, Europa, y Sudam\u00e9rica. Y por d\u00e9cadas ha servido como ejecutivo de recursos humanos en una de las industrias m\u00e1s desafiantes, la automotriz. Hoy d\u00eda, Salvador est\u00e1 colaborando con varias empresas como socio estrat\u00e9gico y asesor de desarrollo de talento. De los principales intereses de Salvador siempre ha sido el identificar el talento en las personas y ayudarles a maximizar su potencial y contribuciones para la organizaci\u00f3n. En los \u00faltimos a\u00f1os ha lanzado un programa muy exitoso de Coaching para Ejecutivas y Ejecutivos con el objetivo de apoyar a sus clientes a alcanzar la mejor versi\u00f3n de s\u00ed mismos en el \u00e1mbito personal y\/o profesional. Salvador vive en M\u00e9xico desde principios del 2021 junto con su familia, es apasionado del futbol soccer y con gustos musicales muy ecl\u00e9cticos.","sameAs":["https:\/\/executivecoach.com.mx\/","https:\/\/www.linkedin.com\/company\/holguin-executive-coaching-consulting\/"]}]}},"_links":{"self":[{"href":"https:\/\/executivecoach.com.mx\/en\/wp-json\/wp\/v2\/pages\/48","targetHints":{"allow":["GET"]}}],"collection":[{"href":"https:\/\/executivecoach.com.mx\/en\/wp-json\/wp\/v2\/pages"}],"about":[{"href":"https:\/\/executivecoach.com.mx\/en\/wp-json\/wp\/v2\/types\/page"}],"author":[{"embeddable":true,"href":"https:\/\/executivecoach.com.mx\/en\/wp-json\/wp\/v2\/users\/1"}],"replies":[{"embeddable":true,"href":"https:\/\/executivecoach.com.mx\/en\/wp-json\/wp\/v2\/comments?post=48"}],"version-history":[{"count":48,"href":"https:\/\/executivecoach.com.mx\/en\/wp-json\/wp\/v2\/pages\/48\/revisions"}],"predecessor-version":[{"id":3364,"href":"https:\/\/executivecoach.com.mx\/en\/wp-json\/wp\/v2\/pages\/48\/revisions\/3364"}],"wp:attachment":[{"href":"https:\/\/executivecoach.com.mx\/en\/wp-json\/wp\/v2\/media?parent=48"}],"curies":[{"name":"wp","href":"https:\/\/api.w.org\/{rel}","templated":true}]}}