{"id":3184,"date":"2026-01-20T20:48:58","date_gmt":"2026-01-21T02:48:58","guid":{"rendered":"https:\/\/executivecoach.com.mx\/?page_id=3184"},"modified":"2026-03-02T14:41:23","modified_gmt":"2026-03-02T20:41:23","slug":"tutor-empresarial","status":"publish","type":"page","link":"https:\/\/executivecoach.com.mx\/en\/tutor-empresarial\/","title":{"rendered":"Tutor Empresarial: La gu\u00eda para la formaci\u00f3n especializada de talentos y ejecutivos"},"content":{"rendered":"<div data-elementor-type=\"wp-page\" data-elementor-id=\"3184\" class=\"elementor elementor-3184\">\n\t\t\t\t\t\t<section class=\"elementor-section elementor-top-section elementor-element elementor-element-1b47df0b elementor-section-boxed elementor-section-height-default elementor-section-height-default\" data-id=\"1b47df0b\" data-element_type=\"section\" data-e-type=\"section\">\n\t\t\t\t\t\t<div class=\"elementor-container elementor-column-gap-default\">\n\t\t\t\t\t<div class=\"elementor-column elementor-col-100 elementor-top-column elementor-element elementor-element-5971d238\" data-id=\"5971d238\" data-element_type=\"column\" data-e-type=\"column\">\n\t\t\t<div class=\"elementor-widget-wrap elementor-element-populated\">\n\t\t\t\t\t\t<div class=\"elementor-element elementor-element-bde9f44 elementor-widget elementor-widget-heading\" data-id=\"bde9f44\" data-element_type=\"widget\" data-e-type=\"widget\" data-widget_type=\"heading.default\">\n\t\t\t\t<div class=\"elementor-widget-container\">\n\t\t\t\t\t<h1 class=\"elementor-heading-title elementor-size-default\">Tutor Empresarial: La gu\u00eda para la formaci\u00f3n especializada de talentos y ejecutivos\n<\/h1>\t\t\t\t<\/div>\n\t\t\t\t<\/div>\n\t\t\t\t<div class=\"elementor-element elementor-element-5207527f elementor-widget-divider--view-line elementor-widget elementor-widget-divider\" data-id=\"5207527f\" data-element_type=\"widget\" data-e-type=\"widget\" data-widget_type=\"divider.default\">\n\t\t\t\t<div class=\"elementor-widget-container\">\n\t\t\t\t\t\t\t<div class=\"elementor-divider\">\n\t\t\t<span class=\"elementor-divider-separator\">\n\t\t\t\t\t\t<\/span>\n\t\t<\/div>\n\t\t\t\t\t\t<\/div>\n\t\t\t\t<\/div>\n\t\t\t\t<div class=\"elementor-element elementor-element-549ac9f elementor-widget elementor-widget-image\" data-id=\"549ac9f\" data-element_type=\"widget\" data-e-type=\"widget\" data-widget_type=\"image.default\">\n\t\t\t\t<div class=\"elementor-widget-container\">\n\t\t\t\t\t\t\t\t\t\t\t\t\t\t\t<img fetchpriority=\"high\" decoding=\"async\" width=\"768\" height=\"511\" src=\"https:\/\/executivecoach.com.mx\/wp-content\/uploads\/2025\/02\/paul-white-pQsNnR-U6zU-unsplash-768x511.jpg\" class=\"attachment-medium_large size-medium_large wp-image-2595\" alt=\"Coaching para Ejecutivos en M\u00e9xico\" srcset=\"https:\/\/executivecoach.com.mx\/wp-content\/uploads\/2025\/02\/paul-white-pQsNnR-U6zU-unsplash-768x511.jpg 768w, https:\/\/executivecoach.com.mx\/wp-content\/uploads\/2025\/02\/paul-white-pQsNnR-U6zU-unsplash-300x200.jpg 300w, https:\/\/executivecoach.com.mx\/wp-content\/uploads\/2025\/02\/paul-white-pQsNnR-U6zU-unsplash-1024x681.jpg 1024w, https:\/\/executivecoach.com.mx\/wp-content\/uploads\/2025\/02\/paul-white-pQsNnR-U6zU-unsplash-1536x1022.jpg 1536w, https:\/\/executivecoach.com.mx\/wp-content\/uploads\/2025\/02\/paul-white-pQsNnR-U6zU-unsplash-18x12.jpg 18w, https:\/\/executivecoach.com.mx\/wp-content\/uploads\/2025\/02\/paul-white-pQsNnR-U6zU-unsplash-930x620.jpg 930w, https:\/\/executivecoach.com.mx\/wp-content\/uploads\/2025\/02\/paul-white-pQsNnR-U6zU-unsplash.jpg 1920w\" sizes=\"(max-width: 768px) 100vw, 768px\" \/>\t\t\t\t\t\t\t\t\t\t\t\t\t\t\t<\/div>\n\t\t\t\t<\/div>\n\t\t\t\t<div class=\"elementor-element elementor-element-80a5f6e elementor-widget elementor-widget-text-editor\" data-id=\"80a5f6e\" data-element_type=\"widget\" data-e-type=\"widget\" data-widget_type=\"text-editor.default\">\n\t\t\t\t<div class=\"elementor-widget-container\">\n\t\t\t\t\t\t\t\t\t<p><span style=\"font-weight: 400;\">En el din\u00e1mico entorno profesional, las empresas buscan constantemente formas de desarrollar a su personal de manera \u00e1gil y eficiente. A menudo, las habilidades necesarias no se aprenden en un curso gen\u00e9rico, sino a trav\u00e9s de una <\/span><span style=\"font-weight: 400;\">relaci\u00f3n de aprendizaje<\/span><span style=\"font-weight: 400;\"> m\u00e1s directa. Es aqu\u00ed donde el <\/span><b>tutor empresarial<\/b><span style=\"font-weight: 400;\"> se convierte en una figura indispensable. Este rol no solo se enfoca en ense\u00f1ar, sino en guiar a los profesionales a trav\u00e9s de un proceso de <\/span><i><span style=\"font-weight: 400;\">transferencia de conocimiento<\/span><\/i><span style=\"font-weight: 400;\"> pr\u00e1ctico para que puedan dominar competencias espec\u00edficas y alcanzar nuevos niveles de rendimiento.<\/span><\/p><h2><strong>\u00bfQu\u00e9 hace exactamente un tutor empresarial?<\/strong><\/h2><p><span style=\"font-weight: 400;\">Un tutor empresarial es un experto que comparte su conocimiento y experiencia t\u00e9cnica o funcional con un profesional para ayudarle a cerrar una brecha de habilidades. Su enfoque es <\/span><span style=\"font-weight: 400;\">pr\u00e1ctico y orientado a resultados<\/span><span style=\"font-weight: 400;\">, ayudando a su aprendiz a dominar las tareas o competencias necesarias para sobresalir en su puesto. A diferencia de otros roles de desarrollo, un tutor se sumerge en los detalles del trabajo, ofreciendo soluciones y <\/span><span style=\"font-weight: 400;\">consejos espec\u00edficos<\/span><span style=\"font-weight: 400;\"> para resolver problemas reales en tiempo real.<\/span><\/p>\t\t\t\t\t\t\t\t<\/div>\n\t\t\t\t<\/div>\n\t\t\t\t<div class=\"elementor-element elementor-element-155525e elementor-position-inline-end elementor-view-default elementor-mobile-position-block-start elementor-widget elementor-widget-icon-box\" data-id=\"155525e\" data-element_type=\"widget\" data-e-type=\"widget\" data-widget_type=\"icon-box.default\">\n\t\t\t\t<div class=\"elementor-widget-container\">\n\t\t\t\t\t\t\t<div class=\"elementor-icon-box-wrapper\">\n\n\t\t\t\t\t\t<div class=\"elementor-icon-box-icon\">\n\t\t\t\t<a href=\"https:\/\/wa.me\/525619951639\" target=\"_blank\" class=\"elementor-icon\" tabindex=\"-1\" aria-label=\"Cont\u00e1ctame por Whatsapp\">\n\t\t\t\t<i aria-hidden=\"true\" class=\"fab fa-whatsapp\"><\/i>\t\t\t\t<\/a>\n\t\t\t<\/div>\n\t\t\t\n\t\t\t\t\t\t<div class=\"elementor-icon-box-content\">\n\n\t\t\t\t\t\t\t\t\t<h4 class=\"elementor-icon-box-title\">\n\t\t\t\t\t\t<a href=\"https:\/\/wa.me\/525619951639\" target=\"_blank\" >\n\t\t\t\t\t\t\tCont\u00e1ctame por Whatsapp\t\t\t\t\t\t<\/a>\n\t\t\t\t\t<\/h4>\n\t\t\t\t\n\t\t\t\t\n\t\t\t<\/div>\n\t\t\t\n\t\t<\/div>\n\t\t\t\t\t\t<\/div>\n\t\t\t\t<\/div>\n\t\t\t\t<div class=\"elementor-element elementor-element-fc00e96 elementor-widget elementor-widget-text-editor\" data-id=\"fc00e96\" data-element_type=\"widget\" data-e-type=\"widget\" data-widget_type=\"text-editor.default\">\n\t\t\t\t<div class=\"elementor-widget-container\">\n\t\t\t\t\t\t\t\t\t<h2><strong>Diferencia clave entre un tutor, un coach y un mentor<\/strong><\/h2><p><span style=\"font-weight: 400;\">Aunque las tres figuras impulsan el crecimiento profesional, sus roles son distintos:<\/span><\/p><ul><li style=\"font-weight: 400;\" aria-level=\"1\"><b>Coach:<\/b><span style=\"font-weight: 400;\"> Se enfoca en el &#8220;c\u00f3mo&#8221;. Ayuda a que el individuo encuentre sus propias respuestas y desbloquee su potencial.<\/span><\/li><li style=\"font-weight: 400;\" aria-level=\"1\"><b>Mentor:<\/b><span style=\"font-weight: 400;\"> Se enfoca en el &#8220;qu\u00e9&#8221;. Comparte su experiencia y sabidur\u00eda para orientar la carrera profesional a largo plazo.<\/span><\/li><li style=\"font-weight: 400;\" aria-level=\"1\"><b>Tutor:<\/b><span style=\"font-weight: 400;\"> Se enfoca en el &#8220;hacer&#8221;. Brinda <\/span><i><span style=\"font-weight: 400;\">conocimiento y habilidades<\/span><\/i><span style=\"font-weight: 400;\"> concretas para una tarea o rol espec\u00edfico, con un enfoque directo y did\u00e1ctico.<\/span><\/li><\/ul><h3><strong>El rol del tutor en la integraci\u00f3n de nuevos talentos<\/strong><\/h3><p><span style=\"font-weight: 400;\">La tutor\u00eda es crucial para acelerar la curva de aprendizaje de nuevos empleados, especialmente en roles t\u00e9cnicos o complejos. Un tutor ayuda a los reci\u00e9n llegados a entender r\u00e1pidamente las herramientas, procesos y la cultura de la empresa, asegurando una <\/span><span style=\"font-weight: 400;\">integraci\u00f3n fluida y exitosa<\/span><span style=\"font-weight: 400;\">.<\/span><\/p><h3><strong>La tutor\u00eda en la era digital: un modelo \u00e1gil y efectivo<\/strong><\/h3><p><span style=\"font-weight: 400;\">Con las herramientas digitales, la tutor\u00eda se ha vuelto m\u00e1s accesible. Un tutor puede guiar a un profesional a distancia, permitiendo una <\/span><span style=\"font-weight: 400;\">formaci\u00f3n continua<\/span><span style=\"font-weight: 400;\"> que se adapta al ritmo de trabajo y al horario de cada persona.<\/span><\/p>\t\t\t\t\t\t\t\t<\/div>\n\t\t\t\t<\/div>\n\t\t\t\t<div class=\"elementor-element elementor-element-53eab78 elementor-widget elementor-widget-text-editor\" data-id=\"53eab78\" data-element_type=\"widget\" data-e-type=\"widget\" data-widget_type=\"text-editor.default\">\n\t\t\t\t<div class=\"elementor-widget-container\">\n\t\t\t\t\t\t\t\t\t<p><span style=\"font-weight: 400;\">\u00a0&#8220;Gracias a mi tutor, pude dominar las habilidades t\u00e9cnicas que necesitaba para mi nuevo puesto en tiempo r\u00e9cord. Su gu\u00eda pr\u00e1ctica me ahorr\u00f3 meses de ensayo y error.&#8221; <\/span><\/p><p><span style=\"font-weight: 400;\">&#8211; Roberto M., Gerente de TI<\/span><\/p>\t\t\t\t\t\t\t\t<\/div>\n\t\t\t\t<\/div>\n\t\t\t\t<div class=\"elementor-element elementor-element-ba8600d elementor-widget elementor-widget-text-editor\" data-id=\"ba8600d\" data-element_type=\"widget\" data-e-type=\"widget\" data-widget_type=\"text-editor.default\">\n\t\t\t\t<div class=\"elementor-widget-container\">\n\t\t\t\t\t\t\t\t\t<h3><b>\u00bfEs la tutor\u00eda solo para profesionales junior?<\/b><\/h3><p><span style=\"font-weight: 400;\">No. La tutor\u00eda es valiosa para profesionales de cualquier nivel que necesiten adquirir una nueva habilidad, dominar un software o comprender un nuevo proceso t\u00e9cnico en su \u00e1rea.<\/span><\/p><h3><b>\u00bfC\u00f3mo se mide el \u00e9xito de una tutor\u00eda empresarial?<\/b><\/h3><p><span style=\"font-weight: 400;\">El \u00e9xito se mide a trav\u00e9s de resultados tangibles como la mejora del rendimiento en tareas espec\u00edficas, la reducci\u00f3n del tiempo de adaptaci\u00f3n a un nuevo rol o la adquisici\u00f3n demostrable de una nueva competencia.<\/span><\/p>\t\t\t\t\t\t\t\t<\/div>\n\t\t\t\t<\/div>\n\t\t\t\t<div class=\"elementor-element elementor-element-d189979 elementor-position-inline-end elementor-view-default elementor-mobile-position-block-start elementor-widget elementor-widget-icon-box\" data-id=\"d189979\" data-element_type=\"widget\" data-e-type=\"widget\" data-widget_type=\"icon-box.default\">\n\t\t\t\t<div class=\"elementor-widget-container\">\n\t\t\t\t\t\t\t<div class=\"elementor-icon-box-wrapper\">\n\n\t\t\t\t\t\t<div class=\"elementor-icon-box-icon\">\n\t\t\t\t<a href=\"https:\/\/wa.me\/525619951639\" target=\"_blank\" class=\"elementor-icon\" tabindex=\"-1\" aria-label=\"\u00bfInteresado en una formaci\u00f3n a la medida de tu equipo?\">\n\t\t\t\t<i aria-hidden=\"true\" class=\"far fa-calendar-alt\"><\/i>\t\t\t\t<\/a>\n\t\t\t<\/div>\n\t\t\t\n\t\t\t\t\t\t<div class=\"elementor-icon-box-content\">\n\n\t\t\t\t\t\t\t\t\t<h4 class=\"elementor-icon-box-title\">\n\t\t\t\t\t\t<a href=\"https:\/\/wa.me\/525619951639\" target=\"_blank\" >\n\t\t\t\t\t\t\t\u00bfInteresado en una formaci\u00f3n a la medida de tu equipo?\t\t\t\t\t\t<\/a>\n\t\t\t\t\t<\/h4>\n\t\t\t\t\n\t\t\t\t\t\t\t\t\t<p class=\"elementor-icon-box-description\">\n\t\t\t\t\t\tCont\u00e1ctanos para conocer los servicios de Executive Coach y la figura del tutor empresarial en acci\u00f3n.\t\t\t\t\t<\/p>\n\t\t\t\t\n\t\t\t<\/div>\n\t\t\t\n\t\t<\/div>\n\t\t\t\t\t\t<\/div>\n\t\t\t\t<\/div>\n\t\t\t\t\t<\/div>\n\t\t<\/div>\n\t\t\t\t\t<\/div>\n\t\t<\/section>\n\t\t\t\t<\/div>","protected":false},"excerpt":{"rendered":"<p>Tutor Empresarial: La gu\u00eda para la formaci\u00f3n especializada de talentos y ejecutivos En el din\u00e1mico entorno profesional, las empresas buscan constantemente formas de desarrollar a su personal de manera \u00e1gil y eficiente. A menudo, las habilidades necesarias no se aprenden en un curso gen\u00e9rico, sino a trav\u00e9s de una relaci\u00f3n de aprendizaje m\u00e1s directa. Es&hellip;&nbsp;<a href=\"https:\/\/executivecoach.com.mx\/en\/tutor-empresarial\/\" rel=\"bookmark\">Read More &raquo;<span class=\"screen-reader-text\">Tutor Empresarial: La gu\u00eda para la formaci\u00f3n especializada de talentos y ejecutivos<\/span><\/a><\/p>","protected":false},"author":4,"featured_media":2595,"parent":0,"menu_order":0,"comment_status":"closed","ping_status":"closed","template":"","meta":{"content-type":"","neve_meta_sidebar":"","neve_meta_container":"","neve_meta_enable_content_width":"","neve_meta_content_width":0,"neve_meta_title_alignment":"","neve_meta_author_avatar":"","neve_post_elements_order":"","neve_meta_disable_header":"","neve_meta_disable_footer":"","neve_meta_disable_title":"","footnotes":""},"class_list":["post-3184","page","type-page","status-publish","has-post-thumbnail","hentry"],"yoast_head":"<!-- This site is optimized with the Yoast SEO plugin v27.4 - https:\/\/yoast.com\/product\/yoast-seo-wordpress\/ -->\n<title>Tutor Empresarial | Formaci\u00f3n Especializada para L\u00edderes<\/title>\n<meta name=\"description\" content=\"Descubre qu\u00e9 es un tutor empresarial, c\u00f3mo apoya el desarrollo de competencias espec\u00edficas y por qu\u00e9 es una figura clave para la formaci\u00f3n de talento en tu organizaci\u00f3n.\" \/>\n<meta name=\"robots\" content=\"index, follow, max-snippet:-1, max-image-preview:large, max-video-preview:-1\" \/>\n<link rel=\"canonical\" href=\"https:\/\/executivecoach.com.mx\/en\/tutor-empresarial\/\" \/>\n<meta property=\"og:locale\" content=\"en_US\" \/>\n<meta property=\"og:type\" content=\"article\" \/>\n<meta property=\"og:title\" content=\"Tutor Empresarial | Formaci\u00f3n Especializada para L\u00edderes\" \/>\n<meta property=\"og:description\" content=\"Descubre qu\u00e9 es un tutor empresarial, c\u00f3mo apoya el desarrollo de competencias espec\u00edficas y por qu\u00e9 es una figura clave para la formaci\u00f3n de talento en tu organizaci\u00f3n.\" \/>\n<meta property=\"og:url\" content=\"https:\/\/executivecoach.com.mx\/en\/tutor-empresarial\/\" \/>\n<meta property=\"og:site_name\" content=\"Executive Coach\" \/>\n<meta property=\"article:modified_time\" content=\"2026-03-02T20:41:23+00:00\" \/>\n<meta property=\"og:image\" content=\"https:\/\/executivecoach.com.mx\/wp-content\/uploads\/2025\/02\/paul-white-pQsNnR-U6zU-unsplash.jpg\" \/>\n\t<meta property=\"og:image:width\" content=\"1920\" \/>\n\t<meta property=\"og:image:height\" content=\"1277\" \/>\n\t<meta property=\"og:image:type\" content=\"image\/jpeg\" \/>\n<meta name=\"twitter:card\" content=\"summary_large_image\" \/>\n<meta name=\"twitter:label1\" content=\"Est. reading time\" \/>\n\t<meta name=\"twitter:data1\" content=\"3 minutes\" \/>\n<script type=\"application\/ld+json\" class=\"yoast-schema-graph\">{\"@context\":\"https:\\\/\\\/schema.org\",\"@graph\":[{\"@type\":\"WebPage\",\"@id\":\"https:\\\/\\\/executivecoach.com.mx\\\/tutor-empresarial\\\/\",\"url\":\"https:\\\/\\\/executivecoach.com.mx\\\/tutor-empresarial\\\/\",\"name\":\"Tutor Empresarial | Formaci\u00f3n Especializada para L\u00edderes\",\"isPartOf\":{\"@id\":\"https:\\\/\\\/executivecoach.com.mx\\\/en\\\/#website\"},\"primaryImageOfPage\":{\"@id\":\"https:\\\/\\\/executivecoach.com.mx\\\/tutor-empresarial\\\/#primaryimage\"},\"image\":{\"@id\":\"https:\\\/\\\/executivecoach.com.mx\\\/tutor-empresarial\\\/#primaryimage\"},\"thumbnailUrl\":\"https:\\\/\\\/executivecoach.com.mx\\\/wp-content\\\/uploads\\\/2025\\\/02\\\/paul-white-pQsNnR-U6zU-unsplash.jpg\",\"datePublished\":\"2026-01-21T02:48:58+00:00\",\"dateModified\":\"2026-03-02T20:41:23+00:00\",\"description\":\"Descubre qu\u00e9 es un tutor empresarial, c\u00f3mo apoya el desarrollo de competencias espec\u00edficas y por qu\u00e9 es una figura clave para la formaci\u00f3n de talento en tu organizaci\u00f3n.\",\"breadcrumb\":{\"@id\":\"https:\\\/\\\/executivecoach.com.mx\\\/tutor-empresarial\\\/#breadcrumb\"},\"inLanguage\":\"en-US\",\"potentialAction\":[{\"@type\":\"ReadAction\",\"target\":[\"https:\\\/\\\/executivecoach.com.mx\\\/tutor-empresarial\\\/\"]}]},{\"@type\":\"ImageObject\",\"inLanguage\":\"en-US\",\"@id\":\"https:\\\/\\\/executivecoach.com.mx\\\/tutor-empresarial\\\/#primaryimage\",\"url\":\"https:\\\/\\\/executivecoach.com.mx\\\/wp-content\\\/uploads\\\/2025\\\/02\\\/paul-white-pQsNnR-U6zU-unsplash.jpg\",\"contentUrl\":\"https:\\\/\\\/executivecoach.com.mx\\\/wp-content\\\/uploads\\\/2025\\\/02\\\/paul-white-pQsNnR-U6zU-unsplash.jpg\",\"width\":1920,\"height\":1277,\"caption\":\"Coaching para Ejecutivos en M\u00e9xico\"},{\"@type\":\"BreadcrumbList\",\"@id\":\"https:\\\/\\\/executivecoach.com.mx\\\/tutor-empresarial\\\/#breadcrumb\",\"itemListElement\":[{\"@type\":\"ListItem\",\"position\":1,\"name\":\"Portada\",\"item\":\"https:\\\/\\\/executivecoach.com.mx\\\/\"},{\"@type\":\"ListItem\",\"position\":2,\"name\":\"Tutor Empresarial: La gu\u00eda para la formaci\u00f3n especializada de talentos y ejecutivos\"}]},{\"@type\":\"WebSite\",\"@id\":\"https:\\\/\\\/executivecoach.com.mx\\\/en\\\/#website\",\"url\":\"https:\\\/\\\/executivecoach.com.mx\\\/en\\\/\",\"name\":\"Executive Coach\",\"description\":\"Coach Ejecutivo\",\"publisher\":{\"@id\":\"https:\\\/\\\/executivecoach.com.mx\\\/en\\\/#\\\/schema\\\/person\\\/9cb67327ca9d964fca52b3b6c9ae3391\"},\"potentialAction\":[{\"@type\":\"SearchAction\",\"target\":{\"@type\":\"EntryPoint\",\"urlTemplate\":\"https:\\\/\\\/executivecoach.com.mx\\\/en\\\/?s={search_term_string}\"},\"query-input\":{\"@type\":\"PropertyValueSpecification\",\"valueRequired\":true,\"valueName\":\"search_term_string\"}}],\"inLanguage\":\"en-US\"},{\"@type\":[\"Person\",\"Organization\"],\"@id\":\"https:\\\/\\\/executivecoach.com.mx\\\/en\\\/#\\\/schema\\\/person\\\/9cb67327ca9d964fca52b3b6c9ae3391\",\"name\":\"Salvador Holgu\u00edn\",\"image\":{\"@type\":\"ImageObject\",\"inLanguage\":\"en-US\",\"@id\":\"https:\\\/\\\/executivecoach.com.mx\\\/wp-content\\\/uploads\\\/2022\\\/05\\\/cropped-LogoFinal.png\",\"url\":\"https:\\\/\\\/executivecoach.com.mx\\\/wp-content\\\/uploads\\\/2022\\\/05\\\/cropped-LogoFinal.png\",\"contentUrl\":\"https:\\\/\\\/executivecoach.com.mx\\\/wp-content\\\/uploads\\\/2022\\\/05\\\/cropped-LogoFinal.png\",\"width\":177,\"height\":43,\"caption\":\"Salvador Holgu\u00edn\"},\"logo\":{\"@id\":\"https:\\\/\\\/executivecoach.com.mx\\\/wp-content\\\/uploads\\\/2022\\\/05\\\/cropped-LogoFinal.png\"},\"description\":\"Salvador Holgu\u00edn es un Mental Fitness Coach para Ejecutivas (os) con una gran capacidad para conectar con sus clientes. Salvador, es graduado de Ingenier\u00eda Industrial por el Instituto Tecnol\u00f3gico de Chihuahua y cuenta con experiencias diversas en la industria automotriz, instituciones financieras, y compa\u00f1\u00edas de tecnolog\u00eda. A lo largo de su trayectoria profesional, ha tenido la oportunidad de trabajar en M\u00e9xico y varios otros mercados como Estados Unidos, Europa, y Sudam\u00e9rica. Y por d\u00e9cadas ha servido como ejecutivo de recursos humanos en una de las industrias m\u00e1s desafiantes, la automotriz. Hoy d\u00eda, Salvador est\u00e1 colaborando con varias empresas como socio estrat\u00e9gico y asesor de desarrollo de talento. De los principales intereses de Salvador siempre ha sido el identificar el talento en las personas y ayudarles a maximizar su potencial y contribuciones para la organizaci\u00f3n. En los \u00faltimos a\u00f1os ha lanzado un programa muy exitoso de Coaching para Ejecutivas y Ejecutivos con el objetivo de apoyar a sus clientes a alcanzar la mejor versi\u00f3n de s\u00ed mismos en el \u00e1mbito personal y\\\/o profesional. Salvador vive en M\u00e9xico desde principios del 2021 junto con su familia, es apasionado del futbol soccer y con gustos musicales muy ecl\u00e9cticos.\",\"sameAs\":[\"https:\\\/\\\/executivecoach.com.mx\\\/\",\"https:\\\/\\\/www.linkedin.com\\\/company\\\/holguin-executive-coaching-consulting\\\/\"]}]}<\/script>\n<!-- \/ Yoast SEO plugin. -->","yoast_head_json":{"title":"Tutor Empresarial | Formaci\u00f3n Especializada para L\u00edderes","description":"Descubre qu\u00e9 es un tutor empresarial, c\u00f3mo apoya el desarrollo de competencias espec\u00edficas y por qu\u00e9 es una figura clave para la formaci\u00f3n de talento en tu organizaci\u00f3n.","robots":{"index":"index","follow":"follow","max-snippet":"max-snippet:-1","max-image-preview":"max-image-preview:large","max-video-preview":"max-video-preview:-1"},"canonical":"https:\/\/executivecoach.com.mx\/en\/tutor-empresarial\/","og_locale":"en_US","og_type":"article","og_title":"Tutor Empresarial | Formaci\u00f3n Especializada para L\u00edderes","og_description":"Descubre qu\u00e9 es un tutor empresarial, c\u00f3mo apoya el desarrollo de competencias espec\u00edficas y por qu\u00e9 es una figura clave para la formaci\u00f3n de talento en tu organizaci\u00f3n.","og_url":"https:\/\/executivecoach.com.mx\/en\/tutor-empresarial\/","og_site_name":"Executive Coach","article_modified_time":"2026-03-02T20:41:23+00:00","og_image":[{"width":1920,"height":1277,"url":"https:\/\/executivecoach.com.mx\/wp-content\/uploads\/2025\/02\/paul-white-pQsNnR-U6zU-unsplash.jpg","type":"image\/jpeg"}],"twitter_card":"summary_large_image","twitter_misc":{"Est. reading time":"3 minutes"},"schema":{"@context":"https:\/\/schema.org","@graph":[{"@type":"WebPage","@id":"https:\/\/executivecoach.com.mx\/tutor-empresarial\/","url":"https:\/\/executivecoach.com.mx\/tutor-empresarial\/","name":"Tutor Empresarial | Formaci\u00f3n Especializada para L\u00edderes","isPartOf":{"@id":"https:\/\/executivecoach.com.mx\/en\/#website"},"primaryImageOfPage":{"@id":"https:\/\/executivecoach.com.mx\/tutor-empresarial\/#primaryimage"},"image":{"@id":"https:\/\/executivecoach.com.mx\/tutor-empresarial\/#primaryimage"},"thumbnailUrl":"https:\/\/executivecoach.com.mx\/wp-content\/uploads\/2025\/02\/paul-white-pQsNnR-U6zU-unsplash.jpg","datePublished":"2026-01-21T02:48:58+00:00","dateModified":"2026-03-02T20:41:23+00:00","description":"Descubre qu\u00e9 es un tutor empresarial, c\u00f3mo apoya el desarrollo de competencias espec\u00edficas y por qu\u00e9 es una figura clave para la formaci\u00f3n de talento en tu organizaci\u00f3n.","breadcrumb":{"@id":"https:\/\/executivecoach.com.mx\/tutor-empresarial\/#breadcrumb"},"inLanguage":"en-US","potentialAction":[{"@type":"ReadAction","target":["https:\/\/executivecoach.com.mx\/tutor-empresarial\/"]}]},{"@type":"ImageObject","inLanguage":"en-US","@id":"https:\/\/executivecoach.com.mx\/tutor-empresarial\/#primaryimage","url":"https:\/\/executivecoach.com.mx\/wp-content\/uploads\/2025\/02\/paul-white-pQsNnR-U6zU-unsplash.jpg","contentUrl":"https:\/\/executivecoach.com.mx\/wp-content\/uploads\/2025\/02\/paul-white-pQsNnR-U6zU-unsplash.jpg","width":1920,"height":1277,"caption":"Coaching para Ejecutivos en M\u00e9xico"},{"@type":"BreadcrumbList","@id":"https:\/\/executivecoach.com.mx\/tutor-empresarial\/#breadcrumb","itemListElement":[{"@type":"ListItem","position":1,"name":"Portada","item":"https:\/\/executivecoach.com.mx\/"},{"@type":"ListItem","position":2,"name":"Tutor Empresarial: La gu\u00eda para la formaci\u00f3n especializada de talentos y ejecutivos"}]},{"@type":"WebSite","@id":"https:\/\/executivecoach.com.mx\/en\/#website","url":"https:\/\/executivecoach.com.mx\/en\/","name":"Executive Coach","description":"Coach Ejecutivo","publisher":{"@id":"https:\/\/executivecoach.com.mx\/en\/#\/schema\/person\/9cb67327ca9d964fca52b3b6c9ae3391"},"potentialAction":[{"@type":"SearchAction","target":{"@type":"EntryPoint","urlTemplate":"https:\/\/executivecoach.com.mx\/en\/?s={search_term_string}"},"query-input":{"@type":"PropertyValueSpecification","valueRequired":true,"valueName":"search_term_string"}}],"inLanguage":"en-US"},{"@type":["Person","Organization"],"@id":"https:\/\/executivecoach.com.mx\/en\/#\/schema\/person\/9cb67327ca9d964fca52b3b6c9ae3391","name":"Salvador Holgu\u00edn","image":{"@type":"ImageObject","inLanguage":"en-US","@id":"https:\/\/executivecoach.com.mx\/wp-content\/uploads\/2022\/05\/cropped-LogoFinal.png","url":"https:\/\/executivecoach.com.mx\/wp-content\/uploads\/2022\/05\/cropped-LogoFinal.png","contentUrl":"https:\/\/executivecoach.com.mx\/wp-content\/uploads\/2022\/05\/cropped-LogoFinal.png","width":177,"height":43,"caption":"Salvador Holgu\u00edn"},"logo":{"@id":"https:\/\/executivecoach.com.mx\/wp-content\/uploads\/2022\/05\/cropped-LogoFinal.png"},"description":"Salvador Holgu\u00edn es un Mental Fitness Coach para Ejecutivas (os) con una gran capacidad para conectar con sus clientes. Salvador, es graduado de Ingenier\u00eda Industrial por el Instituto Tecnol\u00f3gico de Chihuahua y cuenta con experiencias diversas en la industria automotriz, instituciones financieras, y compa\u00f1\u00edas de tecnolog\u00eda. A lo largo de su trayectoria profesional, ha tenido la oportunidad de trabajar en M\u00e9xico y varios otros mercados como Estados Unidos, Europa, y Sudam\u00e9rica. Y por d\u00e9cadas ha servido como ejecutivo de recursos humanos en una de las industrias m\u00e1s desafiantes, la automotriz. Hoy d\u00eda, Salvador est\u00e1 colaborando con varias empresas como socio estrat\u00e9gico y asesor de desarrollo de talento. De los principales intereses de Salvador siempre ha sido el identificar el talento en las personas y ayudarles a maximizar su potencial y contribuciones para la organizaci\u00f3n. En los \u00faltimos a\u00f1os ha lanzado un programa muy exitoso de Coaching para Ejecutivas y Ejecutivos con el objetivo de apoyar a sus clientes a alcanzar la mejor versi\u00f3n de s\u00ed mismos en el \u00e1mbito personal y\/o profesional. Salvador vive en M\u00e9xico desde principios del 2021 junto con su familia, es apasionado del futbol soccer y con gustos musicales muy ecl\u00e9cticos.","sameAs":["https:\/\/executivecoach.com.mx\/","https:\/\/www.linkedin.com\/company\/holguin-executive-coaching-consulting\/"]}]}},"_links":{"self":[{"href":"https:\/\/executivecoach.com.mx\/en\/wp-json\/wp\/v2\/pages\/3184","targetHints":{"allow":["GET"]}}],"collection":[{"href":"https:\/\/executivecoach.com.mx\/en\/wp-json\/wp\/v2\/pages"}],"about":[{"href":"https:\/\/executivecoach.com.mx\/en\/wp-json\/wp\/v2\/types\/page"}],"author":[{"embeddable":true,"href":"https:\/\/executivecoach.com.mx\/en\/wp-json\/wp\/v2\/users\/4"}],"replies":[{"embeddable":true,"href":"https:\/\/executivecoach.com.mx\/en\/wp-json\/wp\/v2\/comments?post=3184"}],"version-history":[{"count":10,"href":"https:\/\/executivecoach.com.mx\/en\/wp-json\/wp\/v2\/pages\/3184\/revisions"}],"predecessor-version":[{"id":3207,"href":"https:\/\/executivecoach.com.mx\/en\/wp-json\/wp\/v2\/pages\/3184\/revisions\/3207"}],"wp:featuredmedia":[{"embeddable":true,"href":"https:\/\/executivecoach.com.mx\/en\/wp-json\/wp\/v2\/media\/2595"}],"wp:attachment":[{"href":"https:\/\/executivecoach.com.mx\/en\/wp-json\/wp\/v2\/media?parent=3184"}],"curies":[{"name":"wp","href":"https:\/\/api.w.org\/{rel}","templated":true}]}}