{"id":3,"date":"2022-04-12T03:55:43","date_gmt":"2022-04-12T03:55:43","guid":{"rendered":"https:\/\/executivecoach.com.mx\/?page_id=3"},"modified":"2025-03-26T17:35:14","modified_gmt":"2025-03-26T23:35:14","slug":"aviso-de-privacidad","status":"publish","type":"page","link":"https:\/\/executivecoach.com.mx\/en\/aviso-de-privacidad\/","title":{"rendered":"Privacy Notice"},"content":{"rendered":"<div data-elementor-type=\"wp-page\" data-elementor-id=\"3\" class=\"elementor elementor-3\">\n\t\t\t\t\t\t<section class=\"elementor-section elementor-top-section elementor-element elementor-element-2f84c109 elementor-section-boxed elementor-section-height-default elementor-section-height-default\" data-id=\"2f84c109\" data-element_type=\"section\" data-e-type=\"section\">\n\t\t\t\t\t\t<div class=\"elementor-container elementor-column-gap-default\">\n\t\t\t\t\t<div class=\"elementor-column elementor-col-100 elementor-top-column elementor-element elementor-element-6e8092b6\" data-id=\"6e8092b6\" data-element_type=\"column\" data-e-type=\"column\">\n\t\t\t<div class=\"elementor-widget-wrap elementor-element-populated\">\n\t\t\t\t\t\t<div class=\"elementor-element elementor-element-b5812c3 elementor-widget elementor-widget-heading\" data-id=\"b5812c3\" data-element_type=\"widget\" data-e-type=\"widget\" data-widget_type=\"heading.default\">\n\t\t\t\t<div class=\"elementor-widget-container\">\n\t\t\t\t\t<h2 class=\"elementor-heading-title elementor-size-default\">Privacy Notice<\/h2>\t\t\t\t<\/div>\n\t\t\t\t<\/div>\n\t\t\t\t<div class=\"elementor-element elementor-element-4617275 elementor-widget-divider--view-line elementor-widget elementor-widget-divider\" data-id=\"4617275\" data-element_type=\"widget\" data-e-type=\"widget\" data-widget_type=\"divider.default\">\n\t\t\t\t<div class=\"elementor-widget-container\">\n\t\t\t\t\t\t\t<div class=\"elementor-divider\">\n\t\t\t<span class=\"elementor-divider-separator\">\n\t\t\t\t\t\t<\/span>\n\t\t<\/div>\n\t\t\t\t\t\t<\/div>\n\t\t\t\t<\/div>\n\t\t\t\t<div class=\"elementor-element elementor-element-142f4892 elementor-widget elementor-widget-text-editor\" data-id=\"142f4892\" data-element_type=\"widget\" data-e-type=\"widget\" data-widget_type=\"text-editor.default\">\n\t\t\t\t<div class=\"elementor-widget-container\">\n\t\t\t\t\t\t\t\t\t<p>De conformidad con lo establecido en la Ley Federal de Protecci\u00f3n de Datos Personales en Posesi\u00f3n de los Particulares,\u00a0<strong>Salvador Holgu\u00edn Sa\u00e9nz<\/strong>\u00a0pone a su disposici\u00f3n el siguiente aviso de privacidad.<\/p>\n<p><strong>Salvador Holgu\u00edn Sa\u00e9nz<\/strong>, es responsable del uso y protecci\u00f3n de sus datos personales, en este sentido y atendiendo las obligaciones legales establecidas en la Ley Federal de Protecci\u00f3n de Datos Personales en Posesi\u00f3n de los Particulares, a trav\u00e9s de este instrumento se informa a los titulares de los datos, la informaci\u00f3n que de ellos se recaba y los fines que se le dar\u00e1n a dicha informaci\u00f3n.<br \/>Adem\u00e1s de lo anterior, informamos a usted\u00a0Salvador Holgu\u00edn Sa\u00e9nz, tiene su domicilio ubicado en:<br \/>Prol. Vasco de Quiroga # 4800, Col. Lomas de Santa F\u00e9, Cuajimalpa de Morelos, Ciudad de Mexico.<br \/>Los datos personales que recabamos de usted ser\u00e1n utilizados para las siguientes finalidades, las cuales son necesarias para concretar nuestra relaci\u00f3n con usted, as\u00ed como para atender los servicios y\/o pedidos que solicite:<\/p>\n<ul>\n<li>Para establecer un mecanismo de contacto entre prestador de servicio y usted.<\/li>\n<li>Para ofertar nuestras novedades de productos y servicios.<\/li>\n<li>Para dar aviso de alg\u00fan cambio en nuestros cursos o productos.<br \/>Para llevar a cabo las finalidades descritas en el presente aviso de privacidad, utilizaremos los siguientes datos personales:\n<ul>\n<li>Nombre, tel\u00e9fono, correo electr\u00f3nico, ocupaci\u00f3n, nivel profesional.<\/li>\n<\/ul>\n<\/li>\n<\/ul>\n<p>El uso de nuestras cookies se detalla a continuaci\u00f3n:<\/p>\t\t\t\t\t\t\t\t<\/div>\n\t\t\t\t<\/div>\n\t\t\t\t<div class=\"elementor-element elementor-element-b582782 elementor-widget elementor-widget-heading\" data-id=\"b582782\" data-element_type=\"widget\" data-e-type=\"widget\" data-widget_type=\"heading.default\">\n\t\t\t\t<div class=\"elementor-widget-container\">\n\t\t\t\t\t<h4 class=\"elementor-heading-title elementor-size-default\">Finalidad<\/h4>\t\t\t\t<\/div>\n\t\t\t\t<\/div>\n\t\t\t\t<div class=\"elementor-element elementor-element-8220c30 elementor-widget elementor-widget-text-editor\" data-id=\"8220c30\" data-element_type=\"widget\" data-e-type=\"widget\" data-widget_type=\"text-editor.default\">\n\t\t\t\t<div class=\"elementor-widget-container\">\n\t\t\t\t\t\t\t\t\t<p>Las cookies pueden recabar informaci\u00f3n sobre tus visitas a nuestra Plataforma, la frecuencia y duraci\u00f3n de estas, las p\u00e1ginas visionadas y el tiempo que has estado en nuestra Plataforma. Te informamos de que podemos utilizar cookies con la finalidad de:<\/p>\n<ul>\n<li>identificar problemas para mejorar nuestra Plataforma<\/li>\n<li>facilitar tu navegaci\u00f3n en nuestra Plataforma<\/li>\n<li>proporcionarte una mejor experiencia en su uso<\/li>\n<li>distinguirte de otros usuarios<\/li>\n<\/ul>\n<p>Asimismo, solicitamos tu consentimiento para utilizar cookies que nos permitan obtener m\u00e1s informaci\u00f3n acerca de tus preferencias y personalizar nuestra Plataforma para ajustarla a sus intereses.<\/p>\t\t\t\t\t\t\t\t<\/div>\n\t\t\t\t<\/div>\n\t\t\t\t<div class=\"elementor-element elementor-element-12fd2ab elementor-widget elementor-widget-heading\" data-id=\"12fd2ab\" data-element_type=\"widget\" data-e-type=\"widget\" data-widget_type=\"heading.default\">\n\t\t\t\t<div class=\"elementor-widget-container\">\n\t\t\t\t\t<h4 class=\"elementor-heading-title elementor-size-default\">Clases de cookies<\/h4>\t\t\t\t<\/div>\n\t\t\t\t<\/div>\n\t\t\t\t<div class=\"elementor-element elementor-element-a2107cb elementor-widget elementor-widget-text-editor\" data-id=\"a2107cb\" data-element_type=\"widget\" data-e-type=\"widget\" data-widget_type=\"text-editor.default\">\n\t\t\t\t<div class=\"elementor-widget-container\">\n\t\t\t\t\t\t\t\t\t<p>Nuestra Plataforma utiliza cookies propias y de terceros con diferentes finalidades, concretamente:<\/p>\n<p><strong>Cookies de terceros<\/strong><br \/>Las cookies de terceros son aquellas establecidas por un dominio diferente de nuestra Plataforma. En nuestra Plataforma utilizamos dos tipos de cookies de terceros:<\/p>\n<ul>\n<li><strong>Cookies T\u00e9cnicas:<\/strong> Te permiten navegar a trav\u00e9s de la Plataforma y utilizar los servicios en ella disponibles como, por ejemplo, controlar la comunicaci\u00f3n de datos, realizar una compra, almacenar contenidos, personalizar el idioma y la moneda, los tests de comprobaci\u00f3n de formato, compartir contenidos a trav\u00e9s de redes sociales de acuerdo con los intereses del usuario, acelerar la carga de la p\u00e1gina, etc., tales como Facebook, LearPress, entre otros.<\/li>\n<li><strong>Cookies Anal\u00edticas:<\/strong> Utilizamos Google Analytics, una herramienta de an\u00e1lisis web de Google que nos permite informarnos sobre c\u00f3mo interact\u00faan los usuarios de nuestra Plataforma. Asimismo, habilita cookies para saber desde qu\u00e9 p\u00e1gina ha accedido el usuario y las utiliza para recopilar informaci\u00f3n de forma an\u00f3nima y elaborar informes de tendencias de la Plataforma sin identificar a usuarios individuales. Puedes consultar m\u00e1s informaci\u00f3n sobre las cookies de Google Analytics y su funcionamiento en el sito web de: <a href=\"http:\/\/developers.google.com\/analytics\/devguides\/collection\/analyticsjs\/cookie-usage\">google.com<\/a><\/li>\n<\/ul>\t\t\t\t\t\t\t\t<\/div>\n\t\t\t\t<\/div>\n\t\t\t\t<div class=\"elementor-element elementor-element-5d3a119 elementor-widget elementor-widget-heading\" data-id=\"5d3a119\" data-element_type=\"widget\" data-e-type=\"widget\" data-widget_type=\"heading.default\">\n\t\t\t\t<div class=\"elementor-widget-container\">\n\t\t\t\t\t<h2 class=\"elementor-heading-title elementor-size-default\">Consentimiento<\/h2>\t\t\t\t<\/div>\n\t\t\t\t<\/div>\n\t\t\t\t<div class=\"elementor-element elementor-element-99d8dbb elementor-widget elementor-widget-text-editor\" data-id=\"99d8dbb\" data-element_type=\"widget\" data-e-type=\"widget\" data-widget_type=\"text-editor.default\">\n\t\t\t\t<div class=\"elementor-widget-container\">\n\t\t\t\t\t\t\t\t\t<p>Al navegar y continuar en nuestra Plataforma, estar\u00e1s consintiendo el uso de las cookies antes enunciadas en las condiciones contenidas en la presente Pol\u00edtica de Cookies. Te recomendamos que cada que accese a nuestra p\u00e1gina revises nuestra pol\u00edticas de cookies con el objetivo de estar adecuadamente informado<br \/>Por otra parte, informamos a usted, que sus datos personales no ser\u00e1n compartidos con ninguna autoridad, empresa, organizaci\u00f3n o persona distintas a nosotros y ser\u00e1n utilizados exclusivamente para los fines se\u00f1alados.<br \/>Usted tiene en todo momento el derecho a conocer qu\u00e9 datos personales tenemos de usted, para qu\u00e9 los utilizamos y las condiciones del uso que les damos (Acceso). Asimismo, es su derecho solicitar la correcci\u00f3n de su informaci\u00f3n personal en caso de que est\u00e9 desactualizada, sea inexacta o incompleta (Rectificaci\u00f3n); de igual manera, tiene derecho a que su informaci\u00f3n se elimine de nuestros registros o bases de datos cuando considere que la misma no est\u00e1 siendo utilizada adecuadamente (Cancelaci\u00f3n); as\u00ed como tambi\u00e9n a oponerse al uso de sus datos personales para fines espec\u00edficos (Oposici\u00f3n). Estos derechos se conocen como derechos ARCO.<br \/>Para el ejercicio de cualquiera de los derechos ARCO, se deber\u00e1 enviar un correo a:<br \/><a href=\"mailto:salvadorholguin@executivecoach.com.mx\">salvadorholguin@executivecoach.com.mx<\/a><br \/>Lo anterior tambi\u00e9n servir\u00e1 para conocer el procedimiento y requisitos para el ejercicio de los derechos ARCO.<br \/>En todo caso la respuesta a la solicitud se dar\u00e1 en el siguiente plazo: 3 d\u00edas h\u00e1biles.<br \/>Los datos de contacto de la persona o departamento de datos personales, que est\u00e1 a cargo de dar tr\u00e1mite a las solicitudes de derechos ARCO, son los siguientes:<\/p>\n<ul>\n<li>Nombre del responsable: <strong>Salvador Holguin Sa\u00e9nz<\/strong><\/li>\n<\/ul>\n<p>Cabe mencionar, que en cualquier momento usted puede revocar su consentimiento para el uso de sus datos personales. Del mismo modo, usted puede revocar el consentimiento que, en su caso, nos haya otorgado para el tratamiento de sus datos personales. Sin embargo, es importante que tenga en cuenta que no en todos los casos podremos atender su solicitud o concluir el uso de forma inmediata, ya que es posible que por alguna obligaci\u00f3n legal se requiera seguir tratando sus datos personales. Asimismo, usted deber\u00e1 considerar que para ciertos fines la revocaci\u00f3n de su consentimiento implicar\u00e1 que no podamos seguir prestando el servicio que nos solicit\u00f3, o la conclusi\u00f3n de su relaci\u00f3n con nosotros.<br \/>Para revocar el consentimiento que usted otorga en este acto o para limitar su divulgaci\u00f3n, se deber\u00e1 enviar un correo a:<br \/><a href=\"mailto:salvadorholguin@executivecoach.com.mx\">salvadorholguin@executivecoach.com.mx<\/a><br \/>Del mismo modo, podr\u00e1 solicitar la informaci\u00f3n para conocer el procedimiento y requisitos para la revocaci\u00f3n del consentimiento, as\u00ed como limitar el uso y divulgaci\u00f3n de su informaci\u00f3n personal.<br \/>En cualquier caso, la respuesta a las peticiones se dar\u00e1 a conocer en el siguiente plazo: 3 d\u00edas h\u00e1biles.<br \/>El presente aviso de privacidad puede sufrir modificaciones, cambios o actualizaciones derivadas de nuevos requerimientos legales; de nuestras propias necesidades por los productos o servicios que ofrecemos; de nuestras pr\u00e1cticas de privacidad; de cambios en nuestro modelo de negocio, o por otras causas, por lo cual, le sugerimos visitar este apartado de Aviso de privacidad cada vez que visite nuestra p\u00e1gina:<br \/><a href=\"https:\/\/executivecoach.com.mx\/en\/\">https:\/\/executivecoach.com.mx<\/a><br \/>Salvador Holguin<\/p>\t\t\t\t\t\t\t\t<\/div>\n\t\t\t\t<\/div>\n\t\t\t\t\t<\/div>\n\t\t<\/div>\n\t\t\t\t\t<\/div>\n\t\t<\/section>\n\t\t\t\t<\/div>","protected":false},"excerpt":{"rendered":"<p>Aviso de Privacidad De conformidad con lo establecido en la Ley Federal de Protecci\u00f3n de Datos Personales en Posesi\u00f3n de los Particulares,&nbsp;Salvador Holgu\u00edn Sa\u00e9nz&nbsp;pone a su disposici\u00f3n el siguiente aviso de privacidad. Salvador Holgu\u00edn Sa\u00e9nz, es responsable del uso y protecci\u00f3n de sus datos personales, en este sentido y atendiendo las obligaciones legales establecidas en&hellip;&nbsp;<a href=\"https:\/\/executivecoach.com.mx\/en\/aviso-de-privacidad\/\" rel=\"bookmark\">Read More &raquo;<span class=\"screen-reader-text\">Privacy Notice<\/span><\/a><\/p>","protected":false},"author":1,"featured_media":1022,"parent":0,"menu_order":0,"comment_status":"closed","ping_status":"open","template":"","meta":{"content-type":"","neve_meta_sidebar":"","neve_meta_container":"","neve_meta_enable_content_width":"","neve_meta_content_width":0,"neve_meta_title_alignment":"","neve_meta_author_avatar":"","neve_post_elements_order":"","neve_meta_disable_header":"","neve_meta_disable_footer":"","neve_meta_disable_title":"on","footnotes":""},"class_list":["post-3","page","type-page","status-publish","has-post-thumbnail","hentry"],"yoast_head":"<!-- This site is optimized with the Yoast SEO plugin v27.4 - https:\/\/yoast.com\/product\/yoast-seo-wordpress\/ -->\n<title>Aviso de Privacidad - Executive Coach<\/title>\n<meta name=\"robots\" content=\"noindex, nofollow\" \/>\n<meta property=\"og:locale\" content=\"en_US\" \/>\n<meta property=\"og:type\" content=\"article\" \/>\n<meta property=\"og:title\" content=\"Aviso de Privacidad - Executive Coach\" \/>\n<meta property=\"og:description\" content=\"Aviso de Privacidad De conformidad con lo establecido en la Ley Federal de Protecci\u00f3n de Datos Personales en Posesi\u00f3n de los Particulares,&nbsp;Salvador Holgu\u00edn Sa\u00e9nz&nbsp;pone a su disposici\u00f3n el siguiente aviso de privacidad. Salvador Holgu\u00edn Sa\u00e9nz, es responsable del uso y protecci\u00f3n de sus datos personales, en este sentido y atendiendo las obligaciones legales establecidas en&hellip;&nbsp;Read More &raquo;Aviso de Privacidad\" \/>\n<meta property=\"og:url\" content=\"https:\/\/executivecoach.com.mx\/en\/aviso-de-privacidad\/\" \/>\n<meta property=\"og:site_name\" content=\"Executive Coach\" \/>\n<meta property=\"article:modified_time\" content=\"2025-03-26T23:35:14+00:00\" \/>\n<meta property=\"og:image\" content=\"https:\/\/executivecoach.com.mx\/wp-content\/uploads\/2023\/01\/Salvador-Holguin-high-black.png\" \/>\n\t<meta property=\"og:image:width\" content=\"7500\" \/>\n\t<meta property=\"og:image:height\" content=\"5000\" \/>\n\t<meta property=\"og:image:type\" content=\"image\/png\" \/>\n<meta name=\"twitter:card\" content=\"summary_large_image\" \/>\n<meta name=\"twitter:label1\" content=\"Est. reading time\" \/>\n\t<meta name=\"twitter:data1\" content=\"5 minutes\" \/>\n<script type=\"application\/ld+json\" class=\"yoast-schema-graph\">{\"@context\":\"https:\\\/\\\/schema.org\",\"@graph\":[{\"@type\":\"WebPage\",\"@id\":\"https:\\\/\\\/executivecoach.com.mx\\\/aviso-de-privacidad\\\/\",\"url\":\"https:\\\/\\\/executivecoach.com.mx\\\/aviso-de-privacidad\\\/\",\"name\":\"Aviso de Privacidad - Executive Coach\",\"isPartOf\":{\"@id\":\"https:\\\/\\\/executivecoach.com.mx\\\/en\\\/#website\"},\"primaryImageOfPage\":{\"@id\":\"https:\\\/\\\/executivecoach.com.mx\\\/aviso-de-privacidad\\\/#primaryimage\"},\"image\":{\"@id\":\"https:\\\/\\\/executivecoach.com.mx\\\/aviso-de-privacidad\\\/#primaryimage\"},\"thumbnailUrl\":\"https:\\\/\\\/executivecoach.com.mx\\\/wp-content\\\/uploads\\\/2023\\\/01\\\/Salvador-Holguin-high-black.png\",\"datePublished\":\"2022-04-12T03:55:43+00:00\",\"dateModified\":\"2025-03-26T23:35:14+00:00\",\"breadcrumb\":{\"@id\":\"https:\\\/\\\/executivecoach.com.mx\\\/aviso-de-privacidad\\\/#breadcrumb\"},\"inLanguage\":\"en-US\",\"potentialAction\":[{\"@type\":\"ReadAction\",\"target\":[\"https:\\\/\\\/executivecoach.com.mx\\\/aviso-de-privacidad\\\/\"]}]},{\"@type\":\"ImageObject\",\"inLanguage\":\"en-US\",\"@id\":\"https:\\\/\\\/executivecoach.com.mx\\\/aviso-de-privacidad\\\/#primaryimage\",\"url\":\"https:\\\/\\\/executivecoach.com.mx\\\/wp-content\\\/uploads\\\/2023\\\/01\\\/Salvador-Holguin-high-black.png\",\"contentUrl\":\"https:\\\/\\\/executivecoach.com.mx\\\/wp-content\\\/uploads\\\/2023\\\/01\\\/Salvador-Holguin-high-black.png\",\"width\":7500,\"height\":5000},{\"@type\":\"BreadcrumbList\",\"@id\":\"https:\\\/\\\/executivecoach.com.mx\\\/aviso-de-privacidad\\\/#breadcrumb\",\"itemListElement\":[{\"@type\":\"ListItem\",\"position\":1,\"name\":\"Portada\",\"item\":\"https:\\\/\\\/executivecoach.com.mx\\\/\"},{\"@type\":\"ListItem\",\"position\":2,\"name\":\"Aviso de Privacidad\"}]},{\"@type\":\"WebSite\",\"@id\":\"https:\\\/\\\/executivecoach.com.mx\\\/en\\\/#website\",\"url\":\"https:\\\/\\\/executivecoach.com.mx\\\/en\\\/\",\"name\":\"Executive Coach\",\"description\":\"Coach Ejecutivo\",\"publisher\":{\"@id\":\"https:\\\/\\\/executivecoach.com.mx\\\/en\\\/#\\\/schema\\\/person\\\/9cb67327ca9d964fca52b3b6c9ae3391\"},\"potentialAction\":[{\"@type\":\"SearchAction\",\"target\":{\"@type\":\"EntryPoint\",\"urlTemplate\":\"https:\\\/\\\/executivecoach.com.mx\\\/en\\\/?s={search_term_string}\"},\"query-input\":{\"@type\":\"PropertyValueSpecification\",\"valueRequired\":true,\"valueName\":\"search_term_string\"}}],\"inLanguage\":\"en-US\"},{\"@type\":[\"Person\",\"Organization\"],\"@id\":\"https:\\\/\\\/executivecoach.com.mx\\\/en\\\/#\\\/schema\\\/person\\\/9cb67327ca9d964fca52b3b6c9ae3391\",\"name\":\"Salvador Holgu\u00edn\",\"image\":{\"@type\":\"ImageObject\",\"inLanguage\":\"en-US\",\"@id\":\"https:\\\/\\\/executivecoach.com.mx\\\/wp-content\\\/uploads\\\/2022\\\/05\\\/cropped-LogoFinal.png\",\"url\":\"https:\\\/\\\/executivecoach.com.mx\\\/wp-content\\\/uploads\\\/2022\\\/05\\\/cropped-LogoFinal.png\",\"contentUrl\":\"https:\\\/\\\/executivecoach.com.mx\\\/wp-content\\\/uploads\\\/2022\\\/05\\\/cropped-LogoFinal.png\",\"width\":177,\"height\":43,\"caption\":\"Salvador Holgu\u00edn\"},\"logo\":{\"@id\":\"https:\\\/\\\/executivecoach.com.mx\\\/wp-content\\\/uploads\\\/2022\\\/05\\\/cropped-LogoFinal.png\"},\"description\":\"Salvador Holgu\u00edn es un Mental Fitness Coach para Ejecutivas (os) con una gran capacidad para conectar con sus clientes. Salvador, es graduado de Ingenier\u00eda Industrial por el Instituto Tecnol\u00f3gico de Chihuahua y cuenta con experiencias diversas en la industria automotriz, instituciones financieras, y compa\u00f1\u00edas de tecnolog\u00eda. A lo largo de su trayectoria profesional, ha tenido la oportunidad de trabajar en M\u00e9xico y varios otros mercados como Estados Unidos, Europa, y Sudam\u00e9rica. Y por d\u00e9cadas ha servido como ejecutivo de recursos humanos en una de las industrias m\u00e1s desafiantes, la automotriz. Hoy d\u00eda, Salvador est\u00e1 colaborando con varias empresas como socio estrat\u00e9gico y asesor de desarrollo de talento. De los principales intereses de Salvador siempre ha sido el identificar el talento en las personas y ayudarles a maximizar su potencial y contribuciones para la organizaci\u00f3n. En los \u00faltimos a\u00f1os ha lanzado un programa muy exitoso de Coaching para Ejecutivas y Ejecutivos con el objetivo de apoyar a sus clientes a alcanzar la mejor versi\u00f3n de s\u00ed mismos en el \u00e1mbito personal y\\\/o profesional. Salvador vive en M\u00e9xico desde principios del 2021 junto con su familia, es apasionado del futbol soccer y con gustos musicales muy ecl\u00e9cticos.\",\"sameAs\":[\"https:\\\/\\\/executivecoach.com.mx\\\/\",\"https:\\\/\\\/www.linkedin.com\\\/company\\\/holguin-executive-coaching-consulting\\\/\"]}]}<\/script>\n<!-- \/ Yoast SEO plugin. -->","yoast_head_json":{"title":"Aviso de Privacidad - Executive Coach","robots":{"index":"noindex","follow":"nofollow"},"og_locale":"en_US","og_type":"article","og_title":"Aviso de Privacidad - Executive Coach","og_description":"Aviso de Privacidad De conformidad con lo establecido en la Ley Federal de Protecci\u00f3n de Datos Personales en Posesi\u00f3n de los Particulares,&nbsp;Salvador Holgu\u00edn Sa\u00e9nz&nbsp;pone a su disposici\u00f3n el siguiente aviso de privacidad. Salvador Holgu\u00edn Sa\u00e9nz, es responsable del uso y protecci\u00f3n de sus datos personales, en este sentido y atendiendo las obligaciones legales establecidas en&hellip;&nbsp;Read More &raquo;Aviso de Privacidad","og_url":"https:\/\/executivecoach.com.mx\/en\/aviso-de-privacidad\/","og_site_name":"Executive Coach","article_modified_time":"2025-03-26T23:35:14+00:00","og_image":[{"width":7500,"height":5000,"url":"https:\/\/executivecoach.com.mx\/wp-content\/uploads\/2023\/01\/Salvador-Holguin-high-black.png","type":"image\/png"}],"twitter_card":"summary_large_image","twitter_misc":{"Est. reading time":"5 minutes"},"schema":{"@context":"https:\/\/schema.org","@graph":[{"@type":"WebPage","@id":"https:\/\/executivecoach.com.mx\/aviso-de-privacidad\/","url":"https:\/\/executivecoach.com.mx\/aviso-de-privacidad\/","name":"Aviso de Privacidad - Executive Coach","isPartOf":{"@id":"https:\/\/executivecoach.com.mx\/en\/#website"},"primaryImageOfPage":{"@id":"https:\/\/executivecoach.com.mx\/aviso-de-privacidad\/#primaryimage"},"image":{"@id":"https:\/\/executivecoach.com.mx\/aviso-de-privacidad\/#primaryimage"},"thumbnailUrl":"https:\/\/executivecoach.com.mx\/wp-content\/uploads\/2023\/01\/Salvador-Holguin-high-black.png","datePublished":"2022-04-12T03:55:43+00:00","dateModified":"2025-03-26T23:35:14+00:00","breadcrumb":{"@id":"https:\/\/executivecoach.com.mx\/aviso-de-privacidad\/#breadcrumb"},"inLanguage":"en-US","potentialAction":[{"@type":"ReadAction","target":["https:\/\/executivecoach.com.mx\/aviso-de-privacidad\/"]}]},{"@type":"ImageObject","inLanguage":"en-US","@id":"https:\/\/executivecoach.com.mx\/aviso-de-privacidad\/#primaryimage","url":"https:\/\/executivecoach.com.mx\/wp-content\/uploads\/2023\/01\/Salvador-Holguin-high-black.png","contentUrl":"https:\/\/executivecoach.com.mx\/wp-content\/uploads\/2023\/01\/Salvador-Holguin-high-black.png","width":7500,"height":5000},{"@type":"BreadcrumbList","@id":"https:\/\/executivecoach.com.mx\/aviso-de-privacidad\/#breadcrumb","itemListElement":[{"@type":"ListItem","position":1,"name":"Portada","item":"https:\/\/executivecoach.com.mx\/"},{"@type":"ListItem","position":2,"name":"Aviso de Privacidad"}]},{"@type":"WebSite","@id":"https:\/\/executivecoach.com.mx\/en\/#website","url":"https:\/\/executivecoach.com.mx\/en\/","name":"Executive Coach","description":"Coach Ejecutivo","publisher":{"@id":"https:\/\/executivecoach.com.mx\/en\/#\/schema\/person\/9cb67327ca9d964fca52b3b6c9ae3391"},"potentialAction":[{"@type":"SearchAction","target":{"@type":"EntryPoint","urlTemplate":"https:\/\/executivecoach.com.mx\/en\/?s={search_term_string}"},"query-input":{"@type":"PropertyValueSpecification","valueRequired":true,"valueName":"search_term_string"}}],"inLanguage":"en-US"},{"@type":["Person","Organization"],"@id":"https:\/\/executivecoach.com.mx\/en\/#\/schema\/person\/9cb67327ca9d964fca52b3b6c9ae3391","name":"Salvador Holgu\u00edn","image":{"@type":"ImageObject","inLanguage":"en-US","@id":"https:\/\/executivecoach.com.mx\/wp-content\/uploads\/2022\/05\/cropped-LogoFinal.png","url":"https:\/\/executivecoach.com.mx\/wp-content\/uploads\/2022\/05\/cropped-LogoFinal.png","contentUrl":"https:\/\/executivecoach.com.mx\/wp-content\/uploads\/2022\/05\/cropped-LogoFinal.png","width":177,"height":43,"caption":"Salvador Holgu\u00edn"},"logo":{"@id":"https:\/\/executivecoach.com.mx\/wp-content\/uploads\/2022\/05\/cropped-LogoFinal.png"},"description":"Salvador Holgu\u00edn es un Mental Fitness Coach para Ejecutivas (os) con una gran capacidad para conectar con sus clientes. Salvador, es graduado de Ingenier\u00eda Industrial por el Instituto Tecnol\u00f3gico de Chihuahua y cuenta con experiencias diversas en la industria automotriz, instituciones financieras, y compa\u00f1\u00edas de tecnolog\u00eda. A lo largo de su trayectoria profesional, ha tenido la oportunidad de trabajar en M\u00e9xico y varios otros mercados como Estados Unidos, Europa, y Sudam\u00e9rica. Y por d\u00e9cadas ha servido como ejecutivo de recursos humanos en una de las industrias m\u00e1s desafiantes, la automotriz. Hoy d\u00eda, Salvador est\u00e1 colaborando con varias empresas como socio estrat\u00e9gico y asesor de desarrollo de talento. De los principales intereses de Salvador siempre ha sido el identificar el talento en las personas y ayudarles a maximizar su potencial y contribuciones para la organizaci\u00f3n. En los \u00faltimos a\u00f1os ha lanzado un programa muy exitoso de Coaching para Ejecutivas y Ejecutivos con el objetivo de apoyar a sus clientes a alcanzar la mejor versi\u00f3n de s\u00ed mismos en el \u00e1mbito personal y\/o profesional. Salvador vive en M\u00e9xico desde principios del 2021 junto con su familia, es apasionado del futbol soccer y con gustos musicales muy ecl\u00e9cticos.","sameAs":["https:\/\/executivecoach.com.mx\/","https:\/\/www.linkedin.com\/company\/holguin-executive-coaching-consulting\/"]}]}},"_links":{"self":[{"href":"https:\/\/executivecoach.com.mx\/en\/wp-json\/wp\/v2\/pages\/3","targetHints":{"allow":["GET"]}}],"collection":[{"href":"https:\/\/executivecoach.com.mx\/en\/wp-json\/wp\/v2\/pages"}],"about":[{"href":"https:\/\/executivecoach.com.mx\/en\/wp-json\/wp\/v2\/types\/page"}],"author":[{"embeddable":true,"href":"https:\/\/executivecoach.com.mx\/en\/wp-json\/wp\/v2\/users\/1"}],"replies":[{"embeddable":true,"href":"https:\/\/executivecoach.com.mx\/en\/wp-json\/wp\/v2\/comments?post=3"}],"version-history":[{"count":0,"href":"https:\/\/executivecoach.com.mx\/en\/wp-json\/wp\/v2\/pages\/3\/revisions"}],"wp:featuredmedia":[{"embeddable":true,"href":"https:\/\/executivecoach.com.mx\/en\/wp-json\/wp\/v2\/media\/1022"}],"wp:attachment":[{"href":"https:\/\/executivecoach.com.mx\/en\/wp-json\/wp\/v2\/media?parent=3"}],"curies":[{"name":"wp","href":"https:\/\/api.w.org\/{rel}","templated":true}]}}