{"id":2911,"date":"2026-01-30T20:48:36","date_gmt":"2026-01-31T02:48:36","guid":{"rendered":"https:\/\/executivecoach.com.mx\/?page_id=2911"},"modified":"2026-03-02T14:42:42","modified_gmt":"2026-03-02T20:42:42","slug":"coaching-ejecutivo-en-monterrey-liderazgo-para-la-industria","status":"publish","type":"page","link":"https:\/\/executivecoach.com.mx\/en\/coaching-ejecutivo-en-monterrey-liderazgo-para-la-industria\/","title":{"rendered":"Coaching Ejecutivo en Monterrey: Liderazgo para la Industria"},"content":{"rendered":"<div data-elementor-type=\"wp-page\" data-elementor-id=\"2911\" class=\"elementor elementor-2911\">\n\t\t\t\t\t\t<section class=\"elementor-section elementor-top-section elementor-element elementor-element-1b47df0b elementor-section-boxed elementor-section-height-default elementor-section-height-default\" data-id=\"1b47df0b\" data-element_type=\"section\" data-e-type=\"section\">\n\t\t\t\t\t\t<div class=\"elementor-container elementor-column-gap-default\">\n\t\t\t\t\t<div class=\"elementor-column elementor-col-100 elementor-top-column elementor-element elementor-element-5971d238\" data-id=\"5971d238\" data-element_type=\"column\" data-e-type=\"column\">\n\t\t\t<div class=\"elementor-widget-wrap elementor-element-populated\">\n\t\t\t\t\t\t<div class=\"elementor-element elementor-element-bde9f44 elementor-widget elementor-widget-heading\" data-id=\"bde9f44\" data-element_type=\"widget\" data-e-type=\"widget\" data-widget_type=\"heading.default\">\n\t\t\t\t<div class=\"elementor-widget-container\">\n\t\t\t\t\t<h1 class=\"elementor-heading-title elementor-size-default\">Coaching Ejecutivo en Monterrey<\/h1>\t\t\t\t<\/div>\n\t\t\t\t<\/div>\n\t\t\t\t<div class=\"elementor-element elementor-element-5207527f elementor-widget-divider--view-line elementor-widget elementor-widget-divider\" data-id=\"5207527f\" data-element_type=\"widget\" data-e-type=\"widget\" data-widget_type=\"divider.default\">\n\t\t\t\t<div class=\"elementor-widget-container\">\n\t\t\t\t\t\t\t<div class=\"elementor-divider\">\n\t\t\t<span class=\"elementor-divider-separator\">\n\t\t\t\t\t\t<\/span>\n\t\t<\/div>\n\t\t\t\t\t\t<\/div>\n\t\t\t\t<\/div>\n\t\t\t\t<div class=\"elementor-element elementor-element-549ac9f elementor-widget elementor-widget-image\" data-id=\"549ac9f\" data-element_type=\"widget\" data-e-type=\"widget\" data-widget_type=\"image.default\">\n\t\t\t\t<div class=\"elementor-widget-container\">\n\t\t\t\t\t\t\t\t\t\t\t\t\t\t\t<img fetchpriority=\"high\" decoding=\"async\" width=\"768\" height=\"432\" src=\"https:\/\/executivecoach.com.mx\/wp-content\/uploads\/2025\/02\/1731397937741-768x432.jpeg\" class=\"attachment-medium_large size-medium_large wp-image-2628\" alt=\"Coaching para Ejecutivos en M\u00e9xico\" srcset=\"https:\/\/executivecoach.com.mx\/wp-content\/uploads\/2025\/02\/1731397937741-768x432.jpeg 768w, https:\/\/executivecoach.com.mx\/wp-content\/uploads\/2025\/02\/1731397937741-300x169.jpeg 300w, https:\/\/executivecoach.com.mx\/wp-content\/uploads\/2025\/02\/1731397937741-1024x576.jpeg 1024w, https:\/\/executivecoach.com.mx\/wp-content\/uploads\/2025\/02\/1731397937741-18x10.jpeg 18w, https:\/\/executivecoach.com.mx\/wp-content\/uploads\/2025\/02\/1731397937741.jpeg 1280w\" sizes=\"(max-width: 768px) 100vw, 768px\" \/>\t\t\t\t\t\t\t\t\t\t\t\t\t\t\t<\/div>\n\t\t\t\t<\/div>\n\t\t\t\t<div class=\"elementor-element elementor-element-80a5f6e elementor-widget elementor-widget-text-editor\" data-id=\"80a5f6e\" data-element_type=\"widget\" data-e-type=\"widget\" data-widget_type=\"text-editor.default\">\n\t\t\t\t<div class=\"elementor-widget-container\">\n\t\t\t\t\t\t\t\t\t<h2><strong>\u00bfPor qu\u00e9 Monterrey Necesita Coaching Ejecutivo?<\/strong><\/h2><p class=\"ds-markdown-paragraph\">Monterrey es\u00a0<strong>el motor industrial de M\u00e9xico<\/strong>, con:<br \/>\u2714\u00a0<strong>25% del PIB manufacturero nacional<\/strong><br \/>\u2714\u00a0<strong>Sedes corporativas de Fortune 500<\/strong>\u00a0(FEMSA, CEMEX)<br \/>\u2714\u00a0<strong>Mayor densidad de PyMEs de alto impacto<\/strong><\/p><p class=\"ds-markdown-paragraph\"><strong>Desaf\u00edos empresariales:<\/strong><br \/>\ud83d\udd39\u00a0<strong>Altos est\u00e1ndares de productividad<\/strong><br \/>\ud83d\udd39\u00a0<strong>Gesti\u00f3n de equipos en entornos competitivos<\/strong><br \/>\ud83d\udd39\u00a0<strong>Preparaci\u00f3n para expansi\u00f3n internacional<\/strong><\/p>\t\t\t\t\t\t\t\t<\/div>\n\t\t\t\t<\/div>\n\t\t\t\t<div class=\"elementor-element elementor-element-155525e elementor-position-inline-end elementor-view-default elementor-mobile-position-block-start elementor-widget elementor-widget-icon-box\" data-id=\"155525e\" data-element_type=\"widget\" data-e-type=\"widget\" data-widget_type=\"icon-box.default\">\n\t\t\t\t<div class=\"elementor-widget-container\">\n\t\t\t\t\t\t\t<div class=\"elementor-icon-box-wrapper\">\n\n\t\t\t\t\t\t<div class=\"elementor-icon-box-icon\">\n\t\t\t\t<a href=\"https:\/\/wa.me\/525619951639\" target=\"_blank\" class=\"elementor-icon\" tabindex=\"-1\" aria-label=\"Cont\u00e1ctame por Whatsapp\">\n\t\t\t\t<i aria-hidden=\"true\" class=\"fab fa-whatsapp\"><\/i>\t\t\t\t<\/a>\n\t\t\t<\/div>\n\t\t\t\n\t\t\t\t\t\t<div class=\"elementor-icon-box-content\">\n\n\t\t\t\t\t\t\t\t\t<h4 class=\"elementor-icon-box-title\">\n\t\t\t\t\t\t<a href=\"https:\/\/wa.me\/525619951639\" target=\"_blank\" >\n\t\t\t\t\t\t\tCont\u00e1ctame por Whatsapp\t\t\t\t\t\t<\/a>\n\t\t\t\t\t<\/h4>\n\t\t\t\t\n\t\t\t\t\n\t\t\t<\/div>\n\t\t\t\n\t\t<\/div>\n\t\t\t\t\t\t<\/div>\n\t\t\t\t<\/div>\n\t\t\t\t<div class=\"elementor-element elementor-element-fc00e96 elementor-widget elementor-widget-text-editor\" data-id=\"fc00e96\" data-element_type=\"widget\" data-e-type=\"widget\" data-widget_type=\"text-editor.default\">\n\t\t\t\t<div class=\"elementor-widget-container\">\n\t\t\t\t\t\t\t\t\t<h2><strong>Beneficios Clave<\/strong><\/h2><h3><strong>\u2714 Para Ejecutivos:<\/strong><\/h3><p class=\"ds-markdown-paragraph\">\u2705\u00a0<strong>Liderazgo en ambientes de alta presi\u00f3n<\/strong><br \/>\u2705\u00a0<strong>Habilidades para negocios internacionales<\/strong><br \/>\u2705\u00a0<strong>Gesti\u00f3n de equipos multigeneracionales<\/strong><\/p><h3><strong>\u2714 Para Empresas:<\/strong><\/h3><p class=\"ds-markdown-paragraph\">\ud83d\udcc8\u00a0<strong>+35% en eficiencia directiva<\/strong><br \/>\ud83c\udf0e\u00a0<strong>Mayor adaptaci\u00f3n a mercados globales<\/strong><\/p>\t\t\t\t\t\t\t\t<\/div>\n\t\t\t\t<\/div>\n\t\t\t\t<div class=\"elementor-element elementor-element-ba8600d elementor-widget elementor-widget-text-editor\" data-id=\"ba8600d\" data-element_type=\"widget\" data-e-type=\"widget\" data-widget_type=\"text-editor.default\">\n\t\t\t\t<div class=\"elementor-widget-container\">\n\t\t\t\t\t\t\t\t\t<h2><strong>Tipos de Coaching Ejecutivo<\/strong><\/h2><ul><li><p><strong>Para alta direcci\u00f3n<\/strong>: CEOs y due\u00f1os de empresas.<\/p><\/li><li><p><strong>Onboarding r\u00e1pido<\/strong>: Ejecutivos nuevos en plantas internacionales.<\/p><\/li><li><p><strong>Equipos comerciales<\/strong>: Mejora de negociaci\u00f3n y cierres (sector servicios).<\/p><\/li><\/ul><h3><strong>\u00bfC\u00f3mo elegir el mejor coach ejecutivo en Monterrey?<\/strong><\/h3><p>Busca:<\/p><p>\u2705\u00a0<strong>Certificaciones internacionales.<\/strong><br \/>\u2705\u00a0<strong>Experiencia en tu industria o con el nivel ejecutivo.<\/strong><br \/>\u2705\u00a0<strong>Enfoque pr\u00e1ctico.<\/strong><\/p>\t\t\t\t\t\t\t\t<\/div>\n\t\t\t\t<\/div>\n\t\t\t\t<div class=\"elementor-element elementor-element-d189979 elementor-position-inline-end elementor-view-default elementor-mobile-position-block-start elementor-widget elementor-widget-icon-box\" data-id=\"d189979\" data-element_type=\"widget\" data-e-type=\"widget\" data-widget_type=\"icon-box.default\">\n\t\t\t\t<div class=\"elementor-widget-container\">\n\t\t\t\t\t\t\t<div class=\"elementor-icon-box-wrapper\">\n\n\t\t\t\t\t\t<div class=\"elementor-icon-box-icon\">\n\t\t\t\t<a href=\"https:\/\/wa.me\/525619951639\" target=\"_blank\" class=\"elementor-icon\" tabindex=\"-1\" aria-label=\"Cont\u00e1ctame por Whatsapp\">\n\t\t\t\t<i aria-hidden=\"true\" class=\"fab fa-whatsapp\"><\/i>\t\t\t\t<\/a>\n\t\t\t<\/div>\n\t\t\t\n\t\t\t\t\t\t<div class=\"elementor-icon-box-content\">\n\n\t\t\t\t\t\t\t\t\t<h4 class=\"elementor-icon-box-title\">\n\t\t\t\t\t\t<a href=\"https:\/\/wa.me\/525619951639\" target=\"_blank\" >\n\t\t\t\t\t\t\tCont\u00e1ctame por Whatsapp\t\t\t\t\t\t<\/a>\n\t\t\t\t\t<\/h4>\n\t\t\t\t\n\t\t\t\t\n\t\t\t<\/div>\n\t\t\t\n\t\t<\/div>\n\t\t\t\t\t\t<\/div>\n\t\t\t\t<\/div>\n\t\t\t\t\t<\/div>\n\t\t<\/div>\n\t\t\t\t\t<\/div>\n\t\t<\/section>\n\t\t\t\t<\/div>","protected":false},"excerpt":{"rendered":"<p>Coaching Ejecutivo en Monterrey \u00bfPor qu\u00e9 Monterrey Necesita Coaching Ejecutivo? Monterrey es\u00a0el motor industrial de M\u00e9xico, con:\u2714\u00a025% del PIB manufacturero nacional\u2714\u00a0Sedes corporativas de Fortune 500\u00a0(FEMSA, CEMEX)\u2714\u00a0Mayor densidad de PyMEs de alto impacto Desaf\u00edos empresariales:\ud83d\udd39\u00a0Altos est\u00e1ndares de productividad\ud83d\udd39\u00a0Gesti\u00f3n de equipos en entornos competitivos\ud83d\udd39\u00a0Preparaci\u00f3n para expansi\u00f3n internacional Cont\u00e1ctame por Whatsapp Beneficios Clave \u2714 Para Ejecutivos: \u2705\u00a0Liderazgo en&hellip;&nbsp;<a href=\"https:\/\/executivecoach.com.mx\/en\/coaching-ejecutivo-en-monterrey-liderazgo-para-la-industria\/\" rel=\"bookmark\">Read More &raquo;<span class=\"screen-reader-text\">Coaching Ejecutivo en Monterrey: Liderazgo para la Industria<\/span><\/a><\/p>","protected":false},"author":4,"featured_media":0,"parent":0,"menu_order":0,"comment_status":"closed","ping_status":"closed","template":"","meta":{"content-type":"","neve_meta_sidebar":"","neve_meta_container":"","neve_meta_enable_content_width":"","neve_meta_content_width":0,"neve_meta_title_alignment":"","neve_meta_author_avatar":"","neve_post_elements_order":"","neve_meta_disable_header":"","neve_meta_disable_footer":"","neve_meta_disable_title":"","footnotes":""},"class_list":["post-2911","page","type-page","status-publish","hentry"],"yoast_head":"<!-- This site is optimized with the Yoast SEO plugin v27.2 - https:\/\/yoast.com\/product\/yoast-seo-wordpress\/ -->\n<title>Coaching Ejecutivo en Monterrey: Liderazgo para la Industria<\/title>\n<meta name=\"description\" content=\"Servicios de coaching ejecutivo en Monterrey para potenciar l\u00edderes en manufactura, finanzas y retail. \u00bfQuieres l\u00edderes m\u00e1s efectivos?\" \/>\n<meta name=\"robots\" content=\"index, follow, max-snippet:-1, max-image-preview:large, max-video-preview:-1\" \/>\n<link rel=\"canonical\" href=\"https:\/\/executivecoach.com.mx\/en\/coaching-ejecutivo-en-monterrey-liderazgo-para-la-industria\/\" \/>\n<meta property=\"og:locale\" content=\"en_US\" \/>\n<meta property=\"og:type\" content=\"article\" \/>\n<meta property=\"og:title\" content=\"Coaching Ejecutivo en Monterrey: Liderazgo para la Industria\" \/>\n<meta property=\"og:description\" content=\"Servicios de coaching ejecutivo en Monterrey para potenciar l\u00edderes en manufactura, finanzas y retail. \u00bfQuieres l\u00edderes m\u00e1s efectivos?\" \/>\n<meta property=\"og:url\" content=\"https:\/\/executivecoach.com.mx\/en\/coaching-ejecutivo-en-monterrey-liderazgo-para-la-industria\/\" \/>\n<meta property=\"og:site_name\" content=\"Executive Coach\" \/>\n<meta property=\"article:modified_time\" content=\"2026-03-02T20:42:42+00:00\" \/>\n<meta property=\"og:image\" content=\"https:\/\/executivecoach.com.mx\/wp-content\/uploads\/2025\/02\/1731397937741.jpeg\" \/>\n\t<meta property=\"og:image:width\" content=\"1280\" \/>\n\t<meta property=\"og:image:height\" content=\"720\" \/>\n\t<meta property=\"og:image:type\" content=\"image\/jpeg\" \/>\n<meta name=\"twitter:card\" content=\"summary_large_image\" \/>\n<meta name=\"twitter:label1\" content=\"Est. reading time\" \/>\n\t<meta name=\"twitter:data1\" content=\"1 minute\" \/>\n<script type=\"application\/ld+json\" class=\"yoast-schema-graph\">{\"@context\":\"https:\/\/schema.org\",\"@graph\":[{\"@type\":\"WebPage\",\"@id\":\"https:\/\/executivecoach.com.mx\/coaching-ejecutivo-en-monterrey-liderazgo-para-la-industria\/\",\"url\":\"https:\/\/executivecoach.com.mx\/coaching-ejecutivo-en-monterrey-liderazgo-para-la-industria\/\",\"name\":\"Coaching Ejecutivo en Monterrey: Liderazgo para la Industria\",\"isPartOf\":{\"@id\":\"https:\/\/executivecoach.com.mx\/en\/#website\"},\"primaryImageOfPage\":{\"@id\":\"https:\/\/executivecoach.com.mx\/coaching-ejecutivo-en-monterrey-liderazgo-para-la-industria\/#primaryimage\"},\"image\":{\"@id\":\"https:\/\/executivecoach.com.mx\/coaching-ejecutivo-en-monterrey-liderazgo-para-la-industria\/#primaryimage\"},\"thumbnailUrl\":\"https:\/\/executivecoach.com.mx\/wp-content\/uploads\/2025\/02\/1731397937741-768x432.jpeg\",\"datePublished\":\"2026-01-31T02:48:36+00:00\",\"dateModified\":\"2026-03-02T20:42:42+00:00\",\"description\":\"Servicios de coaching ejecutivo en Monterrey para potenciar l\u00edderes en manufactura, finanzas y retail. \u00bfQuieres l\u00edderes m\u00e1s efectivos?\",\"breadcrumb\":{\"@id\":\"https:\/\/executivecoach.com.mx\/coaching-ejecutivo-en-monterrey-liderazgo-para-la-industria\/#breadcrumb\"},\"inLanguage\":\"en-US\",\"potentialAction\":[{\"@type\":\"ReadAction\",\"target\":[\"https:\/\/executivecoach.com.mx\/coaching-ejecutivo-en-monterrey-liderazgo-para-la-industria\/\"]}]},{\"@type\":\"ImageObject\",\"inLanguage\":\"en-US\",\"@id\":\"https:\/\/executivecoach.com.mx\/coaching-ejecutivo-en-monterrey-liderazgo-para-la-industria\/#primaryimage\",\"url\":\"https:\/\/executivecoach.com.mx\/wp-content\/uploads\/2025\/02\/1731397937741-768x432.jpeg\",\"contentUrl\":\"https:\/\/executivecoach.com.mx\/wp-content\/uploads\/2025\/02\/1731397937741-768x432.jpeg\"},{\"@type\":\"BreadcrumbList\",\"@id\":\"https:\/\/executivecoach.com.mx\/coaching-ejecutivo-en-monterrey-liderazgo-para-la-industria\/#breadcrumb\",\"itemListElement\":[{\"@type\":\"ListItem\",\"position\":1,\"name\":\"Portada\",\"item\":\"https:\/\/executivecoach.com.mx\/\"},{\"@type\":\"ListItem\",\"position\":2,\"name\":\"Coaching Ejecutivo en Monterrey: Liderazgo para la Industria\"}]},{\"@type\":\"WebSite\",\"@id\":\"https:\/\/executivecoach.com.mx\/en\/#website\",\"url\":\"https:\/\/executivecoach.com.mx\/en\/\",\"name\":\"Executive Coach\",\"description\":\"Coach Ejecutivo\",\"publisher\":{\"@id\":\"https:\/\/executivecoach.com.mx\/en\/#\/schema\/person\/9cb67327ca9d964fca52b3b6c9ae3391\"},\"potentialAction\":[{\"@type\":\"SearchAction\",\"target\":{\"@type\":\"EntryPoint\",\"urlTemplate\":\"https:\/\/executivecoach.com.mx\/en\/?s={search_term_string}\"},\"query-input\":{\"@type\":\"PropertyValueSpecification\",\"valueRequired\":true,\"valueName\":\"search_term_string\"}}],\"inLanguage\":\"en-US\"},{\"@type\":[\"Person\",\"Organization\"],\"@id\":\"https:\/\/executivecoach.com.mx\/en\/#\/schema\/person\/9cb67327ca9d964fca52b3b6c9ae3391\",\"name\":\"Salvador Holgu\u00edn\",\"image\":{\"@type\":\"ImageObject\",\"inLanguage\":\"en-US\",\"@id\":\"https:\/\/executivecoach.com.mx\/wp-content\/uploads\/2022\/05\/cropped-LogoFinal.png\",\"url\":\"https:\/\/executivecoach.com.mx\/wp-content\/uploads\/2022\/05\/cropped-LogoFinal.png\",\"contentUrl\":\"https:\/\/executivecoach.com.mx\/wp-content\/uploads\/2022\/05\/cropped-LogoFinal.png\",\"width\":177,\"height\":43,\"caption\":\"Salvador Holgu\u00edn\"},\"logo\":{\"@id\":\"https:\/\/executivecoach.com.mx\/wp-content\/uploads\/2022\/05\/cropped-LogoFinal.png\"},\"description\":\"Salvador Holgu\u00edn es un Mental Fitness Coach para Ejecutivas (os) con una gran capacidad para conectar con sus clientes. Salvador, es graduado de Ingenier\u00eda Industrial por el Instituto Tecnol\u00f3gico de Chihuahua y cuenta con experiencias diversas en la industria automotriz, instituciones financieras, y compa\u00f1\u00edas de tecnolog\u00eda. A lo largo de su trayectoria profesional, ha tenido la oportunidad de trabajar en M\u00e9xico y varios otros mercados como Estados Unidos, Europa, y Sudam\u00e9rica. Y por d\u00e9cadas ha servido como ejecutivo de recursos humanos en una de las industrias m\u00e1s desafiantes, la automotriz. Hoy d\u00eda, Salvador est\u00e1 colaborando con varias empresas como socio estrat\u00e9gico y asesor de desarrollo de talento. De los principales intereses de Salvador siempre ha sido el identificar el talento en las personas y ayudarles a maximizar su potencial y contribuciones para la organizaci\u00f3n. En los \u00faltimos a\u00f1os ha lanzado un programa muy exitoso de Coaching para Ejecutivas y Ejecutivos con el objetivo de apoyar a sus clientes a alcanzar la mejor versi\u00f3n de s\u00ed mismos en el \u00e1mbito personal y\/o profesional. Salvador vive en M\u00e9xico desde principios del 2021 junto con su familia, es apasionado del futbol soccer y con gustos musicales muy ecl\u00e9cticos.\",\"sameAs\":[\"https:\/\/executivecoach.com.mx\/\",\"https:\/\/www.linkedin.com\/company\/holguin-executive-coaching-consulting\/\"]}]}<\/script>\n<!-- \/ Yoast SEO plugin. -->","yoast_head_json":{"title":"Coaching Ejecutivo en Monterrey: Liderazgo para la Industria","description":"Servicios de coaching ejecutivo en Monterrey para potenciar l\u00edderes en manufactura, finanzas y retail. \u00bfQuieres l\u00edderes m\u00e1s efectivos?","robots":{"index":"index","follow":"follow","max-snippet":"max-snippet:-1","max-image-preview":"max-image-preview:large","max-video-preview":"max-video-preview:-1"},"canonical":"https:\/\/executivecoach.com.mx\/en\/coaching-ejecutivo-en-monterrey-liderazgo-para-la-industria\/","og_locale":"en_US","og_type":"article","og_title":"Coaching Ejecutivo en Monterrey: Liderazgo para la Industria","og_description":"Servicios de coaching ejecutivo en Monterrey para potenciar l\u00edderes en manufactura, finanzas y retail. \u00bfQuieres l\u00edderes m\u00e1s efectivos?","og_url":"https:\/\/executivecoach.com.mx\/en\/coaching-ejecutivo-en-monterrey-liderazgo-para-la-industria\/","og_site_name":"Executive Coach","article_modified_time":"2026-03-02T20:42:42+00:00","og_image":[{"width":1280,"height":720,"url":"https:\/\/executivecoach.com.mx\/wp-content\/uploads\/2025\/02\/1731397937741.jpeg","type":"image\/jpeg"}],"twitter_card":"summary_large_image","twitter_misc":{"Est. reading time":"1 minute"},"schema":{"@context":"https:\/\/schema.org","@graph":[{"@type":"WebPage","@id":"https:\/\/executivecoach.com.mx\/coaching-ejecutivo-en-monterrey-liderazgo-para-la-industria\/","url":"https:\/\/executivecoach.com.mx\/coaching-ejecutivo-en-monterrey-liderazgo-para-la-industria\/","name":"Coaching Ejecutivo en Monterrey: Liderazgo para la Industria","isPartOf":{"@id":"https:\/\/executivecoach.com.mx\/en\/#website"},"primaryImageOfPage":{"@id":"https:\/\/executivecoach.com.mx\/coaching-ejecutivo-en-monterrey-liderazgo-para-la-industria\/#primaryimage"},"image":{"@id":"https:\/\/executivecoach.com.mx\/coaching-ejecutivo-en-monterrey-liderazgo-para-la-industria\/#primaryimage"},"thumbnailUrl":"https:\/\/executivecoach.com.mx\/wp-content\/uploads\/2025\/02\/1731397937741-768x432.jpeg","datePublished":"2026-01-31T02:48:36+00:00","dateModified":"2026-03-02T20:42:42+00:00","description":"Servicios de coaching ejecutivo en Monterrey para potenciar l\u00edderes en manufactura, finanzas y retail. \u00bfQuieres l\u00edderes m\u00e1s efectivos?","breadcrumb":{"@id":"https:\/\/executivecoach.com.mx\/coaching-ejecutivo-en-monterrey-liderazgo-para-la-industria\/#breadcrumb"},"inLanguage":"en-US","potentialAction":[{"@type":"ReadAction","target":["https:\/\/executivecoach.com.mx\/coaching-ejecutivo-en-monterrey-liderazgo-para-la-industria\/"]}]},{"@type":"ImageObject","inLanguage":"en-US","@id":"https:\/\/executivecoach.com.mx\/coaching-ejecutivo-en-monterrey-liderazgo-para-la-industria\/#primaryimage","url":"https:\/\/executivecoach.com.mx\/wp-content\/uploads\/2025\/02\/1731397937741-768x432.jpeg","contentUrl":"https:\/\/executivecoach.com.mx\/wp-content\/uploads\/2025\/02\/1731397937741-768x432.jpeg"},{"@type":"BreadcrumbList","@id":"https:\/\/executivecoach.com.mx\/coaching-ejecutivo-en-monterrey-liderazgo-para-la-industria\/#breadcrumb","itemListElement":[{"@type":"ListItem","position":1,"name":"Portada","item":"https:\/\/executivecoach.com.mx\/"},{"@type":"ListItem","position":2,"name":"Coaching Ejecutivo en Monterrey: Liderazgo para la Industria"}]},{"@type":"WebSite","@id":"https:\/\/executivecoach.com.mx\/en\/#website","url":"https:\/\/executivecoach.com.mx\/en\/","name":"Executive Coach","description":"Coach Ejecutivo","publisher":{"@id":"https:\/\/executivecoach.com.mx\/en\/#\/schema\/person\/9cb67327ca9d964fca52b3b6c9ae3391"},"potentialAction":[{"@type":"SearchAction","target":{"@type":"EntryPoint","urlTemplate":"https:\/\/executivecoach.com.mx\/en\/?s={search_term_string}"},"query-input":{"@type":"PropertyValueSpecification","valueRequired":true,"valueName":"search_term_string"}}],"inLanguage":"en-US"},{"@type":["Person","Organization"],"@id":"https:\/\/executivecoach.com.mx\/en\/#\/schema\/person\/9cb67327ca9d964fca52b3b6c9ae3391","name":"Salvador Holgu\u00edn","image":{"@type":"ImageObject","inLanguage":"en-US","@id":"https:\/\/executivecoach.com.mx\/wp-content\/uploads\/2022\/05\/cropped-LogoFinal.png","url":"https:\/\/executivecoach.com.mx\/wp-content\/uploads\/2022\/05\/cropped-LogoFinal.png","contentUrl":"https:\/\/executivecoach.com.mx\/wp-content\/uploads\/2022\/05\/cropped-LogoFinal.png","width":177,"height":43,"caption":"Salvador Holgu\u00edn"},"logo":{"@id":"https:\/\/executivecoach.com.mx\/wp-content\/uploads\/2022\/05\/cropped-LogoFinal.png"},"description":"Salvador Holgu\u00edn es un Mental Fitness Coach para Ejecutivas (os) con una gran capacidad para conectar con sus clientes. Salvador, es graduado de Ingenier\u00eda Industrial por el Instituto Tecnol\u00f3gico de Chihuahua y cuenta con experiencias diversas en la industria automotriz, instituciones financieras, y compa\u00f1\u00edas de tecnolog\u00eda. A lo largo de su trayectoria profesional, ha tenido la oportunidad de trabajar en M\u00e9xico y varios otros mercados como Estados Unidos, Europa, y Sudam\u00e9rica. Y por d\u00e9cadas ha servido como ejecutivo de recursos humanos en una de las industrias m\u00e1s desafiantes, la automotriz. Hoy d\u00eda, Salvador est\u00e1 colaborando con varias empresas como socio estrat\u00e9gico y asesor de desarrollo de talento. De los principales intereses de Salvador siempre ha sido el identificar el talento en las personas y ayudarles a maximizar su potencial y contribuciones para la organizaci\u00f3n. En los \u00faltimos a\u00f1os ha lanzado un programa muy exitoso de Coaching para Ejecutivas y Ejecutivos con el objetivo de apoyar a sus clientes a alcanzar la mejor versi\u00f3n de s\u00ed mismos en el \u00e1mbito personal y\/o profesional. Salvador vive en M\u00e9xico desde principios del 2021 junto con su familia, es apasionado del futbol soccer y con gustos musicales muy ecl\u00e9cticos.","sameAs":["https:\/\/executivecoach.com.mx\/","https:\/\/www.linkedin.com\/company\/holguin-executive-coaching-consulting\/"]}]}},"_links":{"self":[{"href":"https:\/\/executivecoach.com.mx\/en\/wp-json\/wp\/v2\/pages\/2911","targetHints":{"allow":["GET"]}}],"collection":[{"href":"https:\/\/executivecoach.com.mx\/en\/wp-json\/wp\/v2\/pages"}],"about":[{"href":"https:\/\/executivecoach.com.mx\/en\/wp-json\/wp\/v2\/types\/page"}],"author":[{"embeddable":true,"href":"https:\/\/executivecoach.com.mx\/en\/wp-json\/wp\/v2\/users\/4"}],"replies":[{"embeddable":true,"href":"https:\/\/executivecoach.com.mx\/en\/wp-json\/wp\/v2\/comments?post=2911"}],"version-history":[{"count":1,"href":"https:\/\/executivecoach.com.mx\/en\/wp-json\/wp\/v2\/pages\/2911\/revisions"}],"predecessor-version":[{"id":3288,"href":"https:\/\/executivecoach.com.mx\/en\/wp-json\/wp\/v2\/pages\/2911\/revisions\/3288"}],"wp:attachment":[{"href":"https:\/\/executivecoach.com.mx\/en\/wp-json\/wp\/v2\/media?parent=2911"}],"curies":[{"name":"wp","href":"https:\/\/api.w.org\/{rel}","templated":true}]}}