{"id":2877,"date":"2026-02-28T18:12:45","date_gmt":"2026-03-01T00:12:45","guid":{"rendered":"https:\/\/executivecoach.com.mx\/?page_id=2877"},"modified":"2026-03-02T14:43:23","modified_gmt":"2026-03-02T20:43:23","slug":"programas-de-coaching-ejecutivo-potencia-el-liderazgo-y-la-gestion-empresarial","status":"publish","type":"page","link":"https:\/\/executivecoach.com.mx\/en\/servicios-de-coaching-empresarial-en-mexico-impulsa-el-exito-de-tu-organizacion\/programas-de-coaching-ejecutivo-potencia-el-liderazgo-y-la-gestion-empresarial\/","title":{"rendered":"Programas de Coaching Ejecutivo: Potencia el Liderazgo y la Gesti\u00f3n Empresarial"},"content":{"rendered":"<div data-elementor-type=\"wp-page\" data-elementor-id=\"2877\" class=\"elementor elementor-2877\">\n\t\t\t\t\t\t<section class=\"elementor-section elementor-top-section elementor-element elementor-element-cbd330b elementor-section-boxed elementor-section-height-default elementor-section-height-default\" data-id=\"cbd330b\" data-element_type=\"section\" data-e-type=\"section\">\n\t\t\t\t\t\t<div class=\"elementor-container elementor-column-gap-default\">\n\t\t\t\t\t<div class=\"elementor-column elementor-col-100 elementor-top-column elementor-element elementor-element-5dde0e57\" data-id=\"5dde0e57\" data-element_type=\"column\" data-e-type=\"column\">\n\t\t\t<div class=\"elementor-widget-wrap elementor-element-populated\">\n\t\t\t\t\t\t<div class=\"elementor-element elementor-element-72bd508a elementor-widget elementor-widget-heading\" data-id=\"72bd508a\" data-element_type=\"widget\" data-e-type=\"widget\" data-widget_type=\"heading.default\">\n\t\t\t\t<div class=\"elementor-widget-container\">\n\t\t\t\t\t<h1 class=\"elementor-heading-title elementor-size-default\">Programas de Coaching Ejecutivo<\/h1>\t\t\t\t<\/div>\n\t\t\t\t<\/div>\n\t\t\t\t<div class=\"elementor-element elementor-element-13dc1274 elementor-widget-divider--view-line elementor-widget elementor-widget-divider\" data-id=\"13dc1274\" data-element_type=\"widget\" data-e-type=\"widget\" data-widget_type=\"divider.default\">\n\t\t\t\t<div class=\"elementor-widget-container\">\n\t\t\t\t\t\t\t<div class=\"elementor-divider\">\n\t\t\t<span class=\"elementor-divider-separator\">\n\t\t\t\t\t\t<\/span>\n\t\t<\/div>\n\t\t\t\t\t\t<\/div>\n\t\t\t\t<\/div>\n\t\t\t\t<div class=\"elementor-element elementor-element-3d71871d elementor-widget elementor-widget-image\" data-id=\"3d71871d\" data-element_type=\"widget\" data-e-type=\"widget\" data-widget_type=\"image.default\">\n\t\t\t\t<div class=\"elementor-widget-container\">\n\t\t\t\t\t\t\t\t\t\t\t\t<figure class=\"wp-caption\">\n\t\t\t\t\t\t\t\t\t\t<img fetchpriority=\"high\" decoding=\"async\" width=\"1024\" height=\"574\" src=\"https:\/\/executivecoach.com.mx\/wp-content\/uploads\/2025\/04\/liderazgo-1-1024x574.png\" class=\"attachment-large size-large wp-image-2879\" alt=\"Programas de Coaching Ejecutivo\" srcset=\"https:\/\/executivecoach.com.mx\/wp-content\/uploads\/2025\/04\/liderazgo-1-1024x574.png 1024w, https:\/\/executivecoach.com.mx\/wp-content\/uploads\/2025\/04\/liderazgo-1-300x168.png 300w, https:\/\/executivecoach.com.mx\/wp-content\/uploads\/2025\/04\/liderazgo-1-768x430.png 768w, https:\/\/executivecoach.com.mx\/wp-content\/uploads\/2025\/04\/liderazgo-1-18x10.png 18w, https:\/\/executivecoach.com.mx\/wp-content\/uploads\/2025\/04\/liderazgo-1.png 1456w\" sizes=\"(max-width: 1024px) 100vw, 1024px\" \/>\t\t\t\t\t\t\t\t\t\t\t<figcaption class=\"widget-image-caption wp-caption-text\"><\/figcaption>\n\t\t\t\t\t\t\t\t\t\t<\/figure>\n\t\t\t\t\t\t\t\t\t<\/div>\n\t\t\t\t<\/div>\n\t\t\t\t<div class=\"elementor-element elementor-element-413eb2c8 elementor-widget elementor-widget-text-editor\" data-id=\"413eb2c8\" data-element_type=\"widget\" data-e-type=\"widget\" data-widget_type=\"text-editor.default\">\n\t\t\t\t<div class=\"elementor-widget-container\">\n\t\t\t\t\t\t\t\t\t<h2>\u00bfQu\u00e9 es el Coaching Ejecutivo?<\/h2>\nEl coaching ejecutivo es un proceso dise\u00f1ado para apoyar a directivos y gerentes en el desarrollo de habilidades de liderazgo, comunicaci\u00f3n y gesti\u00f3n estrat\u00e9gica. Su objetivo es optimizar la toma de decisiones y la efectividad en el liderazgo corporativo.\n\n<h2>Beneficios del Coaching Ejecutivo<\/h2>\n<ul>\n \t<li><strong>Desarrollo de Habilidades de Liderazgo:<\/strong> Los ejecutivos aprenden a delegar tareas, gestionar equipos y tomar decisiones acertadas.<\/li>\n \t<li><strong>Mayor Inteligencia Emocional:<\/strong> El coaching ayuda a los l\u00edderes a manejar el estr\u00e9s, mejorar su empat\u00eda y fortalecer la comunicaci\u00f3n interpersonal.<\/li>\n \t<li><strong>Alineaci\u00f3n con los Objetivos Empresariales:<\/strong> Los programas est\u00e1n dise\u00f1ados para que el liderazgo ejecutivo est\u00e9 en sinton\u00eda con la visi\u00f3n y misi\u00f3n de la empresa.<\/li>\n<\/ul>\n<h2>Tipos de Programas de Coaching Ejecutivo<\/h2>\n<ul>\n \t<li><strong>Coaching Individual:<\/strong> Enfoque personalizado para trabajar en fortalezas y \u00e1reas de mejora de cada ejecutivo.<\/li>\n \t<li><strong>Coaching Grupal:<\/strong> Sesiones en equipo para mejorar la din\u00e1mica y la alineaci\u00f3n estrat\u00e9gica dentro de la empresa.<\/li>\n \t<li><strong>Coaching Estrat\u00e9gico:<\/strong> Orientado a la toma de decisiones empresariales y el dise\u00f1o de estrategias de crecimiento.<\/li>\n<\/ul>\n<h3>C\u00f3mo Elegir el Mejor Programa de Coaching Ejecutivo<\/h3>\n<ul>\n \t<li>Identificar las necesidades del liderazgo en la empresa.<\/li>\n \t<li>Evaluar las certificaci\u00f3n y experiencia del coach.<\/li>\n \t<li>Definir objetivos y expectativas claras.<\/li>\n \t<li>Medir el progreso mediante indicadores de desempe\u00f1o.<\/li>\n<\/ul>\nLos programas de coaching ejecutivo en M\u00e9xico representan una inversi\u00f3n estrat\u00e9gica para el desarrollo del liderazgo y la optimizaci\u00f3n de la gesti\u00f3n empresarial. Implementar un plan adecuado puede llevar a un crecimiento significativo dentro de la organizaci\u00f3n.\t\t\t\t\t\t\t\t<\/div>\n\t\t\t\t<\/div>\n\t\t\t\t<div class=\"elementor-element elementor-element-722891dd elementor-position-inline-end elementor-view-default elementor-mobile-position-block-start elementor-widget elementor-widget-icon-box\" data-id=\"722891dd\" data-element_type=\"widget\" data-e-type=\"widget\" data-widget_type=\"icon-box.default\">\n\t\t\t\t<div class=\"elementor-widget-container\">\n\t\t\t\t\t\t\t<div class=\"elementor-icon-box-wrapper\">\n\n\t\t\t\t\t\t<div class=\"elementor-icon-box-icon\">\n\t\t\t\t<a href=\"https:\/\/wa.me\/525619951639\" target=\"_blank\" class=\"elementor-icon\" tabindex=\"-1\" aria-label=\"Cont\u00e1ctame por Whatsapp\">\n\t\t\t\t<i aria-hidden=\"true\" class=\"fab fa-whatsapp\"><\/i>\t\t\t\t<\/a>\n\t\t\t<\/div>\n\t\t\t\n\t\t\t\t\t\t<div class=\"elementor-icon-box-content\">\n\n\t\t\t\t\t\t\t\t\t<h4 class=\"elementor-icon-box-title\">\n\t\t\t\t\t\t<a href=\"https:\/\/wa.me\/525619951639\" target=\"_blank\" >\n\t\t\t\t\t\t\tCont\u00e1ctame por Whatsapp\t\t\t\t\t\t<\/a>\n\t\t\t\t\t<\/h4>\n\t\t\t\t\n\t\t\t\t\n\t\t\t<\/div>\n\t\t\t\n\t\t<\/div>\n\t\t\t\t\t\t<\/div>\n\t\t\t\t<\/div>\n\t\t\t\t\t<\/div>\n\t\t<\/div>\n\t\t\t\t\t<\/div>\n\t\t<\/section>\n\t\t\t\t<\/div>","protected":false},"excerpt":{"rendered":"<p>Programas de Coaching Ejecutivo \u00bfQu\u00e9 es el Coaching Ejecutivo? El coaching ejecutivo es un proceso dise\u00f1ado para apoyar a directivos y gerentes en el desarrollo de habilidades de liderazgo, comunicaci\u00f3n y gesti\u00f3n estrat\u00e9gica. Su objetivo es optimizar la toma de decisiones y la efectividad en el liderazgo corporativo. Beneficios del Coaching Ejecutivo Desarrollo de Habilidades&hellip;&nbsp;<a href=\"https:\/\/executivecoach.com.mx\/en\/servicios-de-coaching-empresarial-en-mexico-impulsa-el-exito-de-tu-organizacion\/programas-de-coaching-ejecutivo-potencia-el-liderazgo-y-la-gestion-empresarial\/\" rel=\"bookmark\">Read More &raquo;<span class=\"screen-reader-text\">Programas de Coaching Ejecutivo: Potencia el Liderazgo y la Gesti\u00f3n Empresarial<\/span><\/a><\/p>","protected":false},"author":3,"featured_media":0,"parent":2868,"menu_order":0,"comment_status":"closed","ping_status":"closed","template":"","meta":{"content-type":"","neve_meta_sidebar":"","neve_meta_container":"","neve_meta_enable_content_width":"","neve_meta_content_width":0,"neve_meta_title_alignment":"","neve_meta_author_avatar":"","neve_post_elements_order":"","neve_meta_disable_header":"","neve_meta_disable_footer":"","neve_meta_disable_title":"","footnotes":""},"class_list":["post-2877","page","type-page","status-publish","hentry"],"yoast_head":"<!-- This site is optimized with the Yoast SEO plugin v27.4 - https:\/\/yoast.com\/product\/yoast-seo-wordpress\/ -->\n<title>Programas de Coaching Ejecutivo: Potencia el Liderazgo y la Gesti\u00f3n Empresarial<\/title>\n<meta name=\"description\" content=\"Descubre c\u00f3mo el coaching para equipos de alto rendimiento en M\u00e9xico puede optimizar la productividad, mejorar la comunicaci\u00f3n y fortalecer el trabajo en equipo.\" \/>\n<meta name=\"robots\" content=\"index, follow, max-snippet:-1, max-image-preview:large, max-video-preview:-1\" \/>\n<link rel=\"canonical\" href=\"https:\/\/executivecoach.com.mx\/en\/servicios-de-coaching-empresarial-en-mexico-impulsa-el-exito-de-tu-organizacion\/programas-de-coaching-ejecutivo-potencia-el-liderazgo-y-la-gestion-empresarial\/\" \/>\n<meta property=\"og:locale\" content=\"en_US\" \/>\n<meta property=\"og:type\" content=\"article\" \/>\n<meta property=\"og:title\" content=\"Programas de Coaching Ejecutivo: Potencia el Liderazgo y la Gesti\u00f3n Empresarial\" \/>\n<meta property=\"og:description\" content=\"Descubre c\u00f3mo el coaching para equipos de alto rendimiento en M\u00e9xico puede optimizar la productividad, mejorar la comunicaci\u00f3n y fortalecer el trabajo en equipo.\" \/>\n<meta property=\"og:url\" content=\"https:\/\/executivecoach.com.mx\/en\/servicios-de-coaching-empresarial-en-mexico-impulsa-el-exito-de-tu-organizacion\/programas-de-coaching-ejecutivo-potencia-el-liderazgo-y-la-gestion-empresarial\/\" \/>\n<meta property=\"og:site_name\" content=\"Executive Coach\" \/>\n<meta property=\"article:modified_time\" content=\"2026-03-02T20:43:23+00:00\" \/>\n<meta property=\"og:image\" content=\"https:\/\/executivecoach.com.mx\/wp-content\/uploads\/2025\/04\/liderazgo-1.png\" \/>\n\t<meta property=\"og:image:width\" content=\"1456\" \/>\n\t<meta property=\"og:image:height\" content=\"816\" \/>\n\t<meta property=\"og:image:type\" content=\"image\/png\" \/>\n<meta name=\"twitter:card\" content=\"summary_large_image\" \/>\n<meta name=\"twitter:label1\" content=\"Est. reading time\" \/>\n\t<meta name=\"twitter:data1\" content=\"2 minutes\" \/>\n<script type=\"application\/ld+json\" class=\"yoast-schema-graph\">{\"@context\":\"https:\\\/\\\/schema.org\",\"@graph\":[{\"@type\":\"WebPage\",\"@id\":\"https:\\\/\\\/executivecoach.com.mx\\\/servicios-de-coaching-empresarial-en-mexico-impulsa-el-exito-de-tu-organizacion\\\/programas-de-coaching-ejecutivo-potencia-el-liderazgo-y-la-gestion-empresarial\\\/\",\"url\":\"https:\\\/\\\/executivecoach.com.mx\\\/servicios-de-coaching-empresarial-en-mexico-impulsa-el-exito-de-tu-organizacion\\\/programas-de-coaching-ejecutivo-potencia-el-liderazgo-y-la-gestion-empresarial\\\/\",\"name\":\"Programas de Coaching Ejecutivo: Potencia el Liderazgo y la Gesti\u00f3n Empresarial\",\"isPartOf\":{\"@id\":\"https:\\\/\\\/executivecoach.com.mx\\\/en\\\/#website\"},\"primaryImageOfPage\":{\"@id\":\"https:\\\/\\\/executivecoach.com.mx\\\/servicios-de-coaching-empresarial-en-mexico-impulsa-el-exito-de-tu-organizacion\\\/programas-de-coaching-ejecutivo-potencia-el-liderazgo-y-la-gestion-empresarial\\\/#primaryimage\"},\"image\":{\"@id\":\"https:\\\/\\\/executivecoach.com.mx\\\/servicios-de-coaching-empresarial-en-mexico-impulsa-el-exito-de-tu-organizacion\\\/programas-de-coaching-ejecutivo-potencia-el-liderazgo-y-la-gestion-empresarial\\\/#primaryimage\"},\"thumbnailUrl\":\"https:\\\/\\\/executivecoach.com.mx\\\/wp-content\\\/uploads\\\/2025\\\/04\\\/liderazgo-1-1024x574.png\",\"datePublished\":\"2026-03-01T00:12:45+00:00\",\"dateModified\":\"2026-03-02T20:43:23+00:00\",\"description\":\"Descubre c\u00f3mo el coaching para equipos de alto rendimiento en M\u00e9xico puede optimizar la productividad, mejorar la comunicaci\u00f3n y fortalecer el trabajo en equipo.\",\"breadcrumb\":{\"@id\":\"https:\\\/\\\/executivecoach.com.mx\\\/servicios-de-coaching-empresarial-en-mexico-impulsa-el-exito-de-tu-organizacion\\\/programas-de-coaching-ejecutivo-potencia-el-liderazgo-y-la-gestion-empresarial\\\/#breadcrumb\"},\"inLanguage\":\"en-US\",\"potentialAction\":[{\"@type\":\"ReadAction\",\"target\":[\"https:\\\/\\\/executivecoach.com.mx\\\/servicios-de-coaching-empresarial-en-mexico-impulsa-el-exito-de-tu-organizacion\\\/programas-de-coaching-ejecutivo-potencia-el-liderazgo-y-la-gestion-empresarial\\\/\"]}]},{\"@type\":\"ImageObject\",\"inLanguage\":\"en-US\",\"@id\":\"https:\\\/\\\/executivecoach.com.mx\\\/servicios-de-coaching-empresarial-en-mexico-impulsa-el-exito-de-tu-organizacion\\\/programas-de-coaching-ejecutivo-potencia-el-liderazgo-y-la-gestion-empresarial\\\/#primaryimage\",\"url\":\"https:\\\/\\\/executivecoach.com.mx\\\/wp-content\\\/uploads\\\/2025\\\/04\\\/liderazgo-1-1024x574.png\",\"contentUrl\":\"https:\\\/\\\/executivecoach.com.mx\\\/wp-content\\\/uploads\\\/2025\\\/04\\\/liderazgo-1-1024x574.png\"},{\"@type\":\"BreadcrumbList\",\"@id\":\"https:\\\/\\\/executivecoach.com.mx\\\/servicios-de-coaching-empresarial-en-mexico-impulsa-el-exito-de-tu-organizacion\\\/programas-de-coaching-ejecutivo-potencia-el-liderazgo-y-la-gestion-empresarial\\\/#breadcrumb\",\"itemListElement\":[{\"@type\":\"ListItem\",\"position\":1,\"name\":\"Portada\",\"item\":\"https:\\\/\\\/executivecoach.com.mx\\\/\"},{\"@type\":\"ListItem\",\"position\":2,\"name\":\"Servicios de Coaching Empresarial en M\u00e9xico: Impulsa el \u00c9xito de tu Organizaci\u00f3n\",\"item\":\"https:\\\/\\\/executivecoach.com.mx\\\/servicios-de-coaching-empresarial-en-mexico-impulsa-el-exito-de-tu-organizacion\\\/\"},{\"@type\":\"ListItem\",\"position\":3,\"name\":\"Programas de Coaching Ejecutivo: Potencia el Liderazgo y la Gesti\u00f3n Empresarial\"}]},{\"@type\":\"WebSite\",\"@id\":\"https:\\\/\\\/executivecoach.com.mx\\\/en\\\/#website\",\"url\":\"https:\\\/\\\/executivecoach.com.mx\\\/en\\\/\",\"name\":\"Executive Coach\",\"description\":\"Coach Ejecutivo\",\"publisher\":{\"@id\":\"https:\\\/\\\/executivecoach.com.mx\\\/en\\\/#\\\/schema\\\/person\\\/9cb67327ca9d964fca52b3b6c9ae3391\"},\"potentialAction\":[{\"@type\":\"SearchAction\",\"target\":{\"@type\":\"EntryPoint\",\"urlTemplate\":\"https:\\\/\\\/executivecoach.com.mx\\\/en\\\/?s={search_term_string}\"},\"query-input\":{\"@type\":\"PropertyValueSpecification\",\"valueRequired\":true,\"valueName\":\"search_term_string\"}}],\"inLanguage\":\"en-US\"},{\"@type\":[\"Person\",\"Organization\"],\"@id\":\"https:\\\/\\\/executivecoach.com.mx\\\/en\\\/#\\\/schema\\\/person\\\/9cb67327ca9d964fca52b3b6c9ae3391\",\"name\":\"Salvador Holgu\u00edn\",\"image\":{\"@type\":\"ImageObject\",\"inLanguage\":\"en-US\",\"@id\":\"https:\\\/\\\/executivecoach.com.mx\\\/wp-content\\\/uploads\\\/2022\\\/05\\\/cropped-LogoFinal.png\",\"url\":\"https:\\\/\\\/executivecoach.com.mx\\\/wp-content\\\/uploads\\\/2022\\\/05\\\/cropped-LogoFinal.png\",\"contentUrl\":\"https:\\\/\\\/executivecoach.com.mx\\\/wp-content\\\/uploads\\\/2022\\\/05\\\/cropped-LogoFinal.png\",\"width\":177,\"height\":43,\"caption\":\"Salvador Holgu\u00edn\"},\"logo\":{\"@id\":\"https:\\\/\\\/executivecoach.com.mx\\\/wp-content\\\/uploads\\\/2022\\\/05\\\/cropped-LogoFinal.png\"},\"description\":\"Salvador Holgu\u00edn es un Mental Fitness Coach para Ejecutivas (os) con una gran capacidad para conectar con sus clientes. Salvador, es graduado de Ingenier\u00eda Industrial por el Instituto Tecnol\u00f3gico de Chihuahua y cuenta con experiencias diversas en la industria automotriz, instituciones financieras, y compa\u00f1\u00edas de tecnolog\u00eda. A lo largo de su trayectoria profesional, ha tenido la oportunidad de trabajar en M\u00e9xico y varios otros mercados como Estados Unidos, Europa, y Sudam\u00e9rica. Y por d\u00e9cadas ha servido como ejecutivo de recursos humanos en una de las industrias m\u00e1s desafiantes, la automotriz. Hoy d\u00eda, Salvador est\u00e1 colaborando con varias empresas como socio estrat\u00e9gico y asesor de desarrollo de talento. De los principales intereses de Salvador siempre ha sido el identificar el talento en las personas y ayudarles a maximizar su potencial y contribuciones para la organizaci\u00f3n. En los \u00faltimos a\u00f1os ha lanzado un programa muy exitoso de Coaching para Ejecutivas y Ejecutivos con el objetivo de apoyar a sus clientes a alcanzar la mejor versi\u00f3n de s\u00ed mismos en el \u00e1mbito personal y\\\/o profesional. Salvador vive en M\u00e9xico desde principios del 2021 junto con su familia, es apasionado del futbol soccer y con gustos musicales muy ecl\u00e9cticos.\",\"sameAs\":[\"https:\\\/\\\/executivecoach.com.mx\\\/\",\"https:\\\/\\\/www.linkedin.com\\\/company\\\/holguin-executive-coaching-consulting\\\/\"]}]}<\/script>\n<!-- \/ Yoast SEO plugin. -->","yoast_head_json":{"title":"Programas de Coaching Ejecutivo: Potencia el Liderazgo y la Gesti\u00f3n Empresarial","description":"Descubre c\u00f3mo el coaching para equipos de alto rendimiento en M\u00e9xico puede optimizar la productividad, mejorar la comunicaci\u00f3n y fortalecer el trabajo en equipo.","robots":{"index":"index","follow":"follow","max-snippet":"max-snippet:-1","max-image-preview":"max-image-preview:large","max-video-preview":"max-video-preview:-1"},"canonical":"https:\/\/executivecoach.com.mx\/en\/servicios-de-coaching-empresarial-en-mexico-impulsa-el-exito-de-tu-organizacion\/programas-de-coaching-ejecutivo-potencia-el-liderazgo-y-la-gestion-empresarial\/","og_locale":"en_US","og_type":"article","og_title":"Programas de Coaching Ejecutivo: Potencia el Liderazgo y la Gesti\u00f3n Empresarial","og_description":"Descubre c\u00f3mo el coaching para equipos de alto rendimiento en M\u00e9xico puede optimizar la productividad, mejorar la comunicaci\u00f3n y fortalecer el trabajo en equipo.","og_url":"https:\/\/executivecoach.com.mx\/en\/servicios-de-coaching-empresarial-en-mexico-impulsa-el-exito-de-tu-organizacion\/programas-de-coaching-ejecutivo-potencia-el-liderazgo-y-la-gestion-empresarial\/","og_site_name":"Executive Coach","article_modified_time":"2026-03-02T20:43:23+00:00","og_image":[{"width":1456,"height":816,"url":"https:\/\/executivecoach.com.mx\/wp-content\/uploads\/2025\/04\/liderazgo-1.png","type":"image\/png"}],"twitter_card":"summary_large_image","twitter_misc":{"Est. reading time":"2 minutes"},"schema":{"@context":"https:\/\/schema.org","@graph":[{"@type":"WebPage","@id":"https:\/\/executivecoach.com.mx\/servicios-de-coaching-empresarial-en-mexico-impulsa-el-exito-de-tu-organizacion\/programas-de-coaching-ejecutivo-potencia-el-liderazgo-y-la-gestion-empresarial\/","url":"https:\/\/executivecoach.com.mx\/servicios-de-coaching-empresarial-en-mexico-impulsa-el-exito-de-tu-organizacion\/programas-de-coaching-ejecutivo-potencia-el-liderazgo-y-la-gestion-empresarial\/","name":"Programas de Coaching Ejecutivo: Potencia el Liderazgo y la Gesti\u00f3n Empresarial","isPartOf":{"@id":"https:\/\/executivecoach.com.mx\/en\/#website"},"primaryImageOfPage":{"@id":"https:\/\/executivecoach.com.mx\/servicios-de-coaching-empresarial-en-mexico-impulsa-el-exito-de-tu-organizacion\/programas-de-coaching-ejecutivo-potencia-el-liderazgo-y-la-gestion-empresarial\/#primaryimage"},"image":{"@id":"https:\/\/executivecoach.com.mx\/servicios-de-coaching-empresarial-en-mexico-impulsa-el-exito-de-tu-organizacion\/programas-de-coaching-ejecutivo-potencia-el-liderazgo-y-la-gestion-empresarial\/#primaryimage"},"thumbnailUrl":"https:\/\/executivecoach.com.mx\/wp-content\/uploads\/2025\/04\/liderazgo-1-1024x574.png","datePublished":"2026-03-01T00:12:45+00:00","dateModified":"2026-03-02T20:43:23+00:00","description":"Descubre c\u00f3mo el coaching para equipos de alto rendimiento en M\u00e9xico puede optimizar la productividad, mejorar la comunicaci\u00f3n y fortalecer el trabajo en equipo.","breadcrumb":{"@id":"https:\/\/executivecoach.com.mx\/servicios-de-coaching-empresarial-en-mexico-impulsa-el-exito-de-tu-organizacion\/programas-de-coaching-ejecutivo-potencia-el-liderazgo-y-la-gestion-empresarial\/#breadcrumb"},"inLanguage":"en-US","potentialAction":[{"@type":"ReadAction","target":["https:\/\/executivecoach.com.mx\/servicios-de-coaching-empresarial-en-mexico-impulsa-el-exito-de-tu-organizacion\/programas-de-coaching-ejecutivo-potencia-el-liderazgo-y-la-gestion-empresarial\/"]}]},{"@type":"ImageObject","inLanguage":"en-US","@id":"https:\/\/executivecoach.com.mx\/servicios-de-coaching-empresarial-en-mexico-impulsa-el-exito-de-tu-organizacion\/programas-de-coaching-ejecutivo-potencia-el-liderazgo-y-la-gestion-empresarial\/#primaryimage","url":"https:\/\/executivecoach.com.mx\/wp-content\/uploads\/2025\/04\/liderazgo-1-1024x574.png","contentUrl":"https:\/\/executivecoach.com.mx\/wp-content\/uploads\/2025\/04\/liderazgo-1-1024x574.png"},{"@type":"BreadcrumbList","@id":"https:\/\/executivecoach.com.mx\/servicios-de-coaching-empresarial-en-mexico-impulsa-el-exito-de-tu-organizacion\/programas-de-coaching-ejecutivo-potencia-el-liderazgo-y-la-gestion-empresarial\/#breadcrumb","itemListElement":[{"@type":"ListItem","position":1,"name":"Portada","item":"https:\/\/executivecoach.com.mx\/"},{"@type":"ListItem","position":2,"name":"Servicios de Coaching Empresarial en M\u00e9xico: Impulsa el \u00c9xito de tu Organizaci\u00f3n","item":"https:\/\/executivecoach.com.mx\/servicios-de-coaching-empresarial-en-mexico-impulsa-el-exito-de-tu-organizacion\/"},{"@type":"ListItem","position":3,"name":"Programas de Coaching Ejecutivo: Potencia el Liderazgo y la Gesti\u00f3n Empresarial"}]},{"@type":"WebSite","@id":"https:\/\/executivecoach.com.mx\/en\/#website","url":"https:\/\/executivecoach.com.mx\/en\/","name":"Executive Coach","description":"Coach Ejecutivo","publisher":{"@id":"https:\/\/executivecoach.com.mx\/en\/#\/schema\/person\/9cb67327ca9d964fca52b3b6c9ae3391"},"potentialAction":[{"@type":"SearchAction","target":{"@type":"EntryPoint","urlTemplate":"https:\/\/executivecoach.com.mx\/en\/?s={search_term_string}"},"query-input":{"@type":"PropertyValueSpecification","valueRequired":true,"valueName":"search_term_string"}}],"inLanguage":"en-US"},{"@type":["Person","Organization"],"@id":"https:\/\/executivecoach.com.mx\/en\/#\/schema\/person\/9cb67327ca9d964fca52b3b6c9ae3391","name":"Salvador Holgu\u00edn","image":{"@type":"ImageObject","inLanguage":"en-US","@id":"https:\/\/executivecoach.com.mx\/wp-content\/uploads\/2022\/05\/cropped-LogoFinal.png","url":"https:\/\/executivecoach.com.mx\/wp-content\/uploads\/2022\/05\/cropped-LogoFinal.png","contentUrl":"https:\/\/executivecoach.com.mx\/wp-content\/uploads\/2022\/05\/cropped-LogoFinal.png","width":177,"height":43,"caption":"Salvador Holgu\u00edn"},"logo":{"@id":"https:\/\/executivecoach.com.mx\/wp-content\/uploads\/2022\/05\/cropped-LogoFinal.png"},"description":"Salvador Holgu\u00edn es un Mental Fitness Coach para Ejecutivas (os) con una gran capacidad para conectar con sus clientes. Salvador, es graduado de Ingenier\u00eda Industrial por el Instituto Tecnol\u00f3gico de Chihuahua y cuenta con experiencias diversas en la industria automotriz, instituciones financieras, y compa\u00f1\u00edas de tecnolog\u00eda. A lo largo de su trayectoria profesional, ha tenido la oportunidad de trabajar en M\u00e9xico y varios otros mercados como Estados Unidos, Europa, y Sudam\u00e9rica. Y por d\u00e9cadas ha servido como ejecutivo de recursos humanos en una de las industrias m\u00e1s desafiantes, la automotriz. Hoy d\u00eda, Salvador est\u00e1 colaborando con varias empresas como socio estrat\u00e9gico y asesor de desarrollo de talento. De los principales intereses de Salvador siempre ha sido el identificar el talento en las personas y ayudarles a maximizar su potencial y contribuciones para la organizaci\u00f3n. En los \u00faltimos a\u00f1os ha lanzado un programa muy exitoso de Coaching para Ejecutivas y Ejecutivos con el objetivo de apoyar a sus clientes a alcanzar la mejor versi\u00f3n de s\u00ed mismos en el \u00e1mbito personal y\/o profesional. Salvador vive en M\u00e9xico desde principios del 2021 junto con su familia, es apasionado del futbol soccer y con gustos musicales muy ecl\u00e9cticos.","sameAs":["https:\/\/executivecoach.com.mx\/","https:\/\/www.linkedin.com\/company\/holguin-executive-coaching-consulting\/"]}]}},"_links":{"self":[{"href":"https:\/\/executivecoach.com.mx\/en\/wp-json\/wp\/v2\/pages\/2877","targetHints":{"allow":["GET"]}}],"collection":[{"href":"https:\/\/executivecoach.com.mx\/en\/wp-json\/wp\/v2\/pages"}],"about":[{"href":"https:\/\/executivecoach.com.mx\/en\/wp-json\/wp\/v2\/types\/page"}],"author":[{"embeddable":true,"href":"https:\/\/executivecoach.com.mx\/en\/wp-json\/wp\/v2\/users\/3"}],"replies":[{"embeddable":true,"href":"https:\/\/executivecoach.com.mx\/en\/wp-json\/wp\/v2\/comments?post=2877"}],"version-history":[{"count":1,"href":"https:\/\/executivecoach.com.mx\/en\/wp-json\/wp\/v2\/pages\/2877\/revisions"}],"predecessor-version":[{"id":3292,"href":"https:\/\/executivecoach.com.mx\/en\/wp-json\/wp\/v2\/pages\/2877\/revisions\/3292"}],"up":[{"embeddable":true,"href":"https:\/\/executivecoach.com.mx\/en\/wp-json\/wp\/v2\/pages\/2868"}],"wp:attachment":[{"href":"https:\/\/executivecoach.com.mx\/en\/wp-json\/wp\/v2\/media?parent=2877"}],"curies":[{"name":"wp","href":"https:\/\/api.w.org\/{rel}","templated":true}]}}