{"id":2868,"date":"2026-02-28T18:04:49","date_gmt":"2026-03-01T00:04:49","guid":{"rendered":"https:\/\/executivecoach.com.mx\/?page_id=2868"},"modified":"2026-03-02T14:43:38","modified_gmt":"2026-03-02T20:43:38","slug":"servicios-de-coaching-empresarial-en-mexico-impulsa-el-exito-de-tu-organizacion","status":"publish","type":"page","link":"https:\/\/executivecoach.com.mx\/en\/servicios-de-coaching-empresarial-en-mexico-impulsa-el-exito-de-tu-organizacion\/","title":{"rendered":"Servicios de Coaching Empresarial en M\u00e9xico: Impulsa el \u00c9xito de tu Organizaci\u00f3n"},"content":{"rendered":"<div data-elementor-type=\"wp-page\" data-elementor-id=\"2868\" class=\"elementor elementor-2868\">\n\t\t\t\t\t\t<section class=\"elementor-section elementor-top-section elementor-element elementor-element-cbd330b elementor-section-boxed elementor-section-height-default elementor-section-height-default\" data-id=\"cbd330b\" data-element_type=\"section\" data-e-type=\"section\">\n\t\t\t\t\t\t<div class=\"elementor-container elementor-column-gap-default\">\n\t\t\t\t\t<div class=\"elementor-column elementor-col-100 elementor-top-column elementor-element elementor-element-5dde0e57\" data-id=\"5dde0e57\" data-element_type=\"column\" data-e-type=\"column\">\n\t\t\t<div class=\"elementor-widget-wrap elementor-element-populated\">\n\t\t\t\t\t\t<div class=\"elementor-element elementor-element-72bd508a elementor-widget elementor-widget-heading\" data-id=\"72bd508a\" data-element_type=\"widget\" data-e-type=\"widget\" data-widget_type=\"heading.default\">\n\t\t\t\t<div class=\"elementor-widget-container\">\n\t\t\t\t\t<h1 class=\"elementor-heading-title elementor-size-default\">Servicios de Coaching Empresarial en M\u00e9xico<\/h1>\t\t\t\t<\/div>\n\t\t\t\t<\/div>\n\t\t\t\t<div class=\"elementor-element elementor-element-13dc1274 elementor-widget-divider--view-line elementor-widget elementor-widget-divider\" data-id=\"13dc1274\" data-element_type=\"widget\" data-e-type=\"widget\" data-widget_type=\"divider.default\">\n\t\t\t\t<div class=\"elementor-widget-container\">\n\t\t\t\t\t\t\t<div class=\"elementor-divider\">\n\t\t\t<span class=\"elementor-divider-separator\">\n\t\t\t\t\t\t<\/span>\n\t\t<\/div>\n\t\t\t\t\t\t<\/div>\n\t\t\t\t<\/div>\n\t\t\t\t<div class=\"elementor-element elementor-element-3d71871d elementor-widget elementor-widget-image\" data-id=\"3d71871d\" data-element_type=\"widget\" data-e-type=\"widget\" data-widget_type=\"image.default\">\n\t\t\t\t<div class=\"elementor-widget-container\">\n\t\t\t\t\t\t\t\t\t\t\t\t<figure class=\"wp-caption\">\n\t\t\t\t\t\t\t\t\t\t<img fetchpriority=\"high\" decoding=\"async\" width=\"1024\" height=\"577\" src=\"https:\/\/executivecoach.com.mx\/wp-content\/uploads\/2025\/04\/que-es-liderchip-e1746058037644-1024x577.png\" class=\"attachment-large size-large wp-image-2870\" alt=\"Servicios de Coaching Empresarial en M\u00e9xico\" srcset=\"https:\/\/executivecoach.com.mx\/wp-content\/uploads\/2025\/04\/que-es-liderchip-e1746058037644-1024x577.png 1024w, https:\/\/executivecoach.com.mx\/wp-content\/uploads\/2025\/04\/que-es-liderchip-e1746058037644-300x169.png 300w, https:\/\/executivecoach.com.mx\/wp-content\/uploads\/2025\/04\/que-es-liderchip-e1746058037644-768x433.png 768w, https:\/\/executivecoach.com.mx\/wp-content\/uploads\/2025\/04\/que-es-liderchip-e1746058037644-1536x866.png 1536w, https:\/\/executivecoach.com.mx\/wp-content\/uploads\/2025\/04\/que-es-liderchip-e1746058037644-18x10.png 18w, https:\/\/executivecoach.com.mx\/wp-content\/uploads\/2025\/04\/que-es-liderchip-e1746058037644.png 2048w\" sizes=\"(max-width: 1024px) 100vw, 1024px\" \/>\t\t\t\t\t\t\t\t\t\t\t<figcaption class=\"widget-image-caption wp-caption-text\"><\/figcaption>\n\t\t\t\t\t\t\t\t\t\t<\/figure>\n\t\t\t\t\t\t\t\t\t<\/div>\n\t\t\t\t<\/div>\n\t\t\t\t<div class=\"elementor-element elementor-element-413eb2c8 elementor-widget elementor-widget-text-editor\" data-id=\"413eb2c8\" data-element_type=\"widget\" data-e-type=\"widget\" data-widget_type=\"text-editor.default\">\n\t\t\t\t<div class=\"elementor-widget-container\">\n\t\t\t\t\t\t\t\t\t<p>El coaching empresarial es un proceso de desarrollo profesional dise\u00f1ado para fortalecer las habilidades de liderazgo, mejorar el rendimiento de los empleados y optimizar la gesti\u00f3n organizacional. A trav\u00e9s de sesiones personalizadas, herramientas estrat\u00e9gicas y acompa\u00f1amiento profesional, las empresas pueden alcanzar sus objetivos de manera eficiente.<\/p>\n\n<h2>Beneficios del Coaching Empresarial en M\u00e9xico<\/h2>\n<ul>\n  <li><strong>Mejora del Liderazgo Organizacional:<\/strong> Los programas de coaching ayudan a los l\u00edderes a desarrollar habilidades clave como la toma de decisiones, la comunicaci\u00f3n efectiva y la gesti\u00f3n de equipos.<\/li>\n  <li><strong>Aumento de la Productividad:<\/strong> El coaching motiva a los empleados a mejorar su desempe\u00f1o, lo que se traduce en mayor eficiencia y cumplimiento de objetivos.<\/li>\n  <li><strong>Fortalecimiento de la Cultura Empresarial:<\/strong> Fomentar una cultura organizacional basada en el crecimiento y la colaboraci\u00f3n mejora el ambiente de trabajo y la retenci\u00f3n de talento.<\/li>\n<\/ul>\n\n<h2>Tipos de Coaching Empresarial<\/h2>\n<ul>\n  <li><strong>Coaching Ejecutivo:<\/strong> Enfocado en l\u00edderes y directivos, este coaching trabaja en todas las competencias del l\u00edder. Muy frecuentemente se enfoca en la toma de decisiones estrat\u00e9gicas, el manejo del estr\u00e9s y presencia en altos niveles de responsabilidad.<\/li>\n  <li><strong>Coaching de Equipos:<\/strong> Ayuda a los equipos de trabajo a mejorar su cohesi\u00f3n, comunicaci\u00f3n y desempe\u00f1o colectivo.<\/li>\n  <li><strong>Coaching de Desempe\u00f1o:<\/strong> Dirigido a empleados individuales con el objetivo de mejorar habilidades espec\u00edficas y alcanzar metas profesionales.<\/li>\n<\/ul>\n\n<h3>C\u00f3mo Implementar Servicios de Coaching Empresarial en tu Empresa<\/h3>\n<ul>\n  <li><strong>Definir objetivos claros:<\/strong> Determinar qu\u00e9 aspectos deseas mejorar en tu empresa.<\/li>\n  <li><strong>Seleccionar un Coach Profesional:<\/strong> Buscar un coach con experiencia y certificaciones reconocidas.<\/li>\n  <li><strong>Dise\u00f1ar un Programa Personalizado:<\/strong> Adaptar el coaching a las necesidades espec\u00edficas de la empresa.<\/li>\n  <li><strong>Medir resultados:<\/strong> Evaluar el impacto del coaching a trav\u00e9s de m\u00e9tricas de rendimiento y encuestas de satisfacci\u00f3n.<\/li>\n<\/ul>\n\n<p>Los servicios de coaching empresarial en M\u00e9xico representan una estrategia efectiva para fortalecer el liderazgo, mejorar la productividad y consolidar una cultura organizacional positiva. Implementar un programa adecuado puede ser clave para el \u00e9xito de cualquier empresa.<\/p>\n\t\t\t\t\t\t\t\t<\/div>\n\t\t\t\t<\/div>\n\t\t\t\t<div class=\"elementor-element elementor-element-722891dd elementor-position-inline-end elementor-view-default elementor-mobile-position-block-start elementor-widget elementor-widget-icon-box\" data-id=\"722891dd\" data-element_type=\"widget\" data-e-type=\"widget\" data-widget_type=\"icon-box.default\">\n\t\t\t\t<div class=\"elementor-widget-container\">\n\t\t\t\t\t\t\t<div class=\"elementor-icon-box-wrapper\">\n\n\t\t\t\t\t\t<div class=\"elementor-icon-box-icon\">\n\t\t\t\t<a href=\"https:\/\/wa.me\/525619951639\" target=\"_blank\" class=\"elementor-icon\" tabindex=\"-1\" aria-label=\"Cont\u00e1ctame por Whatsapp\">\n\t\t\t\t<i aria-hidden=\"true\" class=\"fab fa-whatsapp\"><\/i>\t\t\t\t<\/a>\n\t\t\t<\/div>\n\t\t\t\n\t\t\t\t\t\t<div class=\"elementor-icon-box-content\">\n\n\t\t\t\t\t\t\t\t\t<h4 class=\"elementor-icon-box-title\">\n\t\t\t\t\t\t<a href=\"https:\/\/wa.me\/525619951639\" target=\"_blank\" >\n\t\t\t\t\t\t\tCont\u00e1ctame por Whatsapp\t\t\t\t\t\t<\/a>\n\t\t\t\t\t<\/h4>\n\t\t\t\t\n\t\t\t\t\n\t\t\t<\/div>\n\t\t\t\n\t\t<\/div>\n\t\t\t\t\t\t<\/div>\n\t\t\t\t<\/div>\n\t\t\t\t\t<\/div>\n\t\t<\/div>\n\t\t\t\t\t<\/div>\n\t\t<\/section>\n\t\t\t\t<\/div>","protected":false},"excerpt":{"rendered":"<p>Servicios de Coaching Empresarial en M\u00e9xico El coaching empresarial es un proceso de desarrollo profesional dise\u00f1ado para fortalecer las habilidades de liderazgo, mejorar el rendimiento de los empleados y optimizar la gesti\u00f3n organizacional. A trav\u00e9s de sesiones personalizadas, herramientas estrat\u00e9gicas y acompa\u00f1amiento profesional, las empresas pueden alcanzar sus objetivos de manera eficiente. Beneficios del Coaching&hellip;&nbsp;<a href=\"https:\/\/executivecoach.com.mx\/en\/servicios-de-coaching-empresarial-en-mexico-impulsa-el-exito-de-tu-organizacion\/\" rel=\"bookmark\">Read More &raquo;<span class=\"screen-reader-text\">Servicios de Coaching Empresarial en M\u00e9xico: Impulsa el \u00c9xito de tu Organizaci\u00f3n<\/span><\/a><\/p>","protected":false},"author":3,"featured_media":0,"parent":0,"menu_order":0,"comment_status":"closed","ping_status":"closed","template":"","meta":{"content-type":"","neve_meta_sidebar":"","neve_meta_container":"","neve_meta_enable_content_width":"","neve_meta_content_width":0,"neve_meta_title_alignment":"","neve_meta_author_avatar":"","neve_post_elements_order":"","neve_meta_disable_header":"","neve_meta_disable_footer":"","neve_meta_disable_title":"","footnotes":""},"class_list":["post-2868","page","type-page","status-publish","hentry"],"yoast_head":"<!-- This site is optimized with the Yoast SEO plugin v27.4 - https:\/\/yoast.com\/product\/yoast-seo-wordpress\/ -->\n<title>Servicios de Coaching Empresarial en M\u00e9xico: Impulsa el \u00c9xito de tu Organizaci\u00f3n<\/title>\n<meta name=\"description\" content=\"Descubre los beneficios de los servicios de coaching empresarial en M\u00e9xico y c\u00f3mo pueden mejorar el liderazgo, el rendimiento y la cultura organizacional de tu empresa\" \/>\n<meta name=\"robots\" content=\"index, follow, max-snippet:-1, max-image-preview:large, max-video-preview:-1\" \/>\n<link rel=\"canonical\" href=\"https:\/\/executivecoach.com.mx\/en\/servicios-de-coaching-empresarial-en-mexico-impulsa-el-exito-de-tu-organizacion\/\" \/>\n<meta property=\"og:locale\" content=\"en_US\" \/>\n<meta property=\"og:type\" content=\"article\" \/>\n<meta property=\"og:title\" content=\"Servicios de Coaching Empresarial en M\u00e9xico: Impulsa el \u00c9xito de tu Organizaci\u00f3n\" \/>\n<meta property=\"og:description\" content=\"Descubre los beneficios de los servicios de coaching empresarial en M\u00e9xico y c\u00f3mo pueden mejorar el liderazgo, el rendimiento y la cultura organizacional de tu empresa\" \/>\n<meta property=\"og:url\" content=\"https:\/\/executivecoach.com.mx\/en\/servicios-de-coaching-empresarial-en-mexico-impulsa-el-exito-de-tu-organizacion\/\" \/>\n<meta property=\"og:site_name\" content=\"Executive Coach\" \/>\n<meta property=\"article:modified_time\" content=\"2026-03-02T20:43:38+00:00\" \/>\n<meta property=\"og:image\" content=\"https:\/\/executivecoach.com.mx\/wp-content\/uploads\/2025\/04\/que-es-liderchip-e1746058037644-1024x577.png\" \/>\n\t<meta property=\"og:image:width\" content=\"1024\" \/>\n\t<meta property=\"og:image:height\" content=\"577\" \/>\n\t<meta property=\"og:image:type\" content=\"image\/png\" \/>\n<meta name=\"twitter:card\" content=\"summary_large_image\" \/>\n<meta name=\"twitter:label1\" content=\"Est. reading time\" \/>\n\t<meta name=\"twitter:data1\" content=\"2 minutes\" \/>\n<script type=\"application\/ld+json\" class=\"yoast-schema-graph\">{\"@context\":\"https:\\\/\\\/schema.org\",\"@graph\":[{\"@type\":\"WebPage\",\"@id\":\"https:\\\/\\\/executivecoach.com.mx\\\/servicios-de-coaching-empresarial-en-mexico-impulsa-el-exito-de-tu-organizacion\\\/\",\"url\":\"https:\\\/\\\/executivecoach.com.mx\\\/servicios-de-coaching-empresarial-en-mexico-impulsa-el-exito-de-tu-organizacion\\\/\",\"name\":\"Servicios de Coaching Empresarial en M\u00e9xico: Impulsa el \u00c9xito de tu Organizaci\u00f3n\",\"isPartOf\":{\"@id\":\"https:\\\/\\\/executivecoach.com.mx\\\/en\\\/#website\"},\"primaryImageOfPage\":{\"@id\":\"https:\\\/\\\/executivecoach.com.mx\\\/servicios-de-coaching-empresarial-en-mexico-impulsa-el-exito-de-tu-organizacion\\\/#primaryimage\"},\"image\":{\"@id\":\"https:\\\/\\\/executivecoach.com.mx\\\/servicios-de-coaching-empresarial-en-mexico-impulsa-el-exito-de-tu-organizacion\\\/#primaryimage\"},\"thumbnailUrl\":\"https:\\\/\\\/executivecoach.com.mx\\\/wp-content\\\/uploads\\\/2025\\\/04\\\/que-es-liderchip-e1746058037644-1024x577.png\",\"datePublished\":\"2026-03-01T00:04:49+00:00\",\"dateModified\":\"2026-03-02T20:43:38+00:00\",\"description\":\"Descubre los beneficios de los servicios de coaching empresarial en M\u00e9xico y c\u00f3mo pueden mejorar el liderazgo, el rendimiento y la cultura organizacional de tu empresa\",\"breadcrumb\":{\"@id\":\"https:\\\/\\\/executivecoach.com.mx\\\/servicios-de-coaching-empresarial-en-mexico-impulsa-el-exito-de-tu-organizacion\\\/#breadcrumb\"},\"inLanguage\":\"en-US\",\"potentialAction\":[{\"@type\":\"ReadAction\",\"target\":[\"https:\\\/\\\/executivecoach.com.mx\\\/servicios-de-coaching-empresarial-en-mexico-impulsa-el-exito-de-tu-organizacion\\\/\"]}]},{\"@type\":\"ImageObject\",\"inLanguage\":\"en-US\",\"@id\":\"https:\\\/\\\/executivecoach.com.mx\\\/servicios-de-coaching-empresarial-en-mexico-impulsa-el-exito-de-tu-organizacion\\\/#primaryimage\",\"url\":\"https:\\\/\\\/executivecoach.com.mx\\\/wp-content\\\/uploads\\\/2025\\\/04\\\/que-es-liderchip-e1746058037644-1024x577.png\",\"contentUrl\":\"https:\\\/\\\/executivecoach.com.mx\\\/wp-content\\\/uploads\\\/2025\\\/04\\\/que-es-liderchip-e1746058037644-1024x577.png\"},{\"@type\":\"BreadcrumbList\",\"@id\":\"https:\\\/\\\/executivecoach.com.mx\\\/servicios-de-coaching-empresarial-en-mexico-impulsa-el-exito-de-tu-organizacion\\\/#breadcrumb\",\"itemListElement\":[{\"@type\":\"ListItem\",\"position\":1,\"name\":\"Portada\",\"item\":\"https:\\\/\\\/executivecoach.com.mx\\\/\"},{\"@type\":\"ListItem\",\"position\":2,\"name\":\"Servicios de Coaching Empresarial en M\u00e9xico: Impulsa el \u00c9xito de tu Organizaci\u00f3n\"}]},{\"@type\":\"WebSite\",\"@id\":\"https:\\\/\\\/executivecoach.com.mx\\\/en\\\/#website\",\"url\":\"https:\\\/\\\/executivecoach.com.mx\\\/en\\\/\",\"name\":\"Executive Coach\",\"description\":\"Coach Ejecutivo\",\"publisher\":{\"@id\":\"https:\\\/\\\/executivecoach.com.mx\\\/en\\\/#\\\/schema\\\/person\\\/9cb67327ca9d964fca52b3b6c9ae3391\"},\"potentialAction\":[{\"@type\":\"SearchAction\",\"target\":{\"@type\":\"EntryPoint\",\"urlTemplate\":\"https:\\\/\\\/executivecoach.com.mx\\\/en\\\/?s={search_term_string}\"},\"query-input\":{\"@type\":\"PropertyValueSpecification\",\"valueRequired\":true,\"valueName\":\"search_term_string\"}}],\"inLanguage\":\"en-US\"},{\"@type\":[\"Person\",\"Organization\"],\"@id\":\"https:\\\/\\\/executivecoach.com.mx\\\/en\\\/#\\\/schema\\\/person\\\/9cb67327ca9d964fca52b3b6c9ae3391\",\"name\":\"Salvador Holgu\u00edn\",\"image\":{\"@type\":\"ImageObject\",\"inLanguage\":\"en-US\",\"@id\":\"https:\\\/\\\/executivecoach.com.mx\\\/wp-content\\\/uploads\\\/2022\\\/05\\\/cropped-LogoFinal.png\",\"url\":\"https:\\\/\\\/executivecoach.com.mx\\\/wp-content\\\/uploads\\\/2022\\\/05\\\/cropped-LogoFinal.png\",\"contentUrl\":\"https:\\\/\\\/executivecoach.com.mx\\\/wp-content\\\/uploads\\\/2022\\\/05\\\/cropped-LogoFinal.png\",\"width\":177,\"height\":43,\"caption\":\"Salvador Holgu\u00edn\"},\"logo\":{\"@id\":\"https:\\\/\\\/executivecoach.com.mx\\\/wp-content\\\/uploads\\\/2022\\\/05\\\/cropped-LogoFinal.png\"},\"description\":\"Salvador Holgu\u00edn es un Mental Fitness Coach para Ejecutivas (os) con una gran capacidad para conectar con sus clientes. Salvador, es graduado de Ingenier\u00eda Industrial por el Instituto Tecnol\u00f3gico de Chihuahua y cuenta con experiencias diversas en la industria automotriz, instituciones financieras, y compa\u00f1\u00edas de tecnolog\u00eda. A lo largo de su trayectoria profesional, ha tenido la oportunidad de trabajar en M\u00e9xico y varios otros mercados como Estados Unidos, Europa, y Sudam\u00e9rica. Y por d\u00e9cadas ha servido como ejecutivo de recursos humanos en una de las industrias m\u00e1s desafiantes, la automotriz. Hoy d\u00eda, Salvador est\u00e1 colaborando con varias empresas como socio estrat\u00e9gico y asesor de desarrollo de talento. De los principales intereses de Salvador siempre ha sido el identificar el talento en las personas y ayudarles a maximizar su potencial y contribuciones para la organizaci\u00f3n. En los \u00faltimos a\u00f1os ha lanzado un programa muy exitoso de Coaching para Ejecutivas y Ejecutivos con el objetivo de apoyar a sus clientes a alcanzar la mejor versi\u00f3n de s\u00ed mismos en el \u00e1mbito personal y\\\/o profesional. Salvador vive en M\u00e9xico desde principios del 2021 junto con su familia, es apasionado del futbol soccer y con gustos musicales muy ecl\u00e9cticos.\",\"sameAs\":[\"https:\\\/\\\/executivecoach.com.mx\\\/\",\"https:\\\/\\\/www.linkedin.com\\\/company\\\/holguin-executive-coaching-consulting\\\/\"]}]}<\/script>\n<!-- \/ Yoast SEO plugin. -->","yoast_head_json":{"title":"Servicios de Coaching Empresarial en M\u00e9xico: Impulsa el \u00c9xito de tu Organizaci\u00f3n","description":"Descubre los beneficios de los servicios de coaching empresarial en M\u00e9xico y c\u00f3mo pueden mejorar el liderazgo, el rendimiento y la cultura organizacional de tu empresa","robots":{"index":"index","follow":"follow","max-snippet":"max-snippet:-1","max-image-preview":"max-image-preview:large","max-video-preview":"max-video-preview:-1"},"canonical":"https:\/\/executivecoach.com.mx\/en\/servicios-de-coaching-empresarial-en-mexico-impulsa-el-exito-de-tu-organizacion\/","og_locale":"en_US","og_type":"article","og_title":"Servicios de Coaching Empresarial en M\u00e9xico: Impulsa el \u00c9xito de tu Organizaci\u00f3n","og_description":"Descubre los beneficios de los servicios de coaching empresarial en M\u00e9xico y c\u00f3mo pueden mejorar el liderazgo, el rendimiento y la cultura organizacional de tu empresa","og_url":"https:\/\/executivecoach.com.mx\/en\/servicios-de-coaching-empresarial-en-mexico-impulsa-el-exito-de-tu-organizacion\/","og_site_name":"Executive Coach","article_modified_time":"2026-03-02T20:43:38+00:00","og_image":[{"width":1024,"height":577,"url":"https:\/\/executivecoach.com.mx\/wp-content\/uploads\/2025\/04\/que-es-liderchip-e1746058037644-1024x577.png","type":"image\/png"}],"twitter_card":"summary_large_image","twitter_misc":{"Est. reading time":"2 minutes"},"schema":{"@context":"https:\/\/schema.org","@graph":[{"@type":"WebPage","@id":"https:\/\/executivecoach.com.mx\/servicios-de-coaching-empresarial-en-mexico-impulsa-el-exito-de-tu-organizacion\/","url":"https:\/\/executivecoach.com.mx\/servicios-de-coaching-empresarial-en-mexico-impulsa-el-exito-de-tu-organizacion\/","name":"Servicios de Coaching Empresarial en M\u00e9xico: Impulsa el \u00c9xito de tu Organizaci\u00f3n","isPartOf":{"@id":"https:\/\/executivecoach.com.mx\/en\/#website"},"primaryImageOfPage":{"@id":"https:\/\/executivecoach.com.mx\/servicios-de-coaching-empresarial-en-mexico-impulsa-el-exito-de-tu-organizacion\/#primaryimage"},"image":{"@id":"https:\/\/executivecoach.com.mx\/servicios-de-coaching-empresarial-en-mexico-impulsa-el-exito-de-tu-organizacion\/#primaryimage"},"thumbnailUrl":"https:\/\/executivecoach.com.mx\/wp-content\/uploads\/2025\/04\/que-es-liderchip-e1746058037644-1024x577.png","datePublished":"2026-03-01T00:04:49+00:00","dateModified":"2026-03-02T20:43:38+00:00","description":"Descubre los beneficios de los servicios de coaching empresarial en M\u00e9xico y c\u00f3mo pueden mejorar el liderazgo, el rendimiento y la cultura organizacional de tu empresa","breadcrumb":{"@id":"https:\/\/executivecoach.com.mx\/servicios-de-coaching-empresarial-en-mexico-impulsa-el-exito-de-tu-organizacion\/#breadcrumb"},"inLanguage":"en-US","potentialAction":[{"@type":"ReadAction","target":["https:\/\/executivecoach.com.mx\/servicios-de-coaching-empresarial-en-mexico-impulsa-el-exito-de-tu-organizacion\/"]}]},{"@type":"ImageObject","inLanguage":"en-US","@id":"https:\/\/executivecoach.com.mx\/servicios-de-coaching-empresarial-en-mexico-impulsa-el-exito-de-tu-organizacion\/#primaryimage","url":"https:\/\/executivecoach.com.mx\/wp-content\/uploads\/2025\/04\/que-es-liderchip-e1746058037644-1024x577.png","contentUrl":"https:\/\/executivecoach.com.mx\/wp-content\/uploads\/2025\/04\/que-es-liderchip-e1746058037644-1024x577.png"},{"@type":"BreadcrumbList","@id":"https:\/\/executivecoach.com.mx\/servicios-de-coaching-empresarial-en-mexico-impulsa-el-exito-de-tu-organizacion\/#breadcrumb","itemListElement":[{"@type":"ListItem","position":1,"name":"Portada","item":"https:\/\/executivecoach.com.mx\/"},{"@type":"ListItem","position":2,"name":"Servicios de Coaching Empresarial en M\u00e9xico: Impulsa el \u00c9xito de tu Organizaci\u00f3n"}]},{"@type":"WebSite","@id":"https:\/\/executivecoach.com.mx\/en\/#website","url":"https:\/\/executivecoach.com.mx\/en\/","name":"Executive Coach","description":"Coach Ejecutivo","publisher":{"@id":"https:\/\/executivecoach.com.mx\/en\/#\/schema\/person\/9cb67327ca9d964fca52b3b6c9ae3391"},"potentialAction":[{"@type":"SearchAction","target":{"@type":"EntryPoint","urlTemplate":"https:\/\/executivecoach.com.mx\/en\/?s={search_term_string}"},"query-input":{"@type":"PropertyValueSpecification","valueRequired":true,"valueName":"search_term_string"}}],"inLanguage":"en-US"},{"@type":["Person","Organization"],"@id":"https:\/\/executivecoach.com.mx\/en\/#\/schema\/person\/9cb67327ca9d964fca52b3b6c9ae3391","name":"Salvador Holgu\u00edn","image":{"@type":"ImageObject","inLanguage":"en-US","@id":"https:\/\/executivecoach.com.mx\/wp-content\/uploads\/2022\/05\/cropped-LogoFinal.png","url":"https:\/\/executivecoach.com.mx\/wp-content\/uploads\/2022\/05\/cropped-LogoFinal.png","contentUrl":"https:\/\/executivecoach.com.mx\/wp-content\/uploads\/2022\/05\/cropped-LogoFinal.png","width":177,"height":43,"caption":"Salvador Holgu\u00edn"},"logo":{"@id":"https:\/\/executivecoach.com.mx\/wp-content\/uploads\/2022\/05\/cropped-LogoFinal.png"},"description":"Salvador Holgu\u00edn es un Mental Fitness Coach para Ejecutivas (os) con una gran capacidad para conectar con sus clientes. Salvador, es graduado de Ingenier\u00eda Industrial por el Instituto Tecnol\u00f3gico de Chihuahua y cuenta con experiencias diversas en la industria automotriz, instituciones financieras, y compa\u00f1\u00edas de tecnolog\u00eda. A lo largo de su trayectoria profesional, ha tenido la oportunidad de trabajar en M\u00e9xico y varios otros mercados como Estados Unidos, Europa, y Sudam\u00e9rica. Y por d\u00e9cadas ha servido como ejecutivo de recursos humanos en una de las industrias m\u00e1s desafiantes, la automotriz. Hoy d\u00eda, Salvador est\u00e1 colaborando con varias empresas como socio estrat\u00e9gico y asesor de desarrollo de talento. De los principales intereses de Salvador siempre ha sido el identificar el talento en las personas y ayudarles a maximizar su potencial y contribuciones para la organizaci\u00f3n. En los \u00faltimos a\u00f1os ha lanzado un programa muy exitoso de Coaching para Ejecutivas y Ejecutivos con el objetivo de apoyar a sus clientes a alcanzar la mejor versi\u00f3n de s\u00ed mismos en el \u00e1mbito personal y\/o profesional. Salvador vive en M\u00e9xico desde principios del 2021 junto con su familia, es apasionado del futbol soccer y con gustos musicales muy ecl\u00e9cticos.","sameAs":["https:\/\/executivecoach.com.mx\/","https:\/\/www.linkedin.com\/company\/holguin-executive-coaching-consulting\/"]}]}},"_links":{"self":[{"href":"https:\/\/executivecoach.com.mx\/en\/wp-json\/wp\/v2\/pages\/2868","targetHints":{"allow":["GET"]}}],"collection":[{"href":"https:\/\/executivecoach.com.mx\/en\/wp-json\/wp\/v2\/pages"}],"about":[{"href":"https:\/\/executivecoach.com.mx\/en\/wp-json\/wp\/v2\/types\/page"}],"author":[{"embeddable":true,"href":"https:\/\/executivecoach.com.mx\/en\/wp-json\/wp\/v2\/users\/3"}],"replies":[{"embeddable":true,"href":"https:\/\/executivecoach.com.mx\/en\/wp-json\/wp\/v2\/comments?post=2868"}],"version-history":[{"count":1,"href":"https:\/\/executivecoach.com.mx\/en\/wp-json\/wp\/v2\/pages\/2868\/revisions"}],"predecessor-version":[{"id":3293,"href":"https:\/\/executivecoach.com.mx\/en\/wp-json\/wp\/v2\/pages\/2868\/revisions\/3293"}],"wp:attachment":[{"href":"https:\/\/executivecoach.com.mx\/en\/wp-json\/wp\/v2\/media?parent=2868"}],"curies":[{"name":"wp","href":"https:\/\/api.w.org\/{rel}","templated":true}]}}