{"id":2722,"date":"2025-02-20T18:16:46","date_gmt":"2025-02-21T00:16:46","guid":{"rendered":"https:\/\/executivecoach.com.mx\/?page_id=2722"},"modified":"2025-02-20T18:18:11","modified_gmt":"2025-02-21T00:18:11","slug":"como-mejorar-el-liderazgo-en-un-equipo-de-trabajo-claves-para-el-exito","status":"publish","type":"page","link":"https:\/\/executivecoach.com.mx\/en\/coaching-ejecutivo-en-mexico-beneficios-y-casos-de-exito\/beneficios-del-coaching-empresarial-en-mexico-impulsa-el-exito-de-tu-negocio\/como-mejorar-el-liderazgo-en-un-equipo-de-trabajo-claves-para-el-exito\/","title":{"rendered":"C\u00f3mo Mejorar el Liderazgo en un Equipo de Trabajo: Claves para el \u00c9xito"},"content":{"rendered":"<div data-elementor-type=\"wp-page\" data-elementor-id=\"2722\" class=\"elementor elementor-2722\">\n\t\t\t\t\t\t<section class=\"elementor-section elementor-top-section elementor-element elementor-element-cbd330b elementor-section-boxed elementor-section-height-default elementor-section-height-default\" data-id=\"cbd330b\" data-element_type=\"section\" data-e-type=\"section\">\n\t\t\t\t\t\t<div class=\"elementor-container elementor-column-gap-default\">\n\t\t\t\t\t<div class=\"elementor-column elementor-col-100 elementor-top-column elementor-element elementor-element-5dde0e57\" data-id=\"5dde0e57\" data-element_type=\"column\" data-e-type=\"column\">\n\t\t\t<div class=\"elementor-widget-wrap elementor-element-populated\">\n\t\t\t\t\t\t<div class=\"elementor-element elementor-element-72bd508a elementor-widget elementor-widget-heading\" data-id=\"72bd508a\" data-element_type=\"widget\" data-e-type=\"widget\" data-widget_type=\"heading.default\">\n\t\t\t\t<div class=\"elementor-widget-container\">\n\t\t\t\t\t<h1 class=\"elementor-heading-title elementor-size-default\">C\u00f3mo Mejorar el liderazgo en un equipo de trabajo<\/h1>\t\t\t\t<\/div>\n\t\t\t\t<\/div>\n\t\t\t\t<div class=\"elementor-element elementor-element-13dc1274 elementor-widget-divider--view-line elementor-widget elementor-widget-divider\" data-id=\"13dc1274\" data-element_type=\"widget\" data-e-type=\"widget\" data-widget_type=\"divider.default\">\n\t\t\t\t<div class=\"elementor-widget-container\">\n\t\t\t\t\t\t\t<div class=\"elementor-divider\">\n\t\t\t<span class=\"elementor-divider-separator\">\n\t\t\t\t\t\t<\/span>\n\t\t<\/div>\n\t\t\t\t\t\t<\/div>\n\t\t\t\t<\/div>\n\t\t\t\t<div class=\"elementor-element elementor-element-3d71871d elementor-widget elementor-widget-image\" data-id=\"3d71871d\" data-element_type=\"widget\" data-e-type=\"widget\" data-widget_type=\"image.default\">\n\t\t\t\t<div class=\"elementor-widget-container\">\n\t\t\t\t\t\t\t\t\t\t\t\t<figure class=\"wp-caption\">\n\t\t\t\t\t\t\t\t\t\t<img fetchpriority=\"high\" decoding=\"async\" width=\"1024\" height=\"682\" src=\"https:\/\/executivecoach.com.mx\/wp-content\/uploads\/2025\/02\/pexels-rebrand-cities-581004-1367276-1024x682.jpg\" class=\"attachment-large size-large wp-image-2724\" alt=\"C\u00f3mo Mejorar el liderazgo en un equipo de trabajo\" srcset=\"https:\/\/executivecoach.com.mx\/wp-content\/uploads\/2025\/02\/pexels-rebrand-cities-581004-1367276-1024x682.jpg 1024w, https:\/\/executivecoach.com.mx\/wp-content\/uploads\/2025\/02\/pexels-rebrand-cities-581004-1367276-300x200.jpg 300w, https:\/\/executivecoach.com.mx\/wp-content\/uploads\/2025\/02\/pexels-rebrand-cities-581004-1367276-768x512.jpg 768w, https:\/\/executivecoach.com.mx\/wp-content\/uploads\/2025\/02\/pexels-rebrand-cities-581004-1367276-18x12.jpg 18w, https:\/\/executivecoach.com.mx\/wp-content\/uploads\/2025\/02\/pexels-rebrand-cities-581004-1367276-930x620.jpg 930w, https:\/\/executivecoach.com.mx\/wp-content\/uploads\/2025\/02\/pexels-rebrand-cities-581004-1367276.jpg 1280w\" sizes=\"(max-width: 1024px) 100vw, 1024px\" \/>\t\t\t\t\t\t\t\t\t\t\t<figcaption class=\"widget-image-caption wp-caption-text\"><\/figcaption>\n\t\t\t\t\t\t\t\t\t\t<\/figure>\n\t\t\t\t\t\t\t\t\t<\/div>\n\t\t\t\t<\/div>\n\t\t\t\t<div class=\"elementor-element elementor-element-413eb2c8 elementor-widget elementor-widget-text-editor\" data-id=\"413eb2c8\" data-element_type=\"widget\" data-e-type=\"widget\" data-widget_type=\"text-editor.default\">\n\t\t\t\t<div class=\"elementor-widget-container\">\n\t\t\t\t\t\t\t\t\t<p>El liderazgo efectivo es fundamental para el \u00e9xito de cualquier equipo. En M\u00e9xico, donde la colaboraci\u00f3n y la innovaci\u00f3n son clave, mejorar las habilidades de liderazgo puede marcar la diferencia.<\/p>\n\n<h3>Importancia del Liderazgo en Equipos<\/h3>\n<p>Un buen l\u00edder no solo dirige, sino que inspira, motiva y gu\u00eda a su equipo hacia el \u00e9xito. En un entorno empresarial competitivo, el liderazgo es esencial para mantener la productividad y el compromiso.<\/p>\n\n<h2>Estrategias para Mejorar el Liderazgo<\/h2>\n\n<h4>1. Fomenta la Comunicaci\u00f3n Abierta<\/h4>\n<p>La comunicaci\u00f3n es la base de un liderazgo efectivo. Escucha a tu equipo, brinda retroalimentaci\u00f3n y promueve un ambiente de confianza.<\/p>\n\n<h4>2. Implementa Coaching para Equipos<\/h4>\n<p>El coaching para equipos en M\u00e9xico es una herramienta poderosa para desarrollar habilidades de liderazgo, mejorar el resultado de las reuniones de equipo, resolver conflictos y administrar eficientemente los cambios, entre otras cosas.<\/p>\n\n<h4>3. Delega Responsabilidades<\/h4>\n<p>Un buen l\u00edder sabe delegar. Conf\u00eda en las habilidades de tu equipo y dales la oportunidad de crecer.<\/p>\n\n<h4>4. S\u00e9 un Ejemplo a Seguir<\/h4>\n<p>Tu equipo seguir\u00e1 tu ejemplo. Demuestra integridad, compromiso y pasi\u00f3n por lo que haces.<\/p>\n\n<p>Mejorar el liderazgo en un equipo de trabajo no solo aumenta la productividad, sino que tambi\u00e9n fortalece la cultura organizacional. Con estrategias como el coaching para equipos en M\u00e9xico, puedes llevar a tu empresa al siguiente nivel.<\/p>\n\t\t\t\t\t\t\t\t<\/div>\n\t\t\t\t<\/div>\n\t\t\t\t<div class=\"elementor-element elementor-element-722891dd elementor-position-inline-end elementor-view-default elementor-mobile-position-block-start elementor-widget elementor-widget-icon-box\" data-id=\"722891dd\" data-element_type=\"widget\" data-e-type=\"widget\" data-widget_type=\"icon-box.default\">\n\t\t\t\t<div class=\"elementor-widget-container\">\n\t\t\t\t\t\t\t<div class=\"elementor-icon-box-wrapper\">\n\n\t\t\t\t\t\t<div class=\"elementor-icon-box-icon\">\n\t\t\t\t<a href=\"https:\/\/wa.me\/525619951639\" target=\"_blank\" class=\"elementor-icon\" tabindex=\"-1\" aria-label=\"Cont\u00e1ctame por Whatsapp\">\n\t\t\t\t<i aria-hidden=\"true\" class=\"fab fa-whatsapp\"><\/i>\t\t\t\t<\/a>\n\t\t\t<\/div>\n\t\t\t\n\t\t\t\t\t\t<div class=\"elementor-icon-box-content\">\n\n\t\t\t\t\t\t\t\t\t<h4 class=\"elementor-icon-box-title\">\n\t\t\t\t\t\t<a href=\"https:\/\/wa.me\/525619951639\" target=\"_blank\" >\n\t\t\t\t\t\t\tCont\u00e1ctame por Whatsapp\t\t\t\t\t\t<\/a>\n\t\t\t\t\t<\/h4>\n\t\t\t\t\n\t\t\t\t\n\t\t\t<\/div>\n\t\t\t\n\t\t<\/div>\n\t\t\t\t\t\t<\/div>\n\t\t\t\t<\/div>\n\t\t\t\t\t<\/div>\n\t\t<\/div>\n\t\t\t\t\t<\/div>\n\t\t<\/section>\n\t\t\t\t<\/div>","protected":false},"excerpt":{"rendered":"<p>C\u00f3mo Mejorar el liderazgo en un equipo de trabajo El liderazgo efectivo es fundamental para el \u00e9xito de cualquier equipo. En M\u00e9xico, donde la colaboraci\u00f3n y la innovaci\u00f3n son clave, mejorar las habilidades de liderazgo puede marcar la diferencia. Importancia del Liderazgo en Equipos Un buen l\u00edder no solo dirige, sino que inspira, motiva y&hellip;&nbsp;<a href=\"https:\/\/executivecoach.com.mx\/en\/coaching-ejecutivo-en-mexico-beneficios-y-casos-de-exito\/beneficios-del-coaching-empresarial-en-mexico-impulsa-el-exito-de-tu-negocio\/como-mejorar-el-liderazgo-en-un-equipo-de-trabajo-claves-para-el-exito\/\" rel=\"bookmark\">Read More &raquo;<span class=\"screen-reader-text\">C\u00f3mo Mejorar el Liderazgo en un Equipo de Trabajo: Claves para el \u00c9xito<\/span><\/a><\/p>","protected":false},"author":3,"featured_media":0,"parent":2704,"menu_order":0,"comment_status":"closed","ping_status":"closed","template":"","meta":{"content-type":"","neve_meta_sidebar":"","neve_meta_container":"","neve_meta_enable_content_width":"","neve_meta_content_width":0,"neve_meta_title_alignment":"","neve_meta_author_avatar":"","neve_post_elements_order":"","neve_meta_disable_header":"","neve_meta_disable_footer":"","neve_meta_disable_title":"","footnotes":""},"class_list":["post-2722","page","type-page","status-publish","hentry"],"yoast_head":"<!-- This site is optimized with the Yoast SEO plugin v27.4 - https:\/\/yoast.com\/product\/yoast-seo-wordpress\/ -->\n<title>C\u00f3mo Mejorar el Liderazgo en un Equipo de Trabajo: Claves para el \u00c9xito<\/title>\n<meta name=\"description\" content=\"Aprende c\u00f3mo mejorar el liderazgo en un equipo de trabajo con estrategias efectivas. Descubre c\u00f3mo el coaching para equipos en M\u00e9xico puede transformar tu empresa.\" \/>\n<meta name=\"robots\" content=\"index, follow, max-snippet:-1, max-image-preview:large, max-video-preview:-1\" \/>\n<link rel=\"canonical\" href=\"https:\/\/executivecoach.com.mx\/en\/coaching-ejecutivo-en-mexico-beneficios-y-casos-de-exito\/beneficios-del-coaching-empresarial-en-mexico-impulsa-el-exito-de-tu-negocio\/como-mejorar-el-liderazgo-en-un-equipo-de-trabajo-claves-para-el-exito\/\" \/>\n<meta property=\"og:locale\" content=\"en_US\" \/>\n<meta property=\"og:type\" content=\"article\" \/>\n<meta property=\"og:title\" content=\"C\u00f3mo Mejorar el Liderazgo en un Equipo de Trabajo: Claves para el \u00c9xito\" \/>\n<meta property=\"og:description\" content=\"Aprende c\u00f3mo mejorar el liderazgo en un equipo de trabajo con estrategias efectivas. Descubre c\u00f3mo el coaching para equipos en M\u00e9xico puede transformar tu empresa.\" \/>\n<meta property=\"og:url\" content=\"https:\/\/executivecoach.com.mx\/en\/coaching-ejecutivo-en-mexico-beneficios-y-casos-de-exito\/beneficios-del-coaching-empresarial-en-mexico-impulsa-el-exito-de-tu-negocio\/como-mejorar-el-liderazgo-en-un-equipo-de-trabajo-claves-para-el-exito\/\" \/>\n<meta property=\"og:site_name\" content=\"Executive Coach\" \/>\n<meta property=\"article:modified_time\" content=\"2025-02-21T00:18:11+00:00\" \/>\n<meta property=\"og:image\" content=\"https:\/\/executivecoach.com.mx\/wp-content\/uploads\/2025\/02\/pexels-rebrand-cities-581004-1367276.jpg\" \/>\n\t<meta property=\"og:image:width\" content=\"1280\" \/>\n\t<meta property=\"og:image:height\" content=\"853\" \/>\n\t<meta property=\"og:image:type\" content=\"image\/jpeg\" \/>\n<meta name=\"twitter:card\" content=\"summary_large_image\" \/>\n<meta name=\"twitter:label1\" content=\"Est. reading time\" \/>\n\t<meta name=\"twitter:data1\" content=\"2 minutes\" \/>\n<script type=\"application\/ld+json\" class=\"yoast-schema-graph\">{\"@context\":\"https:\\\/\\\/schema.org\",\"@graph\":[{\"@type\":\"WebPage\",\"@id\":\"https:\\\/\\\/executivecoach.com.mx\\\/coaching-ejecutivo-en-mexico-beneficios-y-casos-de-exito\\\/beneficios-del-coaching-empresarial-en-mexico-impulsa-el-exito-de-tu-negocio\\\/como-mejorar-el-liderazgo-en-un-equipo-de-trabajo-claves-para-el-exito\\\/\",\"url\":\"https:\\\/\\\/executivecoach.com.mx\\\/coaching-ejecutivo-en-mexico-beneficios-y-casos-de-exito\\\/beneficios-del-coaching-empresarial-en-mexico-impulsa-el-exito-de-tu-negocio\\\/como-mejorar-el-liderazgo-en-un-equipo-de-trabajo-claves-para-el-exito\\\/\",\"name\":\"C\u00f3mo Mejorar el Liderazgo en un Equipo de Trabajo: Claves para el \u00c9xito\",\"isPartOf\":{\"@id\":\"https:\\\/\\\/executivecoach.com.mx\\\/en\\\/#website\"},\"primaryImageOfPage\":{\"@id\":\"https:\\\/\\\/executivecoach.com.mx\\\/coaching-ejecutivo-en-mexico-beneficios-y-casos-de-exito\\\/beneficios-del-coaching-empresarial-en-mexico-impulsa-el-exito-de-tu-negocio\\\/como-mejorar-el-liderazgo-en-un-equipo-de-trabajo-claves-para-el-exito\\\/#primaryimage\"},\"image\":{\"@id\":\"https:\\\/\\\/executivecoach.com.mx\\\/coaching-ejecutivo-en-mexico-beneficios-y-casos-de-exito\\\/beneficios-del-coaching-empresarial-en-mexico-impulsa-el-exito-de-tu-negocio\\\/como-mejorar-el-liderazgo-en-un-equipo-de-trabajo-claves-para-el-exito\\\/#primaryimage\"},\"thumbnailUrl\":\"https:\\\/\\\/executivecoach.com.mx\\\/wp-content\\\/uploads\\\/2025\\\/02\\\/pexels-rebrand-cities-581004-1367276-1024x682.jpg\",\"datePublished\":\"2025-02-21T00:16:46+00:00\",\"dateModified\":\"2025-02-21T00:18:11+00:00\",\"description\":\"Aprende c\u00f3mo mejorar el liderazgo en un equipo de trabajo con estrategias efectivas. Descubre c\u00f3mo el coaching para equipos en M\u00e9xico puede transformar tu empresa.\",\"breadcrumb\":{\"@id\":\"https:\\\/\\\/executivecoach.com.mx\\\/coaching-ejecutivo-en-mexico-beneficios-y-casos-de-exito\\\/beneficios-del-coaching-empresarial-en-mexico-impulsa-el-exito-de-tu-negocio\\\/como-mejorar-el-liderazgo-en-un-equipo-de-trabajo-claves-para-el-exito\\\/#breadcrumb\"},\"inLanguage\":\"en-US\",\"potentialAction\":[{\"@type\":\"ReadAction\",\"target\":[\"https:\\\/\\\/executivecoach.com.mx\\\/coaching-ejecutivo-en-mexico-beneficios-y-casos-de-exito\\\/beneficios-del-coaching-empresarial-en-mexico-impulsa-el-exito-de-tu-negocio\\\/como-mejorar-el-liderazgo-en-un-equipo-de-trabajo-claves-para-el-exito\\\/\"]}]},{\"@type\":\"ImageObject\",\"inLanguage\":\"en-US\",\"@id\":\"https:\\\/\\\/executivecoach.com.mx\\\/coaching-ejecutivo-en-mexico-beneficios-y-casos-de-exito\\\/beneficios-del-coaching-empresarial-en-mexico-impulsa-el-exito-de-tu-negocio\\\/como-mejorar-el-liderazgo-en-un-equipo-de-trabajo-claves-para-el-exito\\\/#primaryimage\",\"url\":\"https:\\\/\\\/executivecoach.com.mx\\\/wp-content\\\/uploads\\\/2025\\\/02\\\/pexels-rebrand-cities-581004-1367276-1024x682.jpg\",\"contentUrl\":\"https:\\\/\\\/executivecoach.com.mx\\\/wp-content\\\/uploads\\\/2025\\\/02\\\/pexels-rebrand-cities-581004-1367276-1024x682.jpg\"},{\"@type\":\"BreadcrumbList\",\"@id\":\"https:\\\/\\\/executivecoach.com.mx\\\/coaching-ejecutivo-en-mexico-beneficios-y-casos-de-exito\\\/beneficios-del-coaching-empresarial-en-mexico-impulsa-el-exito-de-tu-negocio\\\/como-mejorar-el-liderazgo-en-un-equipo-de-trabajo-claves-para-el-exito\\\/#breadcrumb\",\"itemListElement\":[{\"@type\":\"ListItem\",\"position\":1,\"name\":\"Portada\",\"item\":\"https:\\\/\\\/executivecoach.com.mx\\\/\"},{\"@type\":\"ListItem\",\"position\":2,\"name\":\"Coaching Ejecutivo en M\u00e9xico: Beneficios y casos de \u00e9xito\",\"item\":\"https:\\\/\\\/executivecoach.com.mx\\\/coaching-ejecutivo-en-mexico-beneficios-y-casos-de-exito\\\/\"},{\"@type\":\"ListItem\",\"position\":3,\"name\":\"Beneficios del Coaching Empresarial en M\u00e9xico: Impulsa el \u00c9xito de tu Negocio\",\"item\":\"https:\\\/\\\/executivecoach.com.mx\\\/coaching-ejecutivo-en-mexico-beneficios-y-casos-de-exito\\\/beneficios-del-coaching-empresarial-en-mexico-impulsa-el-exito-de-tu-negocio\\\/\"},{\"@type\":\"ListItem\",\"position\":4,\"name\":\"C\u00f3mo Mejorar el Liderazgo en un Equipo de Trabajo: Claves para el \u00c9xito\"}]},{\"@type\":\"WebSite\",\"@id\":\"https:\\\/\\\/executivecoach.com.mx\\\/en\\\/#website\",\"url\":\"https:\\\/\\\/executivecoach.com.mx\\\/en\\\/\",\"name\":\"Executive Coach\",\"description\":\"Coach Ejecutivo\",\"publisher\":{\"@id\":\"https:\\\/\\\/executivecoach.com.mx\\\/en\\\/#\\\/schema\\\/person\\\/9cb67327ca9d964fca52b3b6c9ae3391\"},\"potentialAction\":[{\"@type\":\"SearchAction\",\"target\":{\"@type\":\"EntryPoint\",\"urlTemplate\":\"https:\\\/\\\/executivecoach.com.mx\\\/en\\\/?s={search_term_string}\"},\"query-input\":{\"@type\":\"PropertyValueSpecification\",\"valueRequired\":true,\"valueName\":\"search_term_string\"}}],\"inLanguage\":\"en-US\"},{\"@type\":[\"Person\",\"Organization\"],\"@id\":\"https:\\\/\\\/executivecoach.com.mx\\\/en\\\/#\\\/schema\\\/person\\\/9cb67327ca9d964fca52b3b6c9ae3391\",\"name\":\"Salvador Holgu\u00edn\",\"image\":{\"@type\":\"ImageObject\",\"inLanguage\":\"en-US\",\"@id\":\"https:\\\/\\\/executivecoach.com.mx\\\/wp-content\\\/uploads\\\/2022\\\/05\\\/cropped-LogoFinal.png\",\"url\":\"https:\\\/\\\/executivecoach.com.mx\\\/wp-content\\\/uploads\\\/2022\\\/05\\\/cropped-LogoFinal.png\",\"contentUrl\":\"https:\\\/\\\/executivecoach.com.mx\\\/wp-content\\\/uploads\\\/2022\\\/05\\\/cropped-LogoFinal.png\",\"width\":177,\"height\":43,\"caption\":\"Salvador Holgu\u00edn\"},\"logo\":{\"@id\":\"https:\\\/\\\/executivecoach.com.mx\\\/wp-content\\\/uploads\\\/2022\\\/05\\\/cropped-LogoFinal.png\"},\"description\":\"Salvador Holgu\u00edn es un Mental Fitness Coach para Ejecutivas (os) con una gran capacidad para conectar con sus clientes. Salvador, es graduado de Ingenier\u00eda Industrial por el Instituto Tecnol\u00f3gico de Chihuahua y cuenta con experiencias diversas en la industria automotriz, instituciones financieras, y compa\u00f1\u00edas de tecnolog\u00eda. A lo largo de su trayectoria profesional, ha tenido la oportunidad de trabajar en M\u00e9xico y varios otros mercados como Estados Unidos, Europa, y Sudam\u00e9rica. Y por d\u00e9cadas ha servido como ejecutivo de recursos humanos en una de las industrias m\u00e1s desafiantes, la automotriz. Hoy d\u00eda, Salvador est\u00e1 colaborando con varias empresas como socio estrat\u00e9gico y asesor de desarrollo de talento. De los principales intereses de Salvador siempre ha sido el identificar el talento en las personas y ayudarles a maximizar su potencial y contribuciones para la organizaci\u00f3n. En los \u00faltimos a\u00f1os ha lanzado un programa muy exitoso de Coaching para Ejecutivas y Ejecutivos con el objetivo de apoyar a sus clientes a alcanzar la mejor versi\u00f3n de s\u00ed mismos en el \u00e1mbito personal y\\\/o profesional. Salvador vive en M\u00e9xico desde principios del 2021 junto con su familia, es apasionado del futbol soccer y con gustos musicales muy ecl\u00e9cticos.\",\"sameAs\":[\"https:\\\/\\\/executivecoach.com.mx\\\/\",\"https:\\\/\\\/www.linkedin.com\\\/company\\\/holguin-executive-coaching-consulting\\\/\"]}]}<\/script>\n<!-- \/ Yoast SEO plugin. -->","yoast_head_json":{"title":"C\u00f3mo Mejorar el Liderazgo en un Equipo de Trabajo: Claves para el \u00c9xito","description":"Aprende c\u00f3mo mejorar el liderazgo en un equipo de trabajo con estrategias efectivas. Descubre c\u00f3mo el coaching para equipos en M\u00e9xico puede transformar tu empresa.","robots":{"index":"index","follow":"follow","max-snippet":"max-snippet:-1","max-image-preview":"max-image-preview:large","max-video-preview":"max-video-preview:-1"},"canonical":"https:\/\/executivecoach.com.mx\/en\/coaching-ejecutivo-en-mexico-beneficios-y-casos-de-exito\/beneficios-del-coaching-empresarial-en-mexico-impulsa-el-exito-de-tu-negocio\/como-mejorar-el-liderazgo-en-un-equipo-de-trabajo-claves-para-el-exito\/","og_locale":"en_US","og_type":"article","og_title":"C\u00f3mo Mejorar el Liderazgo en un Equipo de Trabajo: Claves para el \u00c9xito","og_description":"Aprende c\u00f3mo mejorar el liderazgo en un equipo de trabajo con estrategias efectivas. Descubre c\u00f3mo el coaching para equipos en M\u00e9xico puede transformar tu empresa.","og_url":"https:\/\/executivecoach.com.mx\/en\/coaching-ejecutivo-en-mexico-beneficios-y-casos-de-exito\/beneficios-del-coaching-empresarial-en-mexico-impulsa-el-exito-de-tu-negocio\/como-mejorar-el-liderazgo-en-un-equipo-de-trabajo-claves-para-el-exito\/","og_site_name":"Executive Coach","article_modified_time":"2025-02-21T00:18:11+00:00","og_image":[{"width":1280,"height":853,"url":"https:\/\/executivecoach.com.mx\/wp-content\/uploads\/2025\/02\/pexels-rebrand-cities-581004-1367276.jpg","type":"image\/jpeg"}],"twitter_card":"summary_large_image","twitter_misc":{"Est. reading time":"2 minutes"},"schema":{"@context":"https:\/\/schema.org","@graph":[{"@type":"WebPage","@id":"https:\/\/executivecoach.com.mx\/coaching-ejecutivo-en-mexico-beneficios-y-casos-de-exito\/beneficios-del-coaching-empresarial-en-mexico-impulsa-el-exito-de-tu-negocio\/como-mejorar-el-liderazgo-en-un-equipo-de-trabajo-claves-para-el-exito\/","url":"https:\/\/executivecoach.com.mx\/coaching-ejecutivo-en-mexico-beneficios-y-casos-de-exito\/beneficios-del-coaching-empresarial-en-mexico-impulsa-el-exito-de-tu-negocio\/como-mejorar-el-liderazgo-en-un-equipo-de-trabajo-claves-para-el-exito\/","name":"C\u00f3mo Mejorar el Liderazgo en un Equipo de Trabajo: Claves para el \u00c9xito","isPartOf":{"@id":"https:\/\/executivecoach.com.mx\/en\/#website"},"primaryImageOfPage":{"@id":"https:\/\/executivecoach.com.mx\/coaching-ejecutivo-en-mexico-beneficios-y-casos-de-exito\/beneficios-del-coaching-empresarial-en-mexico-impulsa-el-exito-de-tu-negocio\/como-mejorar-el-liderazgo-en-un-equipo-de-trabajo-claves-para-el-exito\/#primaryimage"},"image":{"@id":"https:\/\/executivecoach.com.mx\/coaching-ejecutivo-en-mexico-beneficios-y-casos-de-exito\/beneficios-del-coaching-empresarial-en-mexico-impulsa-el-exito-de-tu-negocio\/como-mejorar-el-liderazgo-en-un-equipo-de-trabajo-claves-para-el-exito\/#primaryimage"},"thumbnailUrl":"https:\/\/executivecoach.com.mx\/wp-content\/uploads\/2025\/02\/pexels-rebrand-cities-581004-1367276-1024x682.jpg","datePublished":"2025-02-21T00:16:46+00:00","dateModified":"2025-02-21T00:18:11+00:00","description":"Aprende c\u00f3mo mejorar el liderazgo en un equipo de trabajo con estrategias efectivas. Descubre c\u00f3mo el coaching para equipos en M\u00e9xico puede transformar tu empresa.","breadcrumb":{"@id":"https:\/\/executivecoach.com.mx\/coaching-ejecutivo-en-mexico-beneficios-y-casos-de-exito\/beneficios-del-coaching-empresarial-en-mexico-impulsa-el-exito-de-tu-negocio\/como-mejorar-el-liderazgo-en-un-equipo-de-trabajo-claves-para-el-exito\/#breadcrumb"},"inLanguage":"en-US","potentialAction":[{"@type":"ReadAction","target":["https:\/\/executivecoach.com.mx\/coaching-ejecutivo-en-mexico-beneficios-y-casos-de-exito\/beneficios-del-coaching-empresarial-en-mexico-impulsa-el-exito-de-tu-negocio\/como-mejorar-el-liderazgo-en-un-equipo-de-trabajo-claves-para-el-exito\/"]}]},{"@type":"ImageObject","inLanguage":"en-US","@id":"https:\/\/executivecoach.com.mx\/coaching-ejecutivo-en-mexico-beneficios-y-casos-de-exito\/beneficios-del-coaching-empresarial-en-mexico-impulsa-el-exito-de-tu-negocio\/como-mejorar-el-liderazgo-en-un-equipo-de-trabajo-claves-para-el-exito\/#primaryimage","url":"https:\/\/executivecoach.com.mx\/wp-content\/uploads\/2025\/02\/pexels-rebrand-cities-581004-1367276-1024x682.jpg","contentUrl":"https:\/\/executivecoach.com.mx\/wp-content\/uploads\/2025\/02\/pexels-rebrand-cities-581004-1367276-1024x682.jpg"},{"@type":"BreadcrumbList","@id":"https:\/\/executivecoach.com.mx\/coaching-ejecutivo-en-mexico-beneficios-y-casos-de-exito\/beneficios-del-coaching-empresarial-en-mexico-impulsa-el-exito-de-tu-negocio\/como-mejorar-el-liderazgo-en-un-equipo-de-trabajo-claves-para-el-exito\/#breadcrumb","itemListElement":[{"@type":"ListItem","position":1,"name":"Portada","item":"https:\/\/executivecoach.com.mx\/"},{"@type":"ListItem","position":2,"name":"Coaching Ejecutivo en M\u00e9xico: Beneficios y casos de \u00e9xito","item":"https:\/\/executivecoach.com.mx\/coaching-ejecutivo-en-mexico-beneficios-y-casos-de-exito\/"},{"@type":"ListItem","position":3,"name":"Beneficios del Coaching Empresarial en M\u00e9xico: Impulsa el \u00c9xito de tu Negocio","item":"https:\/\/executivecoach.com.mx\/coaching-ejecutivo-en-mexico-beneficios-y-casos-de-exito\/beneficios-del-coaching-empresarial-en-mexico-impulsa-el-exito-de-tu-negocio\/"},{"@type":"ListItem","position":4,"name":"C\u00f3mo Mejorar el Liderazgo en un Equipo de Trabajo: Claves para el \u00c9xito"}]},{"@type":"WebSite","@id":"https:\/\/executivecoach.com.mx\/en\/#website","url":"https:\/\/executivecoach.com.mx\/en\/","name":"Executive Coach","description":"Coach Ejecutivo","publisher":{"@id":"https:\/\/executivecoach.com.mx\/en\/#\/schema\/person\/9cb67327ca9d964fca52b3b6c9ae3391"},"potentialAction":[{"@type":"SearchAction","target":{"@type":"EntryPoint","urlTemplate":"https:\/\/executivecoach.com.mx\/en\/?s={search_term_string}"},"query-input":{"@type":"PropertyValueSpecification","valueRequired":true,"valueName":"search_term_string"}}],"inLanguage":"en-US"},{"@type":["Person","Organization"],"@id":"https:\/\/executivecoach.com.mx\/en\/#\/schema\/person\/9cb67327ca9d964fca52b3b6c9ae3391","name":"Salvador Holgu\u00edn","image":{"@type":"ImageObject","inLanguage":"en-US","@id":"https:\/\/executivecoach.com.mx\/wp-content\/uploads\/2022\/05\/cropped-LogoFinal.png","url":"https:\/\/executivecoach.com.mx\/wp-content\/uploads\/2022\/05\/cropped-LogoFinal.png","contentUrl":"https:\/\/executivecoach.com.mx\/wp-content\/uploads\/2022\/05\/cropped-LogoFinal.png","width":177,"height":43,"caption":"Salvador Holgu\u00edn"},"logo":{"@id":"https:\/\/executivecoach.com.mx\/wp-content\/uploads\/2022\/05\/cropped-LogoFinal.png"},"description":"Salvador Holgu\u00edn es un Mental Fitness Coach para Ejecutivas (os) con una gran capacidad para conectar con sus clientes. Salvador, es graduado de Ingenier\u00eda Industrial por el Instituto Tecnol\u00f3gico de Chihuahua y cuenta con experiencias diversas en la industria automotriz, instituciones financieras, y compa\u00f1\u00edas de tecnolog\u00eda. A lo largo de su trayectoria profesional, ha tenido la oportunidad de trabajar en M\u00e9xico y varios otros mercados como Estados Unidos, Europa, y Sudam\u00e9rica. Y por d\u00e9cadas ha servido como ejecutivo de recursos humanos en una de las industrias m\u00e1s desafiantes, la automotriz. Hoy d\u00eda, Salvador est\u00e1 colaborando con varias empresas como socio estrat\u00e9gico y asesor de desarrollo de talento. De los principales intereses de Salvador siempre ha sido el identificar el talento en las personas y ayudarles a maximizar su potencial y contribuciones para la organizaci\u00f3n. En los \u00faltimos a\u00f1os ha lanzado un programa muy exitoso de Coaching para Ejecutivas y Ejecutivos con el objetivo de apoyar a sus clientes a alcanzar la mejor versi\u00f3n de s\u00ed mismos en el \u00e1mbito personal y\/o profesional. Salvador vive en M\u00e9xico desde principios del 2021 junto con su familia, es apasionado del futbol soccer y con gustos musicales muy ecl\u00e9cticos.","sameAs":["https:\/\/executivecoach.com.mx\/","https:\/\/www.linkedin.com\/company\/holguin-executive-coaching-consulting\/"]}]}},"_links":{"self":[{"href":"https:\/\/executivecoach.com.mx\/en\/wp-json\/wp\/v2\/pages\/2722","targetHints":{"allow":["GET"]}}],"collection":[{"href":"https:\/\/executivecoach.com.mx\/en\/wp-json\/wp\/v2\/pages"}],"about":[{"href":"https:\/\/executivecoach.com.mx\/en\/wp-json\/wp\/v2\/types\/page"}],"author":[{"embeddable":true,"href":"https:\/\/executivecoach.com.mx\/en\/wp-json\/wp\/v2\/users\/3"}],"replies":[{"embeddable":true,"href":"https:\/\/executivecoach.com.mx\/en\/wp-json\/wp\/v2\/comments?post=2722"}],"version-history":[{"count":0,"href":"https:\/\/executivecoach.com.mx\/en\/wp-json\/wp\/v2\/pages\/2722\/revisions"}],"up":[{"embeddable":true,"href":"https:\/\/executivecoach.com.mx\/en\/wp-json\/wp\/v2\/pages\/2704"}],"wp:attachment":[{"href":"https:\/\/executivecoach.com.mx\/en\/wp-json\/wp\/v2\/media?parent=2722"}],"curies":[{"name":"wp","href":"https:\/\/api.w.org\/{rel}","templated":true}]}}