{"id":2713,"date":"2026-02-20T17:58:13","date_gmt":"2026-02-20T23:58:13","guid":{"rendered":"https:\/\/executivecoach.com.mx\/?page_id=2713"},"modified":"2026-03-02T14:45:31","modified_gmt":"2026-03-02T20:45:31","slug":"como-alcanzar-tus-metas-estrategias-comprobadas-para-el-exito","status":"publish","type":"page","link":"https:\/\/executivecoach.com.mx\/en\/coaching-ejecutivo-en-mexico-beneficios-y-casos-de-exito\/beneficios-del-coaching-empresarial-en-mexico-impulsa-el-exito-de-tu-negocio\/como-alcanzar-tus-metas-estrategias-comprobadas-para-el-exito\/","title":{"rendered":"C\u00f3mo Alcanzar tus Metas: Estrategias Comprobadas para el \u00c9xito"},"content":{"rendered":"<div data-elementor-type=\"wp-page\" data-elementor-id=\"2713\" class=\"elementor elementor-2713\">\n\t\t\t\t\t\t<section class=\"elementor-section elementor-top-section elementor-element elementor-element-6c3c0ccf elementor-section-boxed elementor-section-height-default elementor-section-height-default\" data-id=\"6c3c0ccf\" data-element_type=\"section\" data-e-type=\"section\">\n\t\t\t\t\t\t<div class=\"elementor-container elementor-column-gap-default\">\n\t\t\t\t\t<div class=\"elementor-column elementor-col-100 elementor-top-column elementor-element elementor-element-29365fa3\" data-id=\"29365fa3\" data-element_type=\"column\" data-e-type=\"column\">\n\t\t\t<div class=\"elementor-widget-wrap elementor-element-populated\">\n\t\t\t\t\t\t<div class=\"elementor-element elementor-element-37f607e4 elementor-widget elementor-widget-heading\" data-id=\"37f607e4\" data-element_type=\"widget\" data-e-type=\"widget\" data-widget_type=\"heading.default\">\n\t\t\t\t<div class=\"elementor-widget-container\">\n\t\t\t\t\t<h1 class=\"elementor-heading-title elementor-size-default\">C\u00f3mo alcanzar tus metas<\/h1>\t\t\t\t<\/div>\n\t\t\t\t<\/div>\n\t\t\t\t<div class=\"elementor-element elementor-element-41fe8827 elementor-widget-divider--view-line elementor-widget elementor-widget-divider\" data-id=\"41fe8827\" data-element_type=\"widget\" data-e-type=\"widget\" data-widget_type=\"divider.default\">\n\t\t\t\t<div class=\"elementor-widget-container\">\n\t\t\t\t\t\t\t<div class=\"elementor-divider\">\n\t\t\t<span class=\"elementor-divider-separator\">\n\t\t\t\t\t\t<\/span>\n\t\t<\/div>\n\t\t\t\t\t\t<\/div>\n\t\t\t\t<\/div>\n\t\t\t\t<div class=\"elementor-element elementor-element-4fb082d9 elementor-widget elementor-widget-image\" data-id=\"4fb082d9\" data-element_type=\"widget\" data-e-type=\"widget\" data-widget_type=\"image.default\">\n\t\t\t\t<div class=\"elementor-widget-container\">\n\t\t\t\t\t\t\t\t\t\t\t\t<figure class=\"wp-caption\">\n\t\t\t\t\t\t\t\t\t\t<img fetchpriority=\"high\" decoding=\"async\" width=\"768\" height=\"512\" src=\"https:\/\/executivecoach.com.mx\/wp-content\/uploads\/2025\/02\/pexels-shvetsa-3727463-768x512.jpg\" class=\"attachment-medium_large size-medium_large wp-image-2715\" alt=\"C\u00f3mo alcanzar tus metas\" srcset=\"https:\/\/executivecoach.com.mx\/wp-content\/uploads\/2025\/02\/pexels-shvetsa-3727463-768x512.jpg 768w, https:\/\/executivecoach.com.mx\/wp-content\/uploads\/2025\/02\/pexels-shvetsa-3727463-300x200.jpg 300w, https:\/\/executivecoach.com.mx\/wp-content\/uploads\/2025\/02\/pexels-shvetsa-3727463-1024x682.jpg 1024w, https:\/\/executivecoach.com.mx\/wp-content\/uploads\/2025\/02\/pexels-shvetsa-3727463-18x12.jpg 18w, https:\/\/executivecoach.com.mx\/wp-content\/uploads\/2025\/02\/pexels-shvetsa-3727463-930x620.jpg 930w, https:\/\/executivecoach.com.mx\/wp-content\/uploads\/2025\/02\/pexels-shvetsa-3727463.jpg 1280w\" sizes=\"(max-width: 768px) 100vw, 768px\" \/>\t\t\t\t\t\t\t\t\t\t\t<figcaption class=\"widget-image-caption wp-caption-text\"><\/figcaption>\n\t\t\t\t\t\t\t\t\t\t<\/figure>\n\t\t\t\t\t\t\t\t\t<\/div>\n\t\t\t\t<\/div>\n\t\t\t\t<div class=\"elementor-element elementor-element-1022978c elementor-widget elementor-widget-text-editor\" data-id=\"1022978c\" data-element_type=\"widget\" data-e-type=\"widget\" data-widget_type=\"text-editor.default\">\n\t\t\t\t<div class=\"elementor-widget-container\">\n\t\t\t\t\t\t\t\t\t<p>Alcanzar metas puede parecer un desaf\u00edo, pero con las estrategias adecuadas, es posible convertir tus sue\u00f1os en realidad. Ya sea que busques crecer profesionalmente, mejorar tu salud o emprender un negocio, este art\u00edculo te guiar\u00e1 paso a paso para lograrlo.<\/p>\n\n<h2>\u00bfPor qu\u00e9 es importante establecer metas?<\/h2>\n<p>Establecer metas claras es el primer paso hacia el \u00e9xito. Las metas te dan direcci\u00f3n, motivaci\u00f3n y un sentido de prop\u00f3sito. Sin ellas, es f\u00e1cil perder el enfoque y caer en la procrastinaci\u00f3n.<\/p>\n\n<h3>Estrategias para alcanzar tus metas<\/h3>\n\n<h4>1. Define Metas SMART<\/h4>\n<p>Se recomienda que las metas sean <strong>Espec\u00edficas, Medibles, Alcanzables, Relevantes<\/strong> y con un <strong>Tiempo definido<\/strong>. Por ejemplo, en lugar de decir &#8220;quiero ahorrar dinero&#8221;, plant\u00e9ate &#8220;quiero ahorrar $50,000 en un a\u00f1o&#8221;.<\/p>\n\n<h4>2. Crea un Plan de Acci\u00f3n<\/h4>\n<p>Divide tu meta en pasos peque\u00f1os y alcanzables. Esto te permitir\u00e1 avanzar de manera constante y medir tu progreso.<\/p>\n\n<h4>3. Mant\u00e9n la Motivaci\u00f3n<\/h4>\n<p>La motivaci\u00f3n es clave para alcanzar tus metas. Celebra tus logros, visualiza el \u00e9xito y rod\u00e9ate de personas que te inspiren.<\/p>\n\n<h4>4. Aprende de los Obst\u00e1culos<\/h4>\n<p>Los desaf\u00edos son inevitables, pero tambi\u00e9n son oportunidades para aprender y crecer. Enf\u00f3cate en soluciones en lugar de problemas.<\/p>\n\n<p>Alcanzar tus metas es posible si tienes un plan claro, mantienes la motivaci\u00f3n y est\u00e1s dispuesto a aprender de los obst\u00e1culos. \u00a1Comienza hoy mismo a trabajar en tus sue\u00f1os!<\/p>\n\t\t\t\t\t\t\t\t<\/div>\n\t\t\t\t<\/div>\n\t\t\t\t<div class=\"elementor-element elementor-element-2b344aaa elementor-position-inline-end elementor-view-default elementor-mobile-position-block-start elementor-widget elementor-widget-icon-box\" data-id=\"2b344aaa\" data-element_type=\"widget\" data-e-type=\"widget\" data-widget_type=\"icon-box.default\">\n\t\t\t\t<div class=\"elementor-widget-container\">\n\t\t\t\t\t\t\t<div class=\"elementor-icon-box-wrapper\">\n\n\t\t\t\t\t\t<div class=\"elementor-icon-box-icon\">\n\t\t\t\t<a href=\"https:\/\/wa.me\/525619951639\" target=\"_blank\" class=\"elementor-icon\" tabindex=\"-1\" aria-label=\"Cont\u00e1ctame por Whatsapp\">\n\t\t\t\t<i aria-hidden=\"true\" class=\"fab fa-whatsapp\"><\/i>\t\t\t\t<\/a>\n\t\t\t<\/div>\n\t\t\t\n\t\t\t\t\t\t<div class=\"elementor-icon-box-content\">\n\n\t\t\t\t\t\t\t\t\t<h4 class=\"elementor-icon-box-title\">\n\t\t\t\t\t\t<a href=\"https:\/\/wa.me\/525619951639\" target=\"_blank\" >\n\t\t\t\t\t\t\tCont\u00e1ctame por Whatsapp\t\t\t\t\t\t<\/a>\n\t\t\t\t\t<\/h4>\n\t\t\t\t\n\t\t\t\t\n\t\t\t<\/div>\n\t\t\t\n\t\t<\/div>\n\t\t\t\t\t\t<\/div>\n\t\t\t\t<\/div>\n\t\t\t\t\t<\/div>\n\t\t<\/div>\n\t\t\t\t\t<\/div>\n\t\t<\/section>\n\t\t\t\t<\/div>","protected":false},"excerpt":{"rendered":"<p>C\u00f3mo alcanzar tus metas Alcanzar metas puede parecer un desaf\u00edo, pero con las estrategias adecuadas, es posible convertir tus sue\u00f1os en realidad. Ya sea que busques crecer profesionalmente, mejorar tu salud o emprender un negocio, este art\u00edculo te guiar\u00e1 paso a paso para lograrlo. \u00bfPor qu\u00e9 es importante establecer metas? Establecer metas claras es el&hellip;&nbsp;<a href=\"https:\/\/executivecoach.com.mx\/en\/coaching-ejecutivo-en-mexico-beneficios-y-casos-de-exito\/beneficios-del-coaching-empresarial-en-mexico-impulsa-el-exito-de-tu-negocio\/como-alcanzar-tus-metas-estrategias-comprobadas-para-el-exito\/\" rel=\"bookmark\">Read More &raquo;<span class=\"screen-reader-text\">C\u00f3mo Alcanzar tus Metas: Estrategias Comprobadas para el \u00c9xito<\/span><\/a><\/p>","protected":false},"author":3,"featured_media":0,"parent":2704,"menu_order":0,"comment_status":"closed","ping_status":"closed","template":"","meta":{"content-type":"","neve_meta_sidebar":"","neve_meta_container":"","neve_meta_enable_content_width":"","neve_meta_content_width":0,"neve_meta_title_alignment":"","neve_meta_author_avatar":"","neve_post_elements_order":"","neve_meta_disable_header":"","neve_meta_disable_footer":"","neve_meta_disable_title":"","footnotes":""},"class_list":["post-2713","page","type-page","status-publish","hentry"],"yoast_head":"<!-- This site is optimized with the Yoast SEO plugin v27.4 - https:\/\/yoast.com\/product\/yoast-seo-wordpress\/ -->\n<title>C\u00f3mo Alcanzar tus Metas: Estrategias Comprobadas para el \u00c9xito<\/title>\n<meta name=\"description\" content=\"Descubre c\u00f3mo alcanzar tus metas personales y profesionales con estrategias efectivas. Aprende a planificar, ejecutar y mantener la motivaci\u00f3n para lograr tus objetivos.\" \/>\n<meta name=\"robots\" content=\"index, follow, max-snippet:-1, max-image-preview:large, max-video-preview:-1\" \/>\n<link rel=\"canonical\" href=\"https:\/\/executivecoach.com.mx\/en\/coaching-ejecutivo-en-mexico-beneficios-y-casos-de-exito\/beneficios-del-coaching-empresarial-en-mexico-impulsa-el-exito-de-tu-negocio\/como-alcanzar-tus-metas-estrategias-comprobadas-para-el-exito\/\" \/>\n<meta property=\"og:locale\" content=\"en_US\" \/>\n<meta property=\"og:type\" content=\"article\" \/>\n<meta property=\"og:title\" content=\"C\u00f3mo Alcanzar tus Metas: Estrategias Comprobadas para el \u00c9xito\" \/>\n<meta property=\"og:description\" content=\"Descubre c\u00f3mo alcanzar tus metas personales y profesionales con estrategias efectivas. Aprende a planificar, ejecutar y mantener la motivaci\u00f3n para lograr tus objetivos.\" \/>\n<meta property=\"og:url\" content=\"https:\/\/executivecoach.com.mx\/en\/coaching-ejecutivo-en-mexico-beneficios-y-casos-de-exito\/beneficios-del-coaching-empresarial-en-mexico-impulsa-el-exito-de-tu-negocio\/como-alcanzar-tus-metas-estrategias-comprobadas-para-el-exito\/\" \/>\n<meta property=\"og:site_name\" content=\"Executive Coach\" \/>\n<meta property=\"article:modified_time\" content=\"2026-03-02T20:45:31+00:00\" \/>\n<meta property=\"og:image\" content=\"https:\/\/executivecoach.com.mx\/wp-content\/uploads\/2025\/02\/pexels-shvetsa-3727463.jpg\" \/>\n\t<meta property=\"og:image:width\" content=\"1280\" \/>\n\t<meta property=\"og:image:height\" content=\"853\" \/>\n\t<meta property=\"og:image:type\" content=\"image\/jpeg\" \/>\n<meta name=\"twitter:card\" content=\"summary_large_image\" \/>\n<meta name=\"twitter:label1\" content=\"Est. reading time\" \/>\n\t<meta name=\"twitter:data1\" content=\"2 minutes\" \/>\n<script type=\"application\/ld+json\" class=\"yoast-schema-graph\">{\"@context\":\"https:\\\/\\\/schema.org\",\"@graph\":[{\"@type\":\"WebPage\",\"@id\":\"https:\\\/\\\/executivecoach.com.mx\\\/coaching-ejecutivo-en-mexico-beneficios-y-casos-de-exito\\\/beneficios-del-coaching-empresarial-en-mexico-impulsa-el-exito-de-tu-negocio\\\/como-alcanzar-tus-metas-estrategias-comprobadas-para-el-exito\\\/\",\"url\":\"https:\\\/\\\/executivecoach.com.mx\\\/coaching-ejecutivo-en-mexico-beneficios-y-casos-de-exito\\\/beneficios-del-coaching-empresarial-en-mexico-impulsa-el-exito-de-tu-negocio\\\/como-alcanzar-tus-metas-estrategias-comprobadas-para-el-exito\\\/\",\"name\":\"C\u00f3mo Alcanzar tus Metas: Estrategias Comprobadas para el \u00c9xito\",\"isPartOf\":{\"@id\":\"https:\\\/\\\/executivecoach.com.mx\\\/en\\\/#website\"},\"primaryImageOfPage\":{\"@id\":\"https:\\\/\\\/executivecoach.com.mx\\\/coaching-ejecutivo-en-mexico-beneficios-y-casos-de-exito\\\/beneficios-del-coaching-empresarial-en-mexico-impulsa-el-exito-de-tu-negocio\\\/como-alcanzar-tus-metas-estrategias-comprobadas-para-el-exito\\\/#primaryimage\"},\"image\":{\"@id\":\"https:\\\/\\\/executivecoach.com.mx\\\/coaching-ejecutivo-en-mexico-beneficios-y-casos-de-exito\\\/beneficios-del-coaching-empresarial-en-mexico-impulsa-el-exito-de-tu-negocio\\\/como-alcanzar-tus-metas-estrategias-comprobadas-para-el-exito\\\/#primaryimage\"},\"thumbnailUrl\":\"https:\\\/\\\/executivecoach.com.mx\\\/wp-content\\\/uploads\\\/2025\\\/02\\\/pexels-shvetsa-3727463-768x512.jpg\",\"datePublished\":\"2026-02-20T23:58:13+00:00\",\"dateModified\":\"2026-03-02T20:45:31+00:00\",\"description\":\"Descubre c\u00f3mo alcanzar tus metas personales y profesionales con estrategias efectivas. Aprende a planificar, ejecutar y mantener la motivaci\u00f3n para lograr tus objetivos.\",\"breadcrumb\":{\"@id\":\"https:\\\/\\\/executivecoach.com.mx\\\/coaching-ejecutivo-en-mexico-beneficios-y-casos-de-exito\\\/beneficios-del-coaching-empresarial-en-mexico-impulsa-el-exito-de-tu-negocio\\\/como-alcanzar-tus-metas-estrategias-comprobadas-para-el-exito\\\/#breadcrumb\"},\"inLanguage\":\"en-US\",\"potentialAction\":[{\"@type\":\"ReadAction\",\"target\":[\"https:\\\/\\\/executivecoach.com.mx\\\/coaching-ejecutivo-en-mexico-beneficios-y-casos-de-exito\\\/beneficios-del-coaching-empresarial-en-mexico-impulsa-el-exito-de-tu-negocio\\\/como-alcanzar-tus-metas-estrategias-comprobadas-para-el-exito\\\/\"]}]},{\"@type\":\"ImageObject\",\"inLanguage\":\"en-US\",\"@id\":\"https:\\\/\\\/executivecoach.com.mx\\\/coaching-ejecutivo-en-mexico-beneficios-y-casos-de-exito\\\/beneficios-del-coaching-empresarial-en-mexico-impulsa-el-exito-de-tu-negocio\\\/como-alcanzar-tus-metas-estrategias-comprobadas-para-el-exito\\\/#primaryimage\",\"url\":\"https:\\\/\\\/executivecoach.com.mx\\\/wp-content\\\/uploads\\\/2025\\\/02\\\/pexels-shvetsa-3727463-768x512.jpg\",\"contentUrl\":\"https:\\\/\\\/executivecoach.com.mx\\\/wp-content\\\/uploads\\\/2025\\\/02\\\/pexels-shvetsa-3727463-768x512.jpg\"},{\"@type\":\"BreadcrumbList\",\"@id\":\"https:\\\/\\\/executivecoach.com.mx\\\/coaching-ejecutivo-en-mexico-beneficios-y-casos-de-exito\\\/beneficios-del-coaching-empresarial-en-mexico-impulsa-el-exito-de-tu-negocio\\\/como-alcanzar-tus-metas-estrategias-comprobadas-para-el-exito\\\/#breadcrumb\",\"itemListElement\":[{\"@type\":\"ListItem\",\"position\":1,\"name\":\"Portada\",\"item\":\"https:\\\/\\\/executivecoach.com.mx\\\/\"},{\"@type\":\"ListItem\",\"position\":2,\"name\":\"Coaching Ejecutivo en M\u00e9xico: Beneficios y casos de \u00e9xito\",\"item\":\"https:\\\/\\\/executivecoach.com.mx\\\/coaching-ejecutivo-en-mexico-beneficios-y-casos-de-exito\\\/\"},{\"@type\":\"ListItem\",\"position\":3,\"name\":\"Beneficios del Coaching Empresarial en M\u00e9xico: Impulsa el \u00c9xito de tu Negocio\",\"item\":\"https:\\\/\\\/executivecoach.com.mx\\\/coaching-ejecutivo-en-mexico-beneficios-y-casos-de-exito\\\/beneficios-del-coaching-empresarial-en-mexico-impulsa-el-exito-de-tu-negocio\\\/\"},{\"@type\":\"ListItem\",\"position\":4,\"name\":\"C\u00f3mo Alcanzar tus Metas: Estrategias Comprobadas para el \u00c9xito\"}]},{\"@type\":\"WebSite\",\"@id\":\"https:\\\/\\\/executivecoach.com.mx\\\/en\\\/#website\",\"url\":\"https:\\\/\\\/executivecoach.com.mx\\\/en\\\/\",\"name\":\"Executive Coach\",\"description\":\"Coach Ejecutivo\",\"publisher\":{\"@id\":\"https:\\\/\\\/executivecoach.com.mx\\\/en\\\/#\\\/schema\\\/person\\\/9cb67327ca9d964fca52b3b6c9ae3391\"},\"potentialAction\":[{\"@type\":\"SearchAction\",\"target\":{\"@type\":\"EntryPoint\",\"urlTemplate\":\"https:\\\/\\\/executivecoach.com.mx\\\/en\\\/?s={search_term_string}\"},\"query-input\":{\"@type\":\"PropertyValueSpecification\",\"valueRequired\":true,\"valueName\":\"search_term_string\"}}],\"inLanguage\":\"en-US\"},{\"@type\":[\"Person\",\"Organization\"],\"@id\":\"https:\\\/\\\/executivecoach.com.mx\\\/en\\\/#\\\/schema\\\/person\\\/9cb67327ca9d964fca52b3b6c9ae3391\",\"name\":\"Salvador Holgu\u00edn\",\"image\":{\"@type\":\"ImageObject\",\"inLanguage\":\"en-US\",\"@id\":\"https:\\\/\\\/executivecoach.com.mx\\\/wp-content\\\/uploads\\\/2022\\\/05\\\/cropped-LogoFinal.png\",\"url\":\"https:\\\/\\\/executivecoach.com.mx\\\/wp-content\\\/uploads\\\/2022\\\/05\\\/cropped-LogoFinal.png\",\"contentUrl\":\"https:\\\/\\\/executivecoach.com.mx\\\/wp-content\\\/uploads\\\/2022\\\/05\\\/cropped-LogoFinal.png\",\"width\":177,\"height\":43,\"caption\":\"Salvador Holgu\u00edn\"},\"logo\":{\"@id\":\"https:\\\/\\\/executivecoach.com.mx\\\/wp-content\\\/uploads\\\/2022\\\/05\\\/cropped-LogoFinal.png\"},\"description\":\"Salvador Holgu\u00edn es un Mental Fitness Coach para Ejecutivas (os) con una gran capacidad para conectar con sus clientes. Salvador, es graduado de Ingenier\u00eda Industrial por el Instituto Tecnol\u00f3gico de Chihuahua y cuenta con experiencias diversas en la industria automotriz, instituciones financieras, y compa\u00f1\u00edas de tecnolog\u00eda. A lo largo de su trayectoria profesional, ha tenido la oportunidad de trabajar en M\u00e9xico y varios otros mercados como Estados Unidos, Europa, y Sudam\u00e9rica. Y por d\u00e9cadas ha servido como ejecutivo de recursos humanos en una de las industrias m\u00e1s desafiantes, la automotriz. Hoy d\u00eda, Salvador est\u00e1 colaborando con varias empresas como socio estrat\u00e9gico y asesor de desarrollo de talento. De los principales intereses de Salvador siempre ha sido el identificar el talento en las personas y ayudarles a maximizar su potencial y contribuciones para la organizaci\u00f3n. En los \u00faltimos a\u00f1os ha lanzado un programa muy exitoso de Coaching para Ejecutivas y Ejecutivos con el objetivo de apoyar a sus clientes a alcanzar la mejor versi\u00f3n de s\u00ed mismos en el \u00e1mbito personal y\\\/o profesional. Salvador vive en M\u00e9xico desde principios del 2021 junto con su familia, es apasionado del futbol soccer y con gustos musicales muy ecl\u00e9cticos.\",\"sameAs\":[\"https:\\\/\\\/executivecoach.com.mx\\\/\",\"https:\\\/\\\/www.linkedin.com\\\/company\\\/holguin-executive-coaching-consulting\\\/\"]}]}<\/script>\n<!-- \/ Yoast SEO plugin. -->","yoast_head_json":{"title":"C\u00f3mo Alcanzar tus Metas: Estrategias Comprobadas para el \u00c9xito","description":"Descubre c\u00f3mo alcanzar tus metas personales y profesionales con estrategias efectivas. Aprende a planificar, ejecutar y mantener la motivaci\u00f3n para lograr tus objetivos.","robots":{"index":"index","follow":"follow","max-snippet":"max-snippet:-1","max-image-preview":"max-image-preview:large","max-video-preview":"max-video-preview:-1"},"canonical":"https:\/\/executivecoach.com.mx\/en\/coaching-ejecutivo-en-mexico-beneficios-y-casos-de-exito\/beneficios-del-coaching-empresarial-en-mexico-impulsa-el-exito-de-tu-negocio\/como-alcanzar-tus-metas-estrategias-comprobadas-para-el-exito\/","og_locale":"en_US","og_type":"article","og_title":"C\u00f3mo Alcanzar tus Metas: Estrategias Comprobadas para el \u00c9xito","og_description":"Descubre c\u00f3mo alcanzar tus metas personales y profesionales con estrategias efectivas. Aprende a planificar, ejecutar y mantener la motivaci\u00f3n para lograr tus objetivos.","og_url":"https:\/\/executivecoach.com.mx\/en\/coaching-ejecutivo-en-mexico-beneficios-y-casos-de-exito\/beneficios-del-coaching-empresarial-en-mexico-impulsa-el-exito-de-tu-negocio\/como-alcanzar-tus-metas-estrategias-comprobadas-para-el-exito\/","og_site_name":"Executive Coach","article_modified_time":"2026-03-02T20:45:31+00:00","og_image":[{"width":1280,"height":853,"url":"https:\/\/executivecoach.com.mx\/wp-content\/uploads\/2025\/02\/pexels-shvetsa-3727463.jpg","type":"image\/jpeg"}],"twitter_card":"summary_large_image","twitter_misc":{"Est. reading time":"2 minutes"},"schema":{"@context":"https:\/\/schema.org","@graph":[{"@type":"WebPage","@id":"https:\/\/executivecoach.com.mx\/coaching-ejecutivo-en-mexico-beneficios-y-casos-de-exito\/beneficios-del-coaching-empresarial-en-mexico-impulsa-el-exito-de-tu-negocio\/como-alcanzar-tus-metas-estrategias-comprobadas-para-el-exito\/","url":"https:\/\/executivecoach.com.mx\/coaching-ejecutivo-en-mexico-beneficios-y-casos-de-exito\/beneficios-del-coaching-empresarial-en-mexico-impulsa-el-exito-de-tu-negocio\/como-alcanzar-tus-metas-estrategias-comprobadas-para-el-exito\/","name":"C\u00f3mo Alcanzar tus Metas: Estrategias Comprobadas para el \u00c9xito","isPartOf":{"@id":"https:\/\/executivecoach.com.mx\/en\/#website"},"primaryImageOfPage":{"@id":"https:\/\/executivecoach.com.mx\/coaching-ejecutivo-en-mexico-beneficios-y-casos-de-exito\/beneficios-del-coaching-empresarial-en-mexico-impulsa-el-exito-de-tu-negocio\/como-alcanzar-tus-metas-estrategias-comprobadas-para-el-exito\/#primaryimage"},"image":{"@id":"https:\/\/executivecoach.com.mx\/coaching-ejecutivo-en-mexico-beneficios-y-casos-de-exito\/beneficios-del-coaching-empresarial-en-mexico-impulsa-el-exito-de-tu-negocio\/como-alcanzar-tus-metas-estrategias-comprobadas-para-el-exito\/#primaryimage"},"thumbnailUrl":"https:\/\/executivecoach.com.mx\/wp-content\/uploads\/2025\/02\/pexels-shvetsa-3727463-768x512.jpg","datePublished":"2026-02-20T23:58:13+00:00","dateModified":"2026-03-02T20:45:31+00:00","description":"Descubre c\u00f3mo alcanzar tus metas personales y profesionales con estrategias efectivas. Aprende a planificar, ejecutar y mantener la motivaci\u00f3n para lograr tus objetivos.","breadcrumb":{"@id":"https:\/\/executivecoach.com.mx\/coaching-ejecutivo-en-mexico-beneficios-y-casos-de-exito\/beneficios-del-coaching-empresarial-en-mexico-impulsa-el-exito-de-tu-negocio\/como-alcanzar-tus-metas-estrategias-comprobadas-para-el-exito\/#breadcrumb"},"inLanguage":"en-US","potentialAction":[{"@type":"ReadAction","target":["https:\/\/executivecoach.com.mx\/coaching-ejecutivo-en-mexico-beneficios-y-casos-de-exito\/beneficios-del-coaching-empresarial-en-mexico-impulsa-el-exito-de-tu-negocio\/como-alcanzar-tus-metas-estrategias-comprobadas-para-el-exito\/"]}]},{"@type":"ImageObject","inLanguage":"en-US","@id":"https:\/\/executivecoach.com.mx\/coaching-ejecutivo-en-mexico-beneficios-y-casos-de-exito\/beneficios-del-coaching-empresarial-en-mexico-impulsa-el-exito-de-tu-negocio\/como-alcanzar-tus-metas-estrategias-comprobadas-para-el-exito\/#primaryimage","url":"https:\/\/executivecoach.com.mx\/wp-content\/uploads\/2025\/02\/pexels-shvetsa-3727463-768x512.jpg","contentUrl":"https:\/\/executivecoach.com.mx\/wp-content\/uploads\/2025\/02\/pexels-shvetsa-3727463-768x512.jpg"},{"@type":"BreadcrumbList","@id":"https:\/\/executivecoach.com.mx\/coaching-ejecutivo-en-mexico-beneficios-y-casos-de-exito\/beneficios-del-coaching-empresarial-en-mexico-impulsa-el-exito-de-tu-negocio\/como-alcanzar-tus-metas-estrategias-comprobadas-para-el-exito\/#breadcrumb","itemListElement":[{"@type":"ListItem","position":1,"name":"Portada","item":"https:\/\/executivecoach.com.mx\/"},{"@type":"ListItem","position":2,"name":"Coaching Ejecutivo en M\u00e9xico: Beneficios y casos de \u00e9xito","item":"https:\/\/executivecoach.com.mx\/coaching-ejecutivo-en-mexico-beneficios-y-casos-de-exito\/"},{"@type":"ListItem","position":3,"name":"Beneficios del Coaching Empresarial en M\u00e9xico: Impulsa el \u00c9xito de tu Negocio","item":"https:\/\/executivecoach.com.mx\/coaching-ejecutivo-en-mexico-beneficios-y-casos-de-exito\/beneficios-del-coaching-empresarial-en-mexico-impulsa-el-exito-de-tu-negocio\/"},{"@type":"ListItem","position":4,"name":"C\u00f3mo Alcanzar tus Metas: Estrategias Comprobadas para el \u00c9xito"}]},{"@type":"WebSite","@id":"https:\/\/executivecoach.com.mx\/en\/#website","url":"https:\/\/executivecoach.com.mx\/en\/","name":"Executive Coach","description":"Coach Ejecutivo","publisher":{"@id":"https:\/\/executivecoach.com.mx\/en\/#\/schema\/person\/9cb67327ca9d964fca52b3b6c9ae3391"},"potentialAction":[{"@type":"SearchAction","target":{"@type":"EntryPoint","urlTemplate":"https:\/\/executivecoach.com.mx\/en\/?s={search_term_string}"},"query-input":{"@type":"PropertyValueSpecification","valueRequired":true,"valueName":"search_term_string"}}],"inLanguage":"en-US"},{"@type":["Person","Organization"],"@id":"https:\/\/executivecoach.com.mx\/en\/#\/schema\/person\/9cb67327ca9d964fca52b3b6c9ae3391","name":"Salvador Holgu\u00edn","image":{"@type":"ImageObject","inLanguage":"en-US","@id":"https:\/\/executivecoach.com.mx\/wp-content\/uploads\/2022\/05\/cropped-LogoFinal.png","url":"https:\/\/executivecoach.com.mx\/wp-content\/uploads\/2022\/05\/cropped-LogoFinal.png","contentUrl":"https:\/\/executivecoach.com.mx\/wp-content\/uploads\/2022\/05\/cropped-LogoFinal.png","width":177,"height":43,"caption":"Salvador Holgu\u00edn"},"logo":{"@id":"https:\/\/executivecoach.com.mx\/wp-content\/uploads\/2022\/05\/cropped-LogoFinal.png"},"description":"Salvador Holgu\u00edn es un Mental Fitness Coach para Ejecutivas (os) con una gran capacidad para conectar con sus clientes. Salvador, es graduado de Ingenier\u00eda Industrial por el Instituto Tecnol\u00f3gico de Chihuahua y cuenta con experiencias diversas en la industria automotriz, instituciones financieras, y compa\u00f1\u00edas de tecnolog\u00eda. A lo largo de su trayectoria profesional, ha tenido la oportunidad de trabajar en M\u00e9xico y varios otros mercados como Estados Unidos, Europa, y Sudam\u00e9rica. Y por d\u00e9cadas ha servido como ejecutivo de recursos humanos en una de las industrias m\u00e1s desafiantes, la automotriz. Hoy d\u00eda, Salvador est\u00e1 colaborando con varias empresas como socio estrat\u00e9gico y asesor de desarrollo de talento. De los principales intereses de Salvador siempre ha sido el identificar el talento en las personas y ayudarles a maximizar su potencial y contribuciones para la organizaci\u00f3n. En los \u00faltimos a\u00f1os ha lanzado un programa muy exitoso de Coaching para Ejecutivas y Ejecutivos con el objetivo de apoyar a sus clientes a alcanzar la mejor versi\u00f3n de s\u00ed mismos en el \u00e1mbito personal y\/o profesional. Salvador vive en M\u00e9xico desde principios del 2021 junto con su familia, es apasionado del futbol soccer y con gustos musicales muy ecl\u00e9cticos.","sameAs":["https:\/\/executivecoach.com.mx\/","https:\/\/www.linkedin.com\/company\/holguin-executive-coaching-consulting\/"]}]}},"_links":{"self":[{"href":"https:\/\/executivecoach.com.mx\/en\/wp-json\/wp\/v2\/pages\/2713","targetHints":{"allow":["GET"]}}],"collection":[{"href":"https:\/\/executivecoach.com.mx\/en\/wp-json\/wp\/v2\/pages"}],"about":[{"href":"https:\/\/executivecoach.com.mx\/en\/wp-json\/wp\/v2\/types\/page"}],"author":[{"embeddable":true,"href":"https:\/\/executivecoach.com.mx\/en\/wp-json\/wp\/v2\/users\/3"}],"replies":[{"embeddable":true,"href":"https:\/\/executivecoach.com.mx\/en\/wp-json\/wp\/v2\/comments?post=2713"}],"version-history":[{"count":1,"href":"https:\/\/executivecoach.com.mx\/en\/wp-json\/wp\/v2\/pages\/2713\/revisions"}],"predecessor-version":[{"id":3303,"href":"https:\/\/executivecoach.com.mx\/en\/wp-json\/wp\/v2\/pages\/2713\/revisions\/3303"}],"up":[{"embeddable":true,"href":"https:\/\/executivecoach.com.mx\/en\/wp-json\/wp\/v2\/pages\/2704"}],"wp:attachment":[{"href":"https:\/\/executivecoach.com.mx\/en\/wp-json\/wp\/v2\/media?parent=2713"}],"curies":[{"name":"wp","href":"https:\/\/api.w.org\/{rel}","templated":true}]}}